{"id":9,"date":"2014-10-23T11:51:05","date_gmt":"2014-10-23T11:51:05","guid":{"rendered":"http:\/\/algalia.com\/virada\/terceira\/?page_id=9"},"modified":"2018-06-25T09:09:52","modified_gmt":"2018-06-25T09:09:52","slug":"informacion","status":"publish","type":"page","link":"https:\/\/algalia.com\/virada\/terceira\/informacion\/","title":{"rendered":"Informaci\u00f3n"},"content":{"rendered":"<p><\/p>\n<h2>Dirixido a<\/h2>\n<p>O Programa\u00a0VIRADA vai dirixido a Equipos de direcci\u00f3n de Entidades de econom\u00eda social, co prop\u00f3sito de que estes desenvolvan as s\u00faas competencias de liderado, xesti\u00f3n e dinamizaci\u00f3n de equipos.<\/p>\n<ul>\n<li>O n\u00famero de prazas est\u00e1 limitado a un <strong>m\u00e1ximo de 5 entidades<\/strong>.<\/li>\n<li>Por cada\u00a0Entidade\u00a0poder\u00e1n participar un m\u00ednimo de 3 e un m\u00e1ximo de 7 persoas do Equipo de direcci\u00f3n.<\/li>\n<li>Algalia\u00a0res\u00e9rvase o dereito de suspender a edici\u00f3n do programa por raz\u00f3ns organizativas.<\/li>\n<\/ul>\n<h2>Duraci\u00f3n e compromisos<\/h2>\n<p>O Programa\u00a0VIRADA pretende promover unha intervenci\u00f3n con pegada e impacto na Entidade de econom\u00eda social, conxugando os momentos de reflexi\u00f3n e debate cos propios da xesti\u00f3n coti\u00e1. Combina diferentes espazos e metodolox\u00eda de aprendizaxe, xerando unha transformaci\u00f3n que posibilita a xesti\u00f3n do cambio.<\/p>\n<p>Abarca dous trimestres do curso escolar, e estrut\u00farase nesta edici\u00f3n dende <strong>outubro de 2018 ata abril de 2019<\/strong>.<\/p>\n<p>Os compromisos de traballo presencial que adquirir\u00e1n as Entidades de econom\u00eda social\u00a0participantes son os seguintes:<\/p>\n<ul>\n<li><strong>Obradoiros<\/strong>: formaci\u00f3n presencial compartida polas\u00a0 Entidades de econom\u00eda social\u00a0participantes.\n<ul>\n<li>4 obradoiros, de 8 horas de duraci\u00f3n cada un, a traballar en Vigo (ou outra localidade de Galicia, acordada por Algalia\u00a0cos participantes unha vez pechada a inscrici\u00f3n).<\/li>\n<\/ul>\n<\/li>\n<li><strong>Sesi\u00f3ns de Coaching de equipos<\/strong>: acompa\u00f1amento personalizado a todos e cada unha das entidades\u00a0participantes.\n<ul>\n<li>4 sesi\u00f3ns de Coaching de equipos, de 3 horas de duraci\u00f3n cada unha, a desenvolver en cada un das entidades\u00a0\u00a0 participantes no Programa.<\/li>\n<\/ul>\n<\/li>\n<\/ul>\n<h2>Itinerario formativo<\/h2>\n<p>O itinerario formativo a desenvolver no Programa\u00a0VIRADA \u00e9 o seguinte:<\/p>\n<p>&nbsp;<\/p>\n<table id=\"itinerario\">\n<tbody>\n<tr class=\"cabeza\">\n<td width=\"36\"><strong>\u00a0<\/strong><\/td>\n<td width=\"154\"><strong>Actividade<\/strong><\/td>\n<td width=\"154\"><strong>Participantes<\/strong><\/td>\n<td width=\"154\"><strong>Data e horario<\/strong><\/td>\n<td width=\"154\"><strong>Lugar<\/strong><\/td>\n<\/tr>\n<tr class=\"taller\">\n<td width=\"36\">1<\/td>\n<td style=\"text-align: left;\" width=\"154\">Primeiro Obradoiro<\/td>\n<td width=\"154\">Todas as Entidades de econom\u00eda social participantes<\/td>\n<td style=\"text-align: left;\" width=\"154\"><strong>25-10-2018\u00a0\u00a0\u00a0<\/strong>(8 horas)<\/td>\n<td style=\"text-align: left;\" width=\"154\">Vigo<\/td>\n<\/tr>\n<tr>\n<td width=\"36\">2<\/td>\n<td style=\"text-align: left;\" width=\"154\">Primeira sesi\u00f3n de Coaching de equipos<\/td>\n<td width=\"154\">Equipo de direcci\u00f3n de cada entidade<\/td>\n<td style=\"text-align: left;\" width=\"154\">Antes do vindeiro Obradoiro (3 horas)<\/td>\n<td style=\"text-align: left;\" width=\"154\">En cada entidade participante<\/td>\n<\/tr>\n<tr>\n<td width=\"36\">3<\/td>\n<td style=\"text-align: left;\" width=\"154\">Segundo obradoiro<\/td>\n<td width=\"154\">Todas as Entidades de econom\u00eda social participantes<\/td>\n<td width=\"154\"><strong>22-11-2018\u00a0\u00a0\u00a0<\/strong>(8 horas)<\/td>\n<td style=\"text-align: left;\" width=\"154\">Vigo<\/td>\n<\/tr>\n<tr class=\"taller\">\n<td width=\"36\"><\/td>\n<td style=\"text-align: center;\" width=\"154\"><strong>Nadal<\/strong><\/td>\n<td style=\"text-align: center;\" width=\"154\"><strong>Nadal<\/strong><\/td>\n<td style=\"text-align: center;\" width=\"154\"><strong>Nadal<\/strong><\/td>\n<td style=\"text-align: center;\" width=\"154\"><strong>Nadal<\/strong><\/td>\n<\/tr>\n<tr class=\"cabeza\">\n<td width=\"36\">4<\/td>\n<td style=\"text-align: left;\" width=\"154\">Segunda sesi\u00f3n de Coaching de equipos<\/td>\n<td style=\"text-align: left;\" width=\"154\">Equipo de direcci\u00f3n de cada entidade<\/td>\n<td style=\"text-align: left;\" width=\"154\">Antes do vindeiro Obradoiro (3 horas)<\/td>\n<td style=\"text-align: left;\" width=\"154\">En cada entidade participante<\/td>\n<\/tr>\n<tr class=\"taller\">\n<td width=\"36\">5<\/td>\n<td style=\"text-align: left;\" width=\"154\">Terceira sesi\u00f3n de Coaching de equipos<\/td>\n<td style=\"text-align: left;\" width=\"154\">Equipo de direcci\u00f3n de cada entidade<\/td>\n<td style=\"text-align: left;\" width=\"154\">Antes do vindeiro Obradoiro (3 horas)<\/td>\n<td style=\"text-align: left;\" width=\"154\">En cada entidade participante<\/td>\n<\/tr>\n<tr>\n<td width=\"36\">6<\/td>\n<td style=\"text-align: left;\" width=\"154\">Terceiro Obradoiro<\/td>\n<td style=\"text-align: left;\" width=\"154\">Todas as Entidades de econom\u00eda social participantes<\/td>\n<td style=\"text-align: left;\" width=\"154\"><strong>24-01-2018\u00a0\u00a0<\/strong>(8 horas)<\/td>\n<td style=\"text-align: left;\" width=\"154\">Vigo<\/td>\n<\/tr>\n<tr>\n<td width=\"36\">7<\/td>\n<td style=\"text-align: left;\" width=\"154\">Cuarta sesi\u00f3n de Coaching de equipos<\/td>\n<td width=\"154\">Equipo de direcci\u00f3n\u00a0de cada entidade<\/td>\n<td style=\"text-align: left;\" width=\"154\">Antes do vindeiro Obradoiro (3 horas)<\/td>\n<td style=\"text-align: left;\" width=\"154\">En cada entidade participante<\/td>\n<\/tr>\n<tr class=\"taller\">\n<td width=\"36\">8<\/td>\n<td style=\"text-align: left;\" width=\"154\">Cuarto Obradoiro<\/td>\n<td width=\"154\">Todas as Entidades de econom\u00eda social participantes<\/td>\n<td style=\"text-align: left;\" width=\"154\"><strong>21-02-2018\u00a0\u00a0<\/strong>(8 horas)<\/td>\n<td style=\"text-align: left;\" width=\"154\">Vigo<\/td>\n<\/tr>\n<\/tbody>\n<\/table>\n<p>&nbsp;<\/p>\n<p>Cada Entidade de econom\u00eda social marcar\u00e1 as datas das sesi\u00f3ns de Coaching de equipos en coordinaci\u00f3n cos Coachs de Algalia<\/p>\n<h2>Inscrici\u00f3n<\/h2>\n<p>O prazo de inscrici\u00f3n finaliza o\u00a0<strong>28 de setembro de 2018.<\/strong><\/p>\n<p>A inscrici\u00f3n real\u00edzase seguindo o seguinte procedemento e requisitos:<\/p>\n<ol>\n<li>Para proceder \u00e1 inscrici\u00f3n,\u00a0 a trav\u00e9s da p\u00e1xina <strong>web de Algalia, <\/strong>cubrir o <a href=\"http:\/\/algalia.com\/virada\/terceira\/wp-content\/uploads\/2018\/06\/VIRADA-III-Inscricion-v2-gall.pdf\" target=\"_blank\" rel=\"noopener\">formulario de inscrici\u00f3n<\/a> e enviar por correo electr\u00f3nico a <a href=\"mailto:algalia@algalia.com\" target=\"_blank\" rel=\"noopener\">algalia@algalia.com<\/a>.<\/li>\n<li>Entrevista presencial de membros do equipo do Programa coa ou coas persoas responsables do Equipo de direcci\u00f3n da Entidade de econom\u00eda social<\/li>\n<li>A inclusi\u00f3n no Programa, unha vez revisado que se cumpren os requisitos de admisi\u00f3n, establecerase por orde e inscrici\u00f3n.<\/li>\n<li>O n\u00famero de prazas \u00e9 dun\u00a0m\u00e1ximo de 5 Entidades de econom\u00eda social.<\/li>\n<li>Cada un destes poder\u00e1 aportar un m\u00e1ximo de 7 persoas e un m\u00ednimo de 3 por Equipo de direcci\u00f3n.<\/li>\n<li>Para optimizar os espazos de formaci\u00f3n en formato Obradoiro, as persoas participantes nos mesmos non superar\u00e1n o n\u00famero de 25.<\/li>\n<\/ol>\n<h2>Prezo<\/h2>\n<p>O <strong>prezo total por <\/strong>entidade entre 3 e 5 membros do Equipo de direcci\u00f3n, ser\u00e1 de 4.960 \u20ac. Nos casos de equipos cunha composici\u00f3n superior a 5 membros, isto supor\u00e1 un incremento do prezo, que se ter\u00e1 que estudar co coordinador do programa.<\/p>\n<p>Este prezo incl\u00fae, para todo o Equipo de direcci\u00f3n participante:<\/p>\n<ol>\n<li>32 horas de formaci\u00f3n presencial en formato Obradoiro.<\/li>\n<li>12 horas de Coaching de equipo na propia entidade.<\/li>\n<\/ol>\n<p>Este Programa pode ser bonificable pola <strong>Fundaci\u00f3n Estatal\u00a0para a Formaci\u00f3n no\u00a0Emprego.\u00a0<\/strong>O importe bonificable ser\u00e1 calculado especificamente para cada entidade durante o\u00a0\u00a0proceso de inscrici\u00f3n, e xestionado por Algalia.<\/p>","protected":false},"excerpt":{"rendered":"<p>Dirixido a O Programa\u00a0VIRADA vai dirixido a Equipos de direcci\u00f3n de Entidades de econom\u00eda social, co prop\u00f3sito de que estes desenvolvan as s\u00faas competencias de liderado, xesti\u00f3n e dinamizaci\u00f3n de equipos. O n\u00famero de prazas est\u00e1 limitado a un m\u00e1ximo de 5 entidades. Por cada\u00a0Entidade\u00a0poder\u00e1n participar un m\u00ednimo de 3 e un m\u00e1ximo de 7 [&hellip;]<\/p>\n","protected":false},"author":1,"featured_media":0,"parent":0,"menu_order":0,"comment_status":"closed","ping_status":"open","template":"","meta":[],"_links":{"self":[{"href":"https:\/\/algalia.com\/virada\/terceira\/wp-json\/wp\/v2\/pages\/9"}],"collection":[{"href":"https:\/\/algalia.com\/virada\/terceira\/wp-json\/wp\/v2\/pages"}],"about":[{"href":"https:\/\/algalia.com\/virada\/terceira\/wp-json\/wp\/v2\/types\/page"}],"author":[{"embeddable":true,"href":"https:\/\/algalia.com\/virada\/terceira\/wp-json\/wp\/v2\/users\/1"}],"replies":[{"embeddable":true,"href":"https:\/\/algalia.com\/virada\/terceira\/wp-json\/wp\/v2\/comments?post=9"}],"version-history":[{"count":87,"href":"https:\/\/algalia.com\/virada\/terceira\/wp-json\/wp\/v2\/pages\/9\/revisions"}],"predecessor-version":[{"id":262,"href":"https:\/\/algalia.com\/virada\/terceira\/wp-json\/wp\/v2\/pages\/9\/revisions\/262"}],"wp:attachment":[{"href":"https:\/\/algalia.com\/virada\/terceira\/wp-json\/wp\/v2\/media?parent=9"}],"curies":[{"name":"wp","href":"https:\/\/api.w.org\/{rel}","templated":true}]}}