{"id":13,"date":"2014-10-23T11:52:16","date_gmt":"2014-10-23T11:52:16","guid":{"rendered":"http:\/\/algalia.com\/virada\/terceira\/?page_id=13"},"modified":"2016-04-29T08:59:08","modified_gmt":"2016-04-29T08:59:08","slug":"metodologia","status":"publish","type":"page","link":"https:\/\/algalia.com\/virada\/terceira\/metodologia\/","title":{"rendered":"Metodolox\u00eda"},"content":{"rendered":"<p>Para afianzar a aprendizaxe, garantir a adquisici\u00f3n de competencias e a transferibilidade ao posto de traballo diario de cada persoa en cada Entidade de econom\u00eda social, o Programa\u00a0VIRADA basease nos seguintes <strong>principios<\/strong>:<\/p>\n<p><strong>Primeiro principio<\/strong><\/p>\n<p>Ten como centro as persoas dos Equipos de direcci\u00f3n, e ofrece dende o reco\u00f1ecemento e o respecto, unha bater\u00eda de ferramentas que cada equipo moldea, axusta, prioriza e desenvolve.<\/p>\n<p><strong>Segundo principio<\/strong><\/p>\n<p>Pide compromiso \u00e1s persoas que participan nel, incide na realidade concreta da entidade\u00a0e ten como obxectivo a mellora e o cambio.<\/p>\n<p><strong>Terceiro principio<\/strong><\/p>\n<p>Prop\u00f3n actividades, contidos e din\u00e1micas activas que inciden na capacidade de pensar, crear e propor das persoas, nas que dende o seu punto de vista e partida, medran, maduran, evolucionan e integran as aprendizaxes, xerando unha aprendizaxe significativa que favorece o cambio.<\/p>\n<p><strong>Cuarto principio<\/strong><\/p>\n<p>Traballa para o procom\u00fan do sector da econom\u00eda social, tomando como punto de partida e clave do proceso a creaci\u00f3n de v\u00ednculos, a aprendizaxe colaborativa e o intercambio de recursos.<\/p>\n<p><strong>Quinto principio<\/strong><\/p>\n<p>Ten un soporte vital no encontro presencial, onde desde claves de participaci\u00f3n e creaci\u00f3n conxunta, desenv\u00f3lvense procesos de escoita, desafogo, creaci\u00f3n de criterios e achegas de melloras.<\/p>\n<p>Estes procesos son xeradores de aprendizaxe, contraste, crecemento, encontro, comunidade e rede.<\/p>","protected":false},"excerpt":{"rendered":"<p>Para afianzar a aprendizaxe, garantir a adquisici\u00f3n de competencias e a transferibilidade ao posto de traballo diario de cada persoa en cada Entidade de econom\u00eda social, o Programa\u00a0VIRADA basease nos seguintes principios: Primeiro principio Ten como centro as persoas dos Equipos de direcci\u00f3n, e ofrece dende o reco\u00f1ecemento e o respecto, unha bater\u00eda de ferramentas [&hellip;]<\/p>\n","protected":false},"author":1,"featured_media":0,"parent":0,"menu_order":0,"comment_status":"closed","ping_status":"open","template":"","meta":[],"_links":{"self":[{"href":"https:\/\/algalia.com\/virada\/terceira\/wp-json\/wp\/v2\/pages\/13"}],"collection":[{"href":"https:\/\/algalia.com\/virada\/terceira\/wp-json\/wp\/v2\/pages"}],"about":[{"href":"https:\/\/algalia.com\/virada\/terceira\/wp-json\/wp\/v2\/types\/page"}],"author":[{"embeddable":true,"href":"https:\/\/algalia.com\/virada\/terceira\/wp-json\/wp\/v2\/users\/1"}],"replies":[{"embeddable":true,"href":"https:\/\/algalia.com\/virada\/terceira\/wp-json\/wp\/v2\/comments?post=13"}],"version-history":[{"count":10,"href":"https:\/\/algalia.com\/virada\/terceira\/wp-json\/wp\/v2\/pages\/13\/revisions"}],"predecessor-version":[{"id":160,"href":"https:\/\/algalia.com\/virada\/terceira\/wp-json\/wp\/v2\/pages\/13\/revisions\/160"}],"wp:attachment":[{"href":"https:\/\/algalia.com\/virada\/terceira\/wp-json\/wp\/v2\/media?parent=13"}],"curies":[{"name":"wp","href":"https:\/\/api.w.org\/{rel}","templated":true}]}}