{"id":9,"date":"2014-10-23T11:51:05","date_gmt":"2014-10-23T11:51:05","guid":{"rendered":"http:\/\/algalia.com\/virada\/liderado\/?page_id=9"},"modified":"2019-10-24T10:12:09","modified_gmt":"2019-10-24T08:12:09","slug":"informacion","status":"publish","type":"page","link":"https:\/\/algalia.com\/virada\/liderado\/informacion\/","title":{"rendered":"Desenvolvemento"},"content":{"rendered":"<p><\/p>\n<h2>Duraci\u00f3n<\/h2>\n<ul>\n<li>Inicio: 7 de febreiro de 2020.<\/li>\n<li>Finalizaci\u00f3n: 13 de xu\u00f1o de 2020.<\/li>\n<\/ul>\n<h2>Compromisos<\/h2>\n<p><strong>Encontros presenciales outdoor<\/strong><\/p>\n<p>Lugar de celebraci\u00f3n:<\/p>\n<ul>\n<li><a href=\"http:\/\/www.caldaria.es\/arnoia\/\" target=\"_blank\" rel=\"noopener noreferrer\"><strong>Hotel Balneario\u00a0Arnoia Caldaria<\/strong><\/a> (Arnoia, Ourense).<\/li>\n<\/ul>\n<p>Horario:<\/p>\n<ul>\n<li>Venres: de 10.00 a 20.00 horas.<\/li>\n<li>S\u00e1bado: de 09.00 a 18.00 horas.<\/li>\n<\/ul>\n<p>Datas:<\/p>\n<ul>\n<li>Primeira sesi\u00f3n: venres 7 e s\u00e1bado 8 de febreiro de 2020.<\/li>\n<li>Segunda sesi\u00f3n: venres 3 e s\u00e1bado 4 de abril de 2020.<\/li>\n<li>Terceira sesi\u00f3n: venres 12 e s\u00e1bado 13 de xu\u00f1o de 2020.<\/li>\n<\/ul>\n<p><strong>Obradoiros\u00a0sobre temas de \u00a0liderado<\/strong><\/p>\n<p>Lugar de celebraci\u00f3n:<\/p>\n<ul>\n<li>Vigo ou Santiago de Compostela (pendiente de concretar), dependendo da inscrici\u00f3n.<\/li>\n<\/ul>\n<p>Datas e\u00a0horarios:<\/p>\n<ul>\n<li>Primeiro obradoiro: m\u00e9rcores 11 de marzo de 2020, de 10.00 a 14.00 e de 15:30 a 19:30 horas.<\/li>\n<li>Segundo obradoiro: m\u00e9rcores 29 de abril de 2020, de 10.00 a 14.00 horas.<\/li>\n<li>Terceiro obradoiro: m\u00e9rcores 20 de maio de 2020, de 10.00 a 14.00 horas.<\/li>\n<\/ul>\n<p><strong>Coaching personal<\/strong><\/p>\n<p>Lugar de celebraci\u00f3n:<\/p>\n<ul>\n<li>Presencial en lugar a convir.<\/li>\n<\/ul>\n<p>Horario:<\/p>\n<ul>\n<li>2 horas por sesi\u00f3n, a acordar entre o coach e\u00a0\u00a0cliente.<\/li>\n<\/ul>\n<p>Datas:<\/p>\n<p>Realizaranse tres sesi\u00f3ns. As datas ser\u00e1n flexibles, dependendo da dispo\u00f1ibilidade de coachs e clientes. Como recomendaci\u00f3n, marcamos os seguintes fitos no calendario:<\/p>\n<ul>\n<li>Primeira sesi\u00f3n: entre o 10 de febreiro de 2020 (despois do primeiro outdoor) e o 10 de marzo de 2020 (antes do primeiro obradoiro)<\/li>\n<li>Segunda sesi\u00f3n: entre o 12 de marzo de 2020 (despois do primeiro obradoiro) e o 28 de abril de 2020 (antes do segundo obradoiro).<\/li>\n<li>Terceira sesi\u00f3n: entre o 30 de abril de 2020\u00a0 (despois do segundo obradoiro) e o 11 de xu\u00f1o de 2020 (antes do terceiro outdoor).<\/li>\n<\/ul>\n<p><strong>Proxecto de mellora organizacional<\/strong><\/p>\n<p>Lugar de celebraci\u00f3n:<\/p>\n<ul>\n<li>Vigo ou Santiago de Compostela (pendiente de concretar), dependendo da inscrici\u00f3n.<\/li>\n<\/ul>\n<p>Datas e horario:<\/p>\n<p>Realizaranse dous titor\u00edas grupais nas tardes dos dous \u00faltimos Obradoiros de contido sobre liderado.<\/p>\n<ul>\n<li>Primeira titor\u00eda: m\u00e9rcores 29 deabril de 2020, de 15.30 a 19.30.<\/li>\n<li>Segunda titor\u00eda: m\u00e9rcores 20 de maio de 2020, de 15.30 a 19.30.<\/li>\n<\/ul>\n<h2>Itinerario formativo<\/h2>\n<p><img decoding=\"async\" loading=\"lazy\" class=\"alignnone wp-image-450\" src=\"http:\/\/algalia.com\/virada\/liderado\/wp-content\/uploads\/2019\/10\/VL20-Calendario-GALL-989x1024.jpg\" alt=\"\" width=\"500\" height=\"518\" srcset=\"https:\/\/algalia.com\/virada\/liderado\/wp-content\/uploads\/2019\/10\/VL20-Calendario-GALL-989x1024.jpg 989w, https:\/\/algalia.com\/virada\/liderado\/wp-content\/uploads\/2019\/10\/VL20-Calendario-GALL-290x300.jpg 290w, https:\/\/algalia.com\/virada\/liderado\/wp-content\/uploads\/2019\/10\/VL20-Calendario-GALL-768x795.jpg 768w, https:\/\/algalia.com\/virada\/liderado\/wp-content\/uploads\/2019\/10\/VL20-Calendario-GALL.jpg 1129w\" sizes=\"(max-width: 500px) 100vw, 500px\" \/><\/p>\n<p>&nbsp;<\/p>","protected":false},"excerpt":{"rendered":"<p>Duraci\u00f3n Inicio: 7 de febreiro de 2020. Finalizaci\u00f3n: 13 de xu\u00f1o de 2020. Compromisos Encontros presenciales outdoor Lugar de celebraci\u00f3n: Hotel Balneario\u00a0Arnoia Caldaria (Arnoia, Ourense). Horario: Venres: de 10.00 a 20.00 horas. S\u00e1bado: de 09.00 a 18.00 horas. Datas: Primeira sesi\u00f3n: venres 7 e s\u00e1bado 8 de febreiro de 2020. Segunda sesi\u00f3n: venres 3 e [&hellip;]<\/p>\n","protected":false},"author":1,"featured_media":0,"parent":0,"menu_order":0,"comment_status":"closed","ping_status":"open","template":"","meta":[],"_links":{"self":[{"href":"https:\/\/algalia.com\/virada\/liderado\/wp-json\/wp\/v2\/pages\/9"}],"collection":[{"href":"https:\/\/algalia.com\/virada\/liderado\/wp-json\/wp\/v2\/pages"}],"about":[{"href":"https:\/\/algalia.com\/virada\/liderado\/wp-json\/wp\/v2\/types\/page"}],"author":[{"embeddable":true,"href":"https:\/\/algalia.com\/virada\/liderado\/wp-json\/wp\/v2\/users\/1"}],"replies":[{"embeddable":true,"href":"https:\/\/algalia.com\/virada\/liderado\/wp-json\/wp\/v2\/comments?post=9"}],"version-history":[{"count":116,"href":"https:\/\/algalia.com\/virada\/liderado\/wp-json\/wp\/v2\/pages\/9\/revisions"}],"predecessor-version":[{"id":481,"href":"https:\/\/algalia.com\/virada\/liderado\/wp-json\/wp\/v2\/pages\/9\/revisions\/481"}],"wp:attachment":[{"href":"https:\/\/algalia.com\/virada\/liderado\/wp-json\/wp\/v2\/media?parent=9"}],"curies":[{"name":"wp","href":"https:\/\/api.w.org\/{rel}","templated":true}]}}