{"id":7,"date":"2014-10-23T11:50:55","date_gmt":"2014-10-23T11:50:55","guid":{"rendered":"http:\/\/algalia.com\/virada\/liderado\/?page_id=7"},"modified":"2019-10-24T11:35:47","modified_gmt":"2019-10-24T09:35:47","slug":"presentacion","status":"publish","type":"page","link":"https:\/\/algalia.com\/virada\/liderado\/presentacion\/","title":{"rendered":"Presentaci\u00f3n"},"content":{"rendered":"<p>&nbsp;<\/p>\r\n<h2>A quen vai dirixido VIRADA LIDERADO e que pretendemos?<\/h2>\r\n<p>A persoas con responsabilidades, presentes ou futuras, de direcci\u00f3n, xerencia ou coordinaci\u00f3n de equipos entidades de econom\u00eda social, organizaci\u00f3ns non lucrativas ou empresas que quieran desarrollar competencias estrat\u00e9gicas, interpersonales que las capaciten para el ejercicio de un liderazgo m\u00e1s efectivo.<\/p>\r\n<h2>Cal \u00e9 a traxectoria do Programa?<\/h2>\r\n<p>Esta que presentamos \u00e9 a <strong>IV Edici\u00f3n do Programa<\/strong>. Na III Edici\u00f3n, que se desenvolveu no ano 2019, participaron 12 persoas pertencentes a 9 entidades distintas.<\/p>\r\n<p>VIRADA LIDERADO \u00e9 herdeiro e continuaci\u00f3n en Galicia do Programa<strong> <a href=\"http:\/\/www.fundacionede.org\/bidera\/\" target=\"_blank\" rel=\"noopener noreferrer\">BIDERA, Liderado e emprendizaxe social <\/a><\/strong>desenvolvido pola <strong><a href=\"http:\/\/fundacionede.org\/\" target=\"_blank\" rel=\"noopener noreferrer\">Fundaci\u00f3n EDE<\/a><\/strong> en Euskadi desde o ano 2009, e que no ano 2018 tivo a s\u00faa XI edici\u00f3n.<\/p>\r\n<p>Tanto VIRADA LIDERADO, como BIDERA, forman parte dun itinerario formativo que se desenvolve en coordinaci\u00f3n coa Universidade de Mondrag\u00f3n (<strong><a href=\"https:\/\/www.mondragon.edu\/cursos\/es\/tematicas\/liderazgo-gestion-personas\" target=\"_blank\" rel=\"noopener noreferrer\">Mondrag\u00f3n Unibertsitatea<\/a><\/strong>) e que culmina cun Master en coaching de persoas e equipos.<\/p>\r\n<ul>\r\n<li>Programa BIDERA, Liderado e emprendizaxe social. <strong><a href=\"http:\/\/algalia.com\/virada\/liderado\/wp-content\/uploads\/2017\/11\/2018-BIDERA-Programa-de-liderazgo.pdf\" target=\"_blank\" rel=\"noopener noreferrer\">Edici\u00f3n 2018<\/a><\/strong>.<\/li>\r\n<li>Programa BIDERA e MONDRAG\u00d3N UNIBERTSITATEA, Curso de profundizaci\u00f3n en liderado.\u00a0<strong><a href=\"http:\/\/algalia.com\/virada\/liderado\/wp-content\/uploads\/2016\/10\/2015-BIDERA-MONDRAG\u00d3N-Curso-de-profundiaci\u00f3n-en-liderazgo.pdf\" target=\"_blank\" rel=\"noopener noreferrer\">Edici\u00f3n 2015<\/a><\/strong>.<\/li>\r\n<li>MONDRAG\u00d3N UNIBERTSITATEA, Master en coaching de persoas e equipos. <a href=\"http:\/\/algalia.com\/virada\/liderado\/wp-content\/uploads\/2019\/10\/MASTER-EN-COACHING2.pdf\" target=\"_blank\" rel=\"noopener noreferrer\"><strong>Edici\u00f3n 2019<\/strong><\/a>.<\/li>\r\n<\/ul>\r\n<p>Para m\u00e1is informaci\u00f3n sobre como continuar o itinerario de formaci\u00f3n, contactar co responsable do Programa VIRADA LIDERADO, David Pereiro (687 879 414 ou <a href=\"mailto:david.pereiro@algalia.com\" target=\"_blank\" rel=\"noopener noreferrer\">david.pereiro@algalia.com<\/a>)<\/p>\r\n\r\n<p>&nbsp;<\/p>","protected":false},"excerpt":{"rendered":"<p>&nbsp; A quen vai dirixido VIRADA LIDERADO e que pretendemos? A persoas con responsabilidades, presentes ou futuras, de direcci\u00f3n, xerencia ou coordinaci\u00f3n de equipos entidades de econom\u00eda social, organizaci\u00f3ns non lucrativas ou empresas que quieran desarrollar competencias estrat\u00e9gicas, interpersonales que las capaciten para el ejercicio de un liderazgo m\u00e1s efectivo. Cal \u00e9 a traxectoria do [&hellip;]<\/p>\n","protected":false},"author":1,"featured_media":0,"parent":0,"menu_order":0,"comment_status":"closed","ping_status":"open","template":"","meta":[],"_links":{"self":[{"href":"https:\/\/algalia.com\/virada\/liderado\/wp-json\/wp\/v2\/pages\/7"}],"collection":[{"href":"https:\/\/algalia.com\/virada\/liderado\/wp-json\/wp\/v2\/pages"}],"about":[{"href":"https:\/\/algalia.com\/virada\/liderado\/wp-json\/wp\/v2\/types\/page"}],"author":[{"embeddable":true,"href":"https:\/\/algalia.com\/virada\/liderado\/wp-json\/wp\/v2\/users\/1"}],"replies":[{"embeddable":true,"href":"https:\/\/algalia.com\/virada\/liderado\/wp-json\/wp\/v2\/comments?post=7"}],"version-history":[{"count":73,"href":"https:\/\/algalia.com\/virada\/liderado\/wp-json\/wp\/v2\/pages\/7\/revisions"}],"predecessor-version":[{"id":493,"href":"https:\/\/algalia.com\/virada\/liderado\/wp-json\/wp\/v2\/pages\/7\/revisions\/493"}],"wp:attachment":[{"href":"https:\/\/algalia.com\/virada\/liderado\/wp-json\/wp\/v2\/media?parent=7"}],"curies":[{"name":"wp","href":"https:\/\/api.w.org\/{rel}","templated":true}]}}