{"id":228,"date":"2016-10-05T14:04:39","date_gmt":"2016-10-05T12:04:39","guid":{"rendered":"http:\/\/algalia.com\/virada\/liderado\/?page_id=228"},"modified":"2019-10-24T10:46:00","modified_gmt":"2019-10-24T08:46:00","slug":"prezo-e-inscricion","status":"publish","type":"page","link":"https:\/\/algalia.com\/virada\/liderado\/prezo-e-inscricion\/","title":{"rendered":"Prezo e inscrici\u00f3n"},"content":{"rendered":"<p><\/p>\n<h2>Prezo<\/h2>\n<p>Total do programa: 2050 \u20ac.<\/p>\n<p><strong>Incl\u00fae<\/strong><\/p>\n<ul>\n<li>64 horas de docencia presencial (48 en Encontros presenciais outdoor e 12 en Obradorios de contido sobre liderado).<\/li>\n<li>6 horas de Coaching persoal.<\/li>\n<li>8\u00a0horas de acompa\u00f1amento grupal para o Proxecto de mellora organizacional.<\/li>\n<li>Aloxamento e comidas no lugar de celebraci\u00f3n dos Encontros presenciais outdoor.<\/li>\n<li>Xesti\u00f3ns para a bonificaci\u00f3n ante a FTFE.<\/li>\n<\/ul>\n<p><strong>Descontos<\/strong><\/p>\n<ul>\n<li>Este programa \u00e9 bonificable pola Fundaci\u00f3n Tripartita para a Formaci\u00f3n e o Emprego. O importe bonificable ser\u00e1 calculado especificamente para cada participante durante o proceso de inscrici\u00f3n.<\/li>\n<li>Os clientes de Algalia ter\u00e1n un desconto do 5 %. A segunda persoa da mesma entidade ter\u00e1 un desconto do 5 %. Os descontos non son acumulables.<\/li>\n<li>Os pagos poden ser fraccionados: o 50% ao inicio (antes do 24 de xaneiro de 2020) e o 50% restante antes do 19 de maio de 2020.<\/li>\n<\/ul>\n<h2>Inscrici\u00f3n<\/h2>\n<p><strong>Prazo<\/strong><\/p>\n<ul>\n<li>Antes das 08.00 horas do venres\u00a0\u00a024 de xaneiro de 2020.<\/li>\n<\/ul>\n<p><strong>Requisitos<\/strong><\/p>\n<ul>\n<li>Persoas con responsabilidades, presentes ou futuras, de direcci\u00f3n, xerencia ou coordinaci\u00f3n de equipos en entidades de econom\u00eda social ou empresas.<\/li>\n<li>Non poder\u00e1n participar m\u00e1is de d\u00faas persoas da mesma entidades ou empresa, salvo excepci\u00f3ns que se estudar\u00e1n en particular.<\/li>\n<\/ul>\n<p><strong>N\u00famero de prazas<\/strong><\/p>\n<ul>\n<li>O n\u00famero de prazas est\u00e1 limitado a un m\u00e1ximo de 25.<\/li>\n<li>Algalia res\u00e9rvase o dereito de suspender a edici\u00f3n do programa no caso de que non haxa un n\u00famero de inscritos suficiente.<\/li>\n<\/ul>\n<p><strong>Criterio de selecci\u00f3n<\/strong><\/p>\n<ul>\n<li>Valorarase a adecuaci\u00f3n dos contidos do curso ao perfil profesional presente ou futuro da persoa candidata.<\/li>\n<li>Terase en conta o n\u00famero de participantes dunha mesma empresa ou organizaci\u00f3n non lucrativa, as\u00ed como a orde de inscrici\u00f3n.<\/li>\n<li>Terase en conta a orde de inscrici\u00f3n.<\/li>\n<li>Unha vez realizada a inscrici\u00f3n, o responsable do Programa VIRADA LIDERADO, David Pereiro (687 879 414 o\u00a0<a href=\"mailto:david@algalia.com\" target=\"_blank\" rel=\"noopener noreferrer\">david.pereiro@algalia.com<\/a>) manter\u00e1 unha entrevista persoal coa persoa candidata.<\/li>\n<\/ul>\n<h4><strong>Para inscribirche <a href=\"https:\/\/algalia.com\/gl\/curso\/programa-virada-liderado-iv-edicion\/#inscripcion\" target=\"_blank\" rel=\"noopener noreferrer\">pica aqu\u00ed<\/a><\/strong><\/h4>\n<p><\/p>","protected":false},"excerpt":{"rendered":"<p>Prezo Total do programa: 2050 \u20ac. Incl\u00fae 64 horas de docencia presencial (48 en Encontros presenciais outdoor e 12 en Obradorios de contido sobre liderado). 6 horas de Coaching persoal. 8\u00a0horas de acompa\u00f1amento grupal para o Proxecto de mellora organizacional. Aloxamento e comidas no lugar de celebraci\u00f3n dos Encontros presenciais outdoor. Xesti\u00f3ns para a bonificaci\u00f3n [&hellip;]<\/p>\n","protected":false},"author":1,"featured_media":0,"parent":0,"menu_order":0,"comment_status":"closed","ping_status":"closed","template":"","meta":[],"_links":{"self":[{"href":"https:\/\/algalia.com\/virada\/liderado\/wp-json\/wp\/v2\/pages\/228"}],"collection":[{"href":"https:\/\/algalia.com\/virada\/liderado\/wp-json\/wp\/v2\/pages"}],"about":[{"href":"https:\/\/algalia.com\/virada\/liderado\/wp-json\/wp\/v2\/types\/page"}],"author":[{"embeddable":true,"href":"https:\/\/algalia.com\/virada\/liderado\/wp-json\/wp\/v2\/users\/1"}],"replies":[{"embeddable":true,"href":"https:\/\/algalia.com\/virada\/liderado\/wp-json\/wp\/v2\/comments?post=228"}],"version-history":[{"count":36,"href":"https:\/\/algalia.com\/virada\/liderado\/wp-json\/wp\/v2\/pages\/228\/revisions"}],"predecessor-version":[{"id":491,"href":"https:\/\/algalia.com\/virada\/liderado\/wp-json\/wp\/v2\/pages\/228\/revisions\/491"}],"wp:attachment":[{"href":"https:\/\/algalia.com\/virada\/liderado\/wp-json\/wp\/v2\/media?parent=228"}],"curies":[{"name":"wp","href":"https:\/\/api.w.org\/{rel}","templated":true}]}}