{"id":11,"date":"2014-10-23T11:51:15","date_gmt":"2014-10-23T11:51:15","guid":{"rendered":"http:\/\/algalia.com\/virada\/liderado\/?page_id=11"},"modified":"2016-10-05T12:36:36","modified_gmt":"2016-10-05T10:36:36","slug":"objetivos","status":"publish","type":"page","link":"https:\/\/algalia.com\/virada\/liderado\/objetivos\/","title":{"rendered":"Obxectivos"},"content":{"rendered":"<p>Contribu\u00edr a que persoas con responsabilidades, presentes ou futuras, directivas ou de coordinaci\u00f3n de equipos de traballo adquiran competencias estrat\u00e9xicas, interpersoais e persoais que as capaciten para o exercicio dun liderado m\u00e1is efectivo.<\/p>\n<p>As competencias a adquirir durante o proceso son de tipo <strong>estrat\u00e9xico<\/strong>, <strong>interpersoal<\/strong> e <strong>persoal<\/strong>.<\/p>\n<h2>Competencias estrat\u00e9xicas<\/h2>\n<p><strong>Direcci\u00f3n estrat\u00e9xica<\/strong><br \/>\nCapacidade para identificar os puntos fortes e d\u00e9biles da organizaci\u00f3n, anticiparse \u00e1s tendencias da contorna e xerar novas li\u00f1as de traballo, servizos, proxectos, etc.<\/p>\n<p><strong>Orientaci\u00f3n ao cliente<\/strong><br \/>\nCapacidade para atender adecuadamente as necesidades do cliente, creando e consolidando unha relaci\u00f3n de valor para ambas partes.<\/p>\n<p><strong>Rede de relaci\u00f3ns<\/strong><br \/>\nCapacidade para crear e fortalecer unha rede de contactos con persoas crave e axentes que facilitan o bo funcionamento da organizaci\u00f3n.<\/p>\n<p><strong>Negociaci\u00f3n<\/strong><br \/>\nCapacidade para chegar a acordos satisfactorios para todas as partes implicadas no proceso, xerando o maior valor engadido posible.<\/p>\n<h2>Competencias interpersoais<\/h2>\n<p><strong>Direcci\u00f3n de equipos<\/strong><br \/>\nCapacidade para xerar e fomentar un ambiente de cohesi\u00f3n e colaboraci\u00f3n entre todos os membros do equipo, orientado \u00e1 consecuci\u00f3n da misi\u00f3n e os obxectivos da organizaci\u00f3n.<\/p>\n<p><strong>Comunicaci\u00f3n<\/strong><br \/>\nCapacidade para escoitar e expresarse, establecendo o modo e o momento oportuno para transmitir unha idea de maneira efectiva.<\/p>\n<p><strong>Delegaci\u00f3n<\/strong><br \/>\nCapacidade para transferir ao equipo o espazo e os recursos necesarios para a toma de decisi\u00f3ns e o logro dos seus obxectivos.<\/p>\n<p><strong>Xesti\u00f3n do talento<\/strong><br \/>\nCapacidade para desenvolver optimamente o potencial posible do equipo.<\/p>\n<h2>Competencias persoais<\/h2>\n<p><strong>An\u00e1lise de problemas e toma de decisi\u00f3ns<\/strong><br \/>\nCapacidade para identificar de maneira efectiva a informaci\u00f3n relevante, xerar distintas soluci\u00f3ns e executar a li\u00f1a de traballo \u00f3ptima para cada situaci\u00f3n.<\/p>\n<p><strong>Xesti\u00f3n do tempo<\/strong><br \/>\nCapacidade para priorizar as tarefas, programar as actividades de maneira adecuada e executalas no prazo previsto.<\/p>\n<p><strong>Xesti\u00f3n do cambio e aprendizaxe<\/strong><br \/>\nCapacidade para facer fronte ao cambio e asimilar novos co\u00f1ecementos e comportamentos.<\/p>\n<p><strong>Autocontrol e equilibrio<\/strong><br \/>\nCapacidade para reaccionar co estado de \u00e1nimo apropiado e comport\u00e1ndose de maneira ecu\u00e1nime ante calquera situaci\u00f3n.<\/p>","protected":false},"excerpt":{"rendered":"<p>Contribu\u00edr a que persoas con responsabilidades, presentes ou futuras, directivas ou de coordinaci\u00f3n de equipos de traballo adquiran competencias estrat\u00e9xicas, interpersoais e persoais que as capaciten para o exercicio dun liderado m\u00e1is efectivo. As competencias a adquirir durante o proceso son de tipo estrat\u00e9xico, interpersoal e persoal. Competencias estrat\u00e9xicas Direcci\u00f3n estrat\u00e9xica Capacidade para identificar os [&hellip;]<\/p>\n","protected":false},"author":1,"featured_media":0,"parent":0,"menu_order":0,"comment_status":"closed","ping_status":"open","template":"","meta":[],"_links":{"self":[{"href":"https:\/\/algalia.com\/virada\/liderado\/wp-json\/wp\/v2\/pages\/11"}],"collection":[{"href":"https:\/\/algalia.com\/virada\/liderado\/wp-json\/wp\/v2\/pages"}],"about":[{"href":"https:\/\/algalia.com\/virada\/liderado\/wp-json\/wp\/v2\/types\/page"}],"author":[{"embeddable":true,"href":"https:\/\/algalia.com\/virada\/liderado\/wp-json\/wp\/v2\/users\/1"}],"replies":[{"embeddable":true,"href":"https:\/\/algalia.com\/virada\/liderado\/wp-json\/wp\/v2\/comments?post=11"}],"version-history":[{"count":13,"href":"https:\/\/algalia.com\/virada\/liderado\/wp-json\/wp\/v2\/pages\/11\/revisions"}],"predecessor-version":[{"id":217,"href":"https:\/\/algalia.com\/virada\/liderado\/wp-json\/wp\/v2\/pages\/11\/revisions\/217"}],"wp:attachment":[{"href":"https:\/\/algalia.com\/virada\/liderado\/wp-json\/wp\/v2\/media?parent=11"}],"curies":[{"name":"wp","href":"https:\/\/api.w.org\/{rel}","templated":true}]}}