{"id":9640,"date":"2020-12-16T14:13:51","date_gmt":"2020-12-16T12:13:51","guid":{"rendered":"https:\/\/algalia.com\/gl\/?page_id=9640"},"modified":"2020-12-18T14:24:59","modified_gmt":"2020-12-18T12:24:59","slug":"persoas","status":"publish","type":"page","link":"https:\/\/algalia.com\/gl\/programa-virada\/virada-liderado\/persoas\/","title":{"rendered":"Persoas participantes en VIRADA Liderado"},"content":{"rendered":"<p><\/p>\n<h2>Gisela Garc\u00eda-\u00c1lvarez<\/h2>\n<p>Bioqu\u00edmica de formaci\u00f3n e cidad\u00e1 do mundo por vocaci\u00f3n, ten m\u00e1is de 10 anos de experiencia en investigaci\u00f3n en sistemas de sa\u00fade de Europa e Asia. O seu interese pola xesti\u00f3n levouna a lanzar o primeiro cl\u00faster de sa\u00fade e ciencias da vida en Singapur en 2010 combin\u00e1ndoo coas s\u00faas actividades de investigaci\u00f3n e docencia. O seu interese \u201cporque as cousas funcionen\u201d e outros eventos da vida atra\u00e9rona ata Galicia onde traballa como xerente do Cl\u00faster Sa\u00fade de Galicia, CSG, desde finais de 2016.<\/p>\n<p>En tres anos desenvolveu unha exitosa estratexia de internacionalizaci\u00f3n das empresas galegas de asistencia sanitaria e social, atraendo financiamento p\u00fablico e investimento para o ecosistema e a rexi\u00f3n. Tam\u00e9n situou ao\u00a0 CSG como canle directa de comunicaci\u00f3n entre reguladores, provedores e usuarios e asinou varios marcos de colaboraci\u00f3n dentro de sectores que incrementaron as sinerx\u00edas a nivel global. Actualmente participa no lanzamento de #CSG4Impact, un novo programa do CSG para apoiar proxectos de impacto social. Ademais forma parte do grupo de traballo do plan estrat\u00e9xico de DIH DATALIFE<\/p>\n<p>&nbsp;<\/p>","protected":false},"excerpt":{"rendered":"<p>Gisela Garc\u00eda-\u00c1lvarez Bioqu\u00edmica de formaci\u00f3n e cidad\u00e1 do mundo por vocaci\u00f3n, ten m\u00e1is de 10 anos de experiencia en investigaci\u00f3n en sistemas de sa\u00fade de Europa e Asia. O seu interese pola xesti\u00f3n levouna a lanzar o primeiro cl\u00faster de sa\u00fade e ciencias da vida en Singapur en 2010 combin\u00e1ndoo coas s\u00faas actividades de investigaci\u00f3n [&hellip;]<\/p>\n","protected":false},"author":3,"featured_media":0,"parent":9273,"menu_order":0,"comment_status":"closed","ping_status":"closed","template":"","meta":[],"_links":{"self":[{"href":"https:\/\/algalia.com\/gl\/wp-json\/wp\/v2\/pages\/9640"}],"collection":[{"href":"https:\/\/algalia.com\/gl\/wp-json\/wp\/v2\/pages"}],"about":[{"href":"https:\/\/algalia.com\/gl\/wp-json\/wp\/v2\/types\/page"}],"author":[{"embeddable":true,"href":"https:\/\/algalia.com\/gl\/wp-json\/wp\/v2\/users\/3"}],"replies":[{"embeddable":true,"href":"https:\/\/algalia.com\/gl\/wp-json\/wp\/v2\/comments?post=9640"}],"version-history":[{"count":18,"href":"https:\/\/algalia.com\/gl\/wp-json\/wp\/v2\/pages\/9640\/revisions"}],"predecessor-version":[{"id":9702,"href":"https:\/\/algalia.com\/gl\/wp-json\/wp\/v2\/pages\/9640\/revisions\/9702"}],"up":[{"embeddable":true,"href":"https:\/\/algalia.com\/gl\/wp-json\/wp\/v2\/pages\/9273"}],"wp:attachment":[{"href":"https:\/\/algalia.com\/gl\/wp-json\/wp\/v2\/media?parent=9640"}],"curies":[{"name":"wp","href":"https:\/\/api.w.org\/{rel}","templated":true}]}}