{"id":9409,"date":"2020-12-13T19:47:26","date_gmt":"2020-12-13T17:47:26","guid":{"rendered":"https:\/\/algalia.com\/gl\/?page_id=9409"},"modified":"2024-04-30T10:22:49","modified_gmt":"2024-04-30T08:22:49","slug":"coaching-persoal-de-equipos","status":"publish","type":"page","link":"https:\/\/algalia.com\/gl\/programa-virada\/coaching-persoal-de-equipos\/","title":{"rendered":"Coaching persoal e equipos"},"content":{"rendered":"<p>En VIRADA entendemos as organizaci\u00f3ns como realidades vivas nas que as persoas, os equipos e a propia organizaci\u00f3n como tal, interact\u00faan sistemicamente. Desde este paradigma, e coa contribuci\u00f3n do coaching, ofrecemos acompa\u00f1amento a persoas, equipos e organizaci\u00f3ns para facilitar o logro dos seus resultados.<\/p>\n<ul>\n<li>VIRADA ofrece acompa\u00f1amentos de <strong>coaching a persoas<\/strong> abertas a procesos de aprendizaxe que lles sirvan a resolver as dificultades ou enfrontar os retos que se lle presentan no exercicio do seu liderado.<\/li>\n<li>VIRADA ofrece acompa\u00f1amentos de <strong>coaching a equipos<\/strong> de recente creaci\u00f3n, ou de extensa traxectoria, que queiran reflexionar, xerar pensamento cr\u00edtico e estimular diferentes puntos de vista para dispo\u00f1er de m\u00e1is posibilidades para o seu crecemento e incremento do seu desempe\u00f1o.<\/li>\n<\/ul>\n<p>&nbsp;<\/p>\n<h2><strong>O noso equipo de coachs<\/strong><\/h2>\n<div class=\"listado-coaches\">\n<div class=\"ficha-coach\">\n<h3>David Pereiro. Coach de persoas e equipos.<\/h3>\n<p><img decoding=\"async\" loading=\"lazy\" class=\"alignleft wp-image-697\" src=\"https:\/\/algalia.com\/wp-content\/uploads\/2015\/10\/davidp.jpg\" alt=\"\" width=\"180\" height=\"180\" srcset=\"https:\/\/algalia.com\/wp-content\/uploads\/2015\/10\/davidp.jpg 250w, https:\/\/algalia.com\/wp-content\/uploads\/2015\/10\/davidp-150x150.jpg 150w\" sizes=\"(max-width: 180px) 100vw, 180px\" \/>\u00c9 responsable do Programa VIRADA, consultor de estratexia e\u00a0 coach na \u00e1rea de Consultor\u00eda de ALGALIA.<\/p>\n<p>Facilita procesos de planificaci\u00f3n estrat\u00e9xica, elaboraci\u00f3n e avaliaci\u00f3n de proxectos para entidades de econom\u00eda social e administraci\u00f3ns p\u00fablicas.<\/p>\n<p>\u00c9 educador social, licenciado en Filosof\u00eda (USC), Posgrao en Programas de Intervenci\u00f3n Familiar (UDC), M\u00e1ster en consultor\u00eda e xesti\u00f3n de procesos de desenvolvemento\u00a0 organizacional (Universidade de Valladolid), M\u00e1ster en\u00a0 coaching de persoas e equipos (Mondragon\u00a0 Unibertsitatea) e Posgrao en\u00a0 coaching de equipos (Mondragon\u00a0 Unibertsitatea).<\/p>\n<p><em><a href=\"mailto:david.pereiro@algalia.com\" target=\"_blank\" rel=\"noopener\">david.pereiro@algalia.com<\/a> \/ 687879414<\/em><\/p>\n<\/div>\n<div class=\"ficha-coach\">\n<h3>Bego\u00f1a Su\u00e1rez. Coach de persoas e equipos.<\/h3>\n<p><img decoding=\"async\" loading=\"lazy\" class=\"alignleft wp-image-9499\" src=\"https:\/\/algalia.com\/wp-content\/uploads\/2020\/12\/Bego\u00f1a-Su\u00e1rez-COACH-200x300-2.jpg\" alt=\"\" width=\"180\" height=\"198\" \/>\u00c9 xerente da Asociaci\u00f3n\u00a0 AMIPA desde 2009 e colaboradora de ALGALIA como\u00a0 coach desde 2018.<\/p>\n<p>Desenvolveu o seu labor profesional na administraci\u00f3n local e como\u00a0 formadora en diversos cursos relacionados co \u00e1mbito xur\u00eddico e social, na administraci\u00f3n local e en entidades non lucrativas.<\/p>\n<p>Licenciada en Dereito (USC), M\u00e1ster en Direcci\u00f3n e Xesti\u00f3n de Centros, Recursos e Servizos para a Atenci\u00f3n \u00e1 Dependencia (USC), M\u00e1ster en\u00a0 coaching de persoas e equipos (Mondragon\u00a0 Unibertsitatea) e Curso de experto en\u00a0 coaching de sistemas\u00a0 relacionais e de equipos (Mondragon\u00a0 Unibertsitatea).<\/p>\n<p><em><a href=\"mailto:bego.suarez.gr@gmail.com\" target=\"_blank\" rel=\"noopener\">bego.suarez.gr@gmail.com<\/a> \/ 628378699<\/em><\/p>\n<\/div>\n<div class=\"ficha-coach\">\n<h3>Mar\u00eda Jos\u00e9 N\u00f3voa.\u00a0 Coach de persoas e equipos.<\/h3>\n<p><img decoding=\"async\" loading=\"lazy\" class=\"alignleft wp-image-10522\" src=\"https:\/\/algalia.com\/wp-content\/uploads\/2021\/07\/Mar\u00eda-Jos\u00e9-N\u00f3voa-COACH-2-265x300.jpg\" alt=\"\" width=\"180\" height=\"203\" srcset=\"https:\/\/algalia.com\/wp-content\/uploads\/2021\/07\/Mar\u00eda-Jos\u00e9-N\u00f3voa-COACH-2-265x300.jpg 265w, https:\/\/algalia.com\/wp-content\/uploads\/2021\/07\/Mar\u00eda-Jos\u00e9-N\u00f3voa-COACH-2-768x868.jpg 768w, https:\/\/algalia.com\/wp-content\/uploads\/2021\/07\/Mar\u00eda-Jos\u00e9-N\u00f3voa-COACH-2-906x1024.jpg 906w, https:\/\/algalia.com\/wp-content\/uploads\/2021\/07\/Mar\u00eda-Jos\u00e9-N\u00f3voa-COACH-2-610x689.jpg 610w\" sizes=\"(max-width: 180px) 100vw, 180px\" \/><\/p>\n<p>\u00c9 directora T\u00e9cnica Xeral-Xerente da Asociaci\u00f3n de Axuda \u00f3 Enfermo Mental &#8220;A Mari\u00f1a&#8221; desde 2009 e colaboradora de Algalia como coach desde o 2021.<\/p>\n<p>Desenvolveu o seu laboral profesional como Animadora Socio-Cultural, Traballadora Social, Responsable de Calidade e Directora de Centros de Rehabilitaci\u00f3n, Pisos Protexidos e Residencia desde que iniciou a s\u00faa andaina profesional en 2001.<\/p>\n<p>Voluntaria e\u00a0 formadora, \u00e9 Diplomada en Traballo Social (Universidade de Vigo), M\u00e1ster en Formaci\u00f3n, Xesti\u00f3n e Direcci\u00f3n en Autonom\u00eda, Dependencia e Discapacidade (UNED), M\u00e1ster en Xesti\u00f3n, Intervenci\u00f3n e Rehabilitaci\u00f3n Psicosocial en Sa\u00fade Mental (UNED), M\u00e1ster en Intervenci\u00f3n con Mulleres V\u00edtimas de Violencia de X\u00e9nero, Titulaci\u00f3n Universitaria en Igualdade de X\u00e9nero (Instituto Europeo de Estudos Empresariais) e M\u00e1ster en Coaching de Persoas e Equipos (Mondragon Unibertsitatea).<\/p>\n<p><em><a href=\"mailto:mariayusep8@hotmail.com\" target=\"_blank\" rel=\"noopener\">mariayusep8@hotmail.com<\/a>\u00a0 \/ 658323312<\/em><\/p>\n<\/div>\n<div class=\"ficha-coach\">\n<h3>Miguel Barbosa.\u00a0 Coach de persoas e equipos.<\/h3>\n<p><img decoding=\"async\" loading=\"lazy\" class=\"alignleft wp-image-694\" src=\"https:\/\/algalia.com\/wp-content\/uploads\/2015\/10\/barbosa.jpg\" alt=\"\" width=\"180\" height=\"180\" srcset=\"https:\/\/algalia.com\/wp-content\/uploads\/2015\/10\/barbosa.jpg 250w, https:\/\/algalia.com\/wp-content\/uploads\/2015\/10\/barbosa-150x150.jpg 150w\" sizes=\"(max-width: 180px) 100vw, 180px\" \/><\/p>\n<p>\u00c9 consultor de desenvolvemento organizativo, coach,\u00a0 e responsable da \u00e1rea de Consultor\u00eda en ALGALIA.<\/p>\n<p>Diplomado en Ciencias empresariais (especialidade de Recursos humanos) (UdeVigo), e Relaci\u00f3ns Laborais (UdeVigo), M\u00e1ster en coaching de persoas e equipos (Mondragon Unibertsitatea), Posgrao en\u00a0 coaching de equipos (Mondragon Unibertsitatea), M\u00e1ster en Calidade (INGAFOR),\u00a0 M\u00e1ster en Xesti\u00f3n Ambiental (INGAFOR) e M\u00e1ster en Prevenci\u00f3n de Riscos laborais (INGAFOR).<\/p>\n<p>\u00c9 formador en diferentes M\u00e1ster e Cursos superiores de Calidade, prevenci\u00f3n de riscos laborais, recursos humanos e\u00a0 medioambiente.<\/p>\n<p><em><a href=\"mailto:miguel.barbosa@algalia.com\" target=\"_blank\" rel=\"noopener\">miguel.barbosa@algalia.com<\/a> \/\u00a0<\/em>637482484<\/p>\n<\/div>\n<div class=\"ficha-coach\">\n<h3>Celso G\u00e1ndara.\u00a0 Coach de persoas.<\/h3>\n<p><img decoding=\"async\" loading=\"lazy\" class=\"alignleft wp-image-695\" src=\"https:\/\/algalia.com\/wp-content\/uploads\/2015\/10\/celso.jpg\" alt=\"\" width=\"180\" height=\"180\" srcset=\"https:\/\/algalia.com\/wp-content\/uploads\/2015\/10\/celso.jpg 250w, https:\/\/algalia.com\/wp-content\/uploads\/2015\/10\/celso-150x150.jpg 150w\" sizes=\"(max-width: 180px) 100vw, 180px\" \/><\/p>\n<p>\u00c9 xerente de ALGALIA e\u00a0 coach.<\/p>\n<p>Licenciado en Ciencias Econ\u00f3micas e Empresariais (USC), M\u00e1ster en\u00a0 coaching de persoas e equipos (Mondragon\u00a0 Unibertsitatea), Programa Superior en Direcci\u00f3n e Xesti\u00f3n de Cooperativas (Escola Negocios A Fundaci\u00f3n), Posgrao en Direcci\u00f3n e Administraci\u00f3n de organizaci\u00f3ns non lucrativas ( UdeVigo) e Posgrao en Inserci\u00f3n Laboral de Persoas con Discapacidade (Fundaci\u00f3n Paideia).<\/p>\n<p><em><a href=\"mailto:celso.gandara@algalia.com\" target=\"_blank\" rel=\"noopener\">celso.gandara@algalia.com<\/a> \/\u00a0<\/em>687879412<\/p>\n<\/div>\n<p>&nbsp;<\/p>\n<div class=\"ficha-coach\">\n<h3>Laura Ram\u00edrez.\u00a0 Coach de personas e equipos.<\/h3>\n<p><img decoding=\"async\" loading=\"lazy\" class=\"wp-image-14842 alignleft\" src=\"https:\/\/algalia.com\/wp-content\/uploads\/2024\/04\/Foto-vertical-Laura-Ramirez-1.jpg\" alt=\"\" width=\"180\" height=\"213\" \/><\/p>\n<p>\u00c9 directora t\u00e9cnica en Alento, Asociaci\u00f3n de Dano Cerebral desde o 2015, ademais de responsable e formadora da Escola DCA na mesma entidade. Desde o 2024, \u00e9 colaboradora de Algalia como coach.<\/p>\n<p>Licenciada en Psicolox\u00eda (UCM) con certificado de habilitaci\u00f3n Sanitaria e M\u00e1ster en sexolog\u00eda e terapia sexual, leva exercendo o seu labor profesional desde o 2005 ata a actualizade, sempre en \u00e1mbitos do terceiro sector.<\/p>\n<p>Cursou o M\u00e1ster en Coaching de persoas e equipos de Mondragon Unibersitatea e est\u00e1 acreditada como Facilitadora de Mindfulness pola International Practitioners of Holistic Medicine (IPHM).<\/p>\n<p><em><a href=\"mailto:lramirezramos82@gmail.com\" target=\"_blank\" rel=\"noopener\">lramirezramos82@gmail.com<\/a> \/667558299<\/em><\/p>\n<\/div>\n<\/div>\n<p><\/p>","protected":false},"excerpt":{"rendered":"<p>En VIRADA entendemos as organizaci\u00f3ns como realidades vivas nas que as persoas, os equipos e a propia organizaci\u00f3n como tal, interact\u00faan sistemicamente. Desde este paradigma, e coa contribuci\u00f3n do coaching, ofrecemos acompa\u00f1amento a persoas, equipos e organizaci\u00f3ns para facilitar o logro dos seus resultados. VIRADA ofrece acompa\u00f1amentos de coaching a persoas abertas a procesos de [&hellip;]<\/p>\n","protected":false},"author":3,"featured_media":0,"parent":9264,"menu_order":0,"comment_status":"closed","ping_status":"closed","template":"template-virada-hija.php","meta":[],"_links":{"self":[{"href":"https:\/\/algalia.com\/gl\/wp-json\/wp\/v2\/pages\/9409"}],"collection":[{"href":"https:\/\/algalia.com\/gl\/wp-json\/wp\/v2\/pages"}],"about":[{"href":"https:\/\/algalia.com\/gl\/wp-json\/wp\/v2\/types\/page"}],"author":[{"embeddable":true,"href":"https:\/\/algalia.com\/gl\/wp-json\/wp\/v2\/users\/3"}],"replies":[{"embeddable":true,"href":"https:\/\/algalia.com\/gl\/wp-json\/wp\/v2\/comments?post=9409"}],"version-history":[{"count":83,"href":"https:\/\/algalia.com\/gl\/wp-json\/wp\/v2\/pages\/9409\/revisions"}],"predecessor-version":[{"id":14855,"href":"https:\/\/algalia.com\/gl\/wp-json\/wp\/v2\/pages\/9409\/revisions\/14855"}],"up":[{"embeddable":true,"href":"https:\/\/algalia.com\/gl\/wp-json\/wp\/v2\/pages\/9264"}],"wp:attachment":[{"href":"https:\/\/algalia.com\/gl\/wp-json\/wp\/v2\/media?parent=9409"}],"curies":[{"name":"wp","href":"https:\/\/api.w.org\/{rel}","templated":true}]}}