{"id":9275,"date":"2022-09-23T09:00:33","date_gmt":"2022-09-23T07:00:33","guid":{"rendered":"https:\/\/algalia.com\/gl\/?page_id=9275"},"modified":"2025-12-05T13:06:06","modified_gmt":"2025-12-05T11:06:06","slug":"virada-equipos","status":"publish","type":"page","link":"https:\/\/algalia.com\/gl\/programa-virada\/virada-equipos\/","title":{"rendered":"Virada Equipos"},"content":{"rendered":"<p><img decoding=\"async\" loading=\"lazy\" class=\"alignright wp-image-9563\" src=\"https:\/\/algalia.com\/wp-content\/uploads\/2020\/12\/7-300x169.jpg\" alt=\"\" width=\"549\" height=\"309\" srcset=\"https:\/\/algalia.com\/wp-content\/uploads\/2020\/12\/7-300x169.jpg 300w, https:\/\/algalia.com\/wp-content\/uploads\/2020\/12\/7-768x432.jpg 768w, https:\/\/algalia.com\/wp-content\/uploads\/2020\/12\/7-1024x576.jpg 1024w, https:\/\/algalia.com\/wp-content\/uploads\/2020\/12\/7-610x343.jpg 610w, https:\/\/algalia.com\/wp-content\/uploads\/2020\/12\/7.jpg 1920w\" sizes=\"(max-width: 549px) 100vw, 549px\" \/>O prop\u00f3sito de <strong>VIRADA para o fortalecemento de equipos<\/strong> (<em>VIRADA\u00a0 Equipos<\/em>) \u00e9 contribu\u00edr a que equipos naturais de organizaci\u00f3ns da econom\u00eda social e empresas desenvolvan competencias de liderado compartido e desemp\u00e9\u00f1ense con maior efectividade.<\/p>\n<p>Con <em>VIRADA Equipos<\/em> queremos contribu\u00edr a constru\u00edr equipos afectivos e efectivos que alcanzan a calidade desde a calidez. <span class=\"ui-provider a b c d e f g h i j k l m n o p q r s t u v w x y z ab ac ae af ag ah ai aj ak\" dir=\"ltr\">Dende 2016, 19 equipos de 12 entidades distintas da econom\u00eda social galega melloraron a efectividade e calidade relacional dos seus equipos, implicando no traballo a 137 persoas distintas.<\/span><\/p>\n<p>Entendemos por equipos naturais aqueles que se configuran nas organizaci\u00f3ns para o desenvolvemento dunha funci\u00f3n ou a execuci\u00f3n dunha tarefa, e que establecen entre os seus membros v\u00ednculos\u00a0 relacionais de certa continuidade.<\/p>\n<p>Por exemplo: o equipo de direcci\u00f3n dunha entidade, un equipo t\u00e9cnico dunha organizaci\u00f3n, un equipo de proxecto, equipos de centro ou servizo, unha xunta directiva dunha asociaci\u00f3n, o padroado dunha fundaci\u00f3n, un consello reitor dunha cooperativa, un equipo de innovaci\u00f3n dunha organizaci\u00f3n\u2026<\/p>\n<p>As actividades principais que estruturan o programa son:<\/p>\n<ol>\n<li>Aplicaci\u00f3n da Metodolox\u00eda Belbin de roles de equipo.<\/li>\n<li>Encontros presenciais outdoor.<\/li>\n<li>Obradoiros de contido sobre liderado.<\/li>\n<li>Coaching de equipo.<\/li>\n<\/ol>\n<p><em>VIRADA Equipos<\/em> sit\u00faa no centro do acompa\u00f1amento \u00e1s persoas e o propio equipo, como unha realidade distinta dos seus membros. \u00c9 unha invitaci\u00f3n para que o equipo reflexione, xere un pensamento cr\u00edtico, e estimule diferentes puntos de vista que lle dea m\u00e1is posibilidades no seu crecemento.<\/p>\n<div class=\"bloques-flex\">\n<div class=\"card\">\n<h2><a href=\"https:\/\/algalia.com\/wp-content\/uploads\/2024\/05\/EQUIPOS-GAL-25.pdf\" target=\"_blank\" rel=\"noopener\">M\u00e1is informaci\u00f3n<\/a><\/h2>\n<ul class=\"contido\">\n<li>Consulta toda a informaci\u00f3n sobre o programa<br \/>\n<a href=\"https:\/\/algalia.com\/wp-content\/uploads\/2025\/12\/EQUIPOS-GAL-26_BR.pdf\">Dossier do Programa VIRADA Equipos 2026<\/a><\/li>\n<\/ul>\n<\/div>\n<div class=\"card\">\n<h2 class=\"link\">Inscrici\u00f3n<\/h2>\n<div class=\"contido\">\n<p>Data l\u00edmite de inscrici\u00f3n: <strong>13 de febreiro de 2026.<\/strong><\/p>\n<div style=\"display: flex;\">\n<p><img decoding=\"async\" loading=\"lazy\" class=\"size-thumbnail wp-image-697\" src=\"https:\/\/algalia.com\/wp-content\/uploads\/2015\/10\/davidp-150x150.jpg\" alt=\"\" width=\"70\" height=\"70\" srcset=\"https:\/\/algalia.com\/wp-content\/uploads\/2015\/10\/davidp-150x150.jpg 150w, https:\/\/algalia.com\/wp-content\/uploads\/2015\/10\/davidp.jpg 250w\" sizes=\"(max-width: 70px) 100vw, 70px\" \/><\/p>\n<ul>\n<li>David Pereiro<\/li>\n<li>687879414<\/li>\n<li><a href=\"mailto:david.pereiro@algalia.com\" target=\"_blank\" rel=\"noopener\">david.pereiro@algalia.com<\/a><\/li>\n<\/ul>\n<\/div>\n<\/div>\n<\/div>\n<\/div>\n<p><\/p>","protected":false},"excerpt":{"rendered":"<p>O prop\u00f3sito de VIRADA para o fortalecemento de equipos (VIRADA\u00a0 Equipos) \u00e9 contribu\u00edr a que equipos naturais de organizaci\u00f3ns da econom\u00eda social e empresas desenvolvan competencias de liderado compartido e desemp\u00e9\u00f1ense con maior efectividade. Con VIRADA Equipos queremos contribu\u00edr a constru\u00edr equipos afectivos e efectivos que alcanzan a calidade desde a calidez. Dende 2016, 19 [&hellip;]<\/p>\n","protected":false},"author":1,"featured_media":0,"parent":9264,"menu_order":0,"comment_status":"closed","ping_status":"closed","template":"template-virada-hija.php","meta":[],"_links":{"self":[{"href":"https:\/\/algalia.com\/gl\/wp-json\/wp\/v2\/pages\/9275"}],"collection":[{"href":"https:\/\/algalia.com\/gl\/wp-json\/wp\/v2\/pages"}],"about":[{"href":"https:\/\/algalia.com\/gl\/wp-json\/wp\/v2\/types\/page"}],"author":[{"embeddable":true,"href":"https:\/\/algalia.com\/gl\/wp-json\/wp\/v2\/users\/1"}],"replies":[{"embeddable":true,"href":"https:\/\/algalia.com\/gl\/wp-json\/wp\/v2\/comments?post=9275"}],"version-history":[{"count":104,"href":"https:\/\/algalia.com\/gl\/wp-json\/wp\/v2\/pages\/9275\/revisions"}],"predecessor-version":[{"id":15971,"href":"https:\/\/algalia.com\/gl\/wp-json\/wp\/v2\/pages\/9275\/revisions\/15971"}],"up":[{"embeddable":true,"href":"https:\/\/algalia.com\/gl\/wp-json\/wp\/v2\/pages\/9264"}],"wp:attachment":[{"href":"https:\/\/algalia.com\/gl\/wp-json\/wp\/v2\/media?parent=9275"}],"curies":[{"name":"wp","href":"https:\/\/api.w.org\/{rel}","templated":true}]}}