{"id":9273,"date":"2022-09-23T09:00:47","date_gmt":"2022-09-23T07:00:47","guid":{"rendered":"https:\/\/algalia.com\/gl\/?page_id=9273"},"modified":"2026-01-14T13:44:25","modified_gmt":"2026-01-14T11:44:25","slug":"virada-liderado","status":"publish","type":"page","link":"https:\/\/algalia.com\/gl\/programa-virada\/virada-liderado\/","title":{"rendered":"Virada Liderado"},"content":{"rendered":"<p><img decoding=\"async\" loading=\"lazy\" class=\"wp-image-9567 alignright\" src=\"https:\/\/algalia.com\/wp-content\/uploads\/2020\/12\/3-300x205.jpg\" alt=\"\" width=\"500\" height=\"341\" srcset=\"https:\/\/algalia.com\/wp-content\/uploads\/2020\/12\/3-300x205.jpg 300w, https:\/\/algalia.com\/wp-content\/uploads\/2020\/12\/3-768x524.jpg 768w, https:\/\/algalia.com\/wp-content\/uploads\/2020\/12\/3-1024x699.jpg 1024w, https:\/\/algalia.com\/wp-content\/uploads\/2020\/12\/3-610x416.jpg 610w, https:\/\/algalia.com\/wp-content\/uploads\/2020\/12\/3.jpg 1569w\" sizes=\"(max-width: 500px) 100vw, 500px\" \/><\/p>\n<p>O prop\u00f3sito de <strong>VIRADA para o desenvolvemento do liderado<\/strong> (<em>VIRADA Liderado<\/em>) \u00e9 contribu\u00edr a que persoas con responsabilidades directivas ou de coordinaci\u00f3n de equipos, responsabilidades en exercicio ou futuras, adquiran competencias estrat\u00e9xicas, interpersoais e persoais que as capaciten para o desenvolvemento dun liderado m\u00e1is efectivo.<\/p>\n<p>Preto de 45 entidades e 130 persoas de econom\u00eda social\u00a0 confiaron en <em>VIRADA Liderado<\/em> para contribu\u00edr ao desenvolvemento das s\u00faas l\u00edderes.\u00a0<em><a href=\"https:\/\/algalia.com\/gl\/programa-virada\/virada-liderado\/persoas\/\" target=\"_blank\" rel=\"noopener\">Persoas particulares<\/a><\/em>\u00a0tam\u00e9n te\u00f1en o seu lugar neste espazo de formaci\u00f3n.<\/p>\n<p>As actividades principais que estruturan o programa son:<\/p>\n<ol>\n<li>Encontros presenciais outdoor.<\/li>\n<li>Talleres de contido sobre liderado.<\/li>\n<li>Coaching persoal.<\/li>\n<li>Proxecto de Impacto Organizacional.<\/li>\n<\/ol>\n<p><em>VIRADA Liderado<\/em> \u00e9 herdeiro e continuaci\u00f3n en Galicia do <a href=\"https:\/\/edefundazioa.org\/que-hacemos-lineas-de-trabajo\/ede-conocimiento\/consultoria-y-asesoria\/cultura-organizacional-teal\/\" target=\"_blank\" rel=\"noopener\"><em>Programa de liderazgo<\/em><\/a> \u00a0desenvolvido desde o ano 2009 en Euskadi pola <em>Escola de Liderado e Emprendemento<\/em> de\u00a0 <a href=\"https:\/\/edefundazioa.org\/\" target=\"_blank\" rel=\"noopener\">EDE Fundazioa<\/a>.<\/p>\n<p>Tanto <em>VIRADA Liderado<\/em>, como o <em>Programa de liderado<\/em> de EDE Fundazioa, forman parte dun itinerario formativo que se desenvolve en coordinaci\u00f3n coa Mondragon\u00a0 Unibertsitatea (Universidade de Mondrag\u00f3n) e que culmina cun <a href=\"https:\/\/www.mondragon.edu\/cursos\/es\/tematicas\/liderazgo-gestion-personas\/master-profesional-en-coaching-de-personas-y-equipos\" target=\"_blank\" rel=\"noopener\"><em>M\u00e1ster en coaching de personas y equipos<\/em><\/a>.<\/p>\n<div class=\"bloques-flex clr\">\n<div class=\"card\">\n<h2><a href=\"https:\/\/algalia.com\/wp-content\/uploads\/2024\/05\/LIDERADO-GAL-25.pdf\" target=\"_blank\" rel=\"noopener\">M\u00e1is informaci\u00f3n<\/a><\/h2>\n<ul class=\"contido\">\n<li>Consulta toda a informaci\u00f3n sobre o programa<br \/>\n<a href=\"https:\/\/algalia.com\/wp-content\/uploads\/2025\/09\/LIDERADO_GAL_26.pdf\">Dossier do Programa VIRADA LIDERADO 2026<\/a><\/li>\n<\/ul>\n<\/div>\n<div class=\"card\">\n<h2><a href=\"https:\/\/algalia.com\/gl\/curso\/2024\/\" target=\"_blank\" rel=\"noopener\">Inscrici\u00f3n<\/a><\/h2>\n<ul class=\"contido\">\n<li>Data l\u00edmite de incrici\u00f3n: <strong>13 de febreiro de 2026.<\/strong><\/li>\n<li>Accede ao formulario de inscrici\u00f3n <a href=\"https:\/\/algalia.com\/formulario-de-inscripcion\/\">aqu\u00ed<\/a>.<\/li>\n<\/ul>\n<\/div>\n<\/div>\n<p><\/p>","protected":false},"excerpt":{"rendered":"<p>O prop\u00f3sito de VIRADA para o desenvolvemento do liderado (VIRADA Liderado) \u00e9 contribu\u00edr a que persoas con responsabilidades directivas ou de coordinaci\u00f3n de equipos, responsabilidades en exercicio ou futuras, adquiran competencias estrat\u00e9xicas, interpersoais e persoais que as capaciten para o desenvolvemento dun liderado m\u00e1is efectivo. Preto de 45 entidades e 130 persoas de econom\u00eda social\u00a0 [&hellip;]<\/p>\n","protected":false},"author":1,"featured_media":0,"parent":9264,"menu_order":0,"comment_status":"closed","ping_status":"closed","template":"template-virada-hija.php","meta":[],"_links":{"self":[{"href":"https:\/\/algalia.com\/gl\/wp-json\/wp\/v2\/pages\/9273"}],"collection":[{"href":"https:\/\/algalia.com\/gl\/wp-json\/wp\/v2\/pages"}],"about":[{"href":"https:\/\/algalia.com\/gl\/wp-json\/wp\/v2\/types\/page"}],"author":[{"embeddable":true,"href":"https:\/\/algalia.com\/gl\/wp-json\/wp\/v2\/users\/1"}],"replies":[{"embeddable":true,"href":"https:\/\/algalia.com\/gl\/wp-json\/wp\/v2\/comments?post=9273"}],"version-history":[{"count":173,"href":"https:\/\/algalia.com\/gl\/wp-json\/wp\/v2\/pages\/9273\/revisions"}],"predecessor-version":[{"id":16001,"href":"https:\/\/algalia.com\/gl\/wp-json\/wp\/v2\/pages\/9273\/revisions\/16001"}],"up":[{"embeddable":true,"href":"https:\/\/algalia.com\/gl\/wp-json\/wp\/v2\/pages\/9264"}],"wp:attachment":[{"href":"https:\/\/algalia.com\/gl\/wp-json\/wp\/v2\/media?parent=9273"}],"curies":[{"name":"wp","href":"https:\/\/api.w.org\/{rel}","templated":true}]}}