{"id":9264,"date":"2020-01-25T09:39:18","date_gmt":"2020-01-25T07:39:18","guid":{"rendered":"https:\/\/algalia.com\/gl\/?page_id=9264"},"modified":"2026-01-12T20:21:37","modified_gmt":"2026-01-12T18:21:37","slug":"programa-virada","status":"publish","type":"page","link":"https:\/\/algalia.com\/gl\/programa-virada\/","title":{"rendered":"Programa Virada"},"content":{"rendered":"<p><\/p>\n<div class=\"banner\"><iframe loading=\"lazy\" src=\"https:\/\/www.youtube.com\/embed\/eYilCTxWnmM?autoplay=1\" width=\"100% \" height=\"450\" frameborder=\"0\" allowfullscreen=\"allowfullscreen\"><span data-mce-type=\"bookmark\" style=\"display: inline-block; width: 0px; overflow: hidden; line-height: 0;\" class=\"mce_SELRES_start\">\ufeff<\/span><span data-mce-type=\"bookmark\" style=\"display: inline-block; width: 0px; overflow: hidden; line-height: 0;\" class=\"mce_SELRES_start\">\ufeff<\/span><\/iframe><\/div>\n<div class=\"intro\">\n<div class=\"texto\">\n<div class=\"contenedor\">\n<p>VIRADA \u00e9 o referente no que ALGALIA, en colaboraci\u00f3n con outras entidades, agrupa as s\u00faas propostas formativas de acompa\u00f1amento a persoas, equipos e organizaci\u00f3ns.<\/p>\n<p>Unha organizaci\u00f3n \u00e9 un sistema vivo de sistemas vivos, interrelacionados entre se. Entender e poder intervir nas din\u00e1micas que subxacen nos sistemas resolven gran parte das dificultades e conflitos, as\u00ed como axuda a desenvolver todo o potencial organizativo.<\/p>\n<\/div>\n<\/div>\n<div class=\"video\"><!--<img decoding=\"async\" loading=\"lazy\" class=\"alignnone wp-image-9281 size-full\" src=\"https:\/\/algalia.com\/wp-content\/uploads\/2020\/12\/IMAGEN.jpg\" alt=\"\" width=\"585\" height=\"365\" srcset=\"https:\/\/algalia.com\/wp-content\/uploads\/2020\/12\/IMAGEN.jpg 585w, https:\/\/algalia.com\/wp-content\/uploads\/2020\/12\/IMAGEN-300x187.jpg 300w\" sizes=\"(max-width: 585px) 100vw, 585px\" \/>--><iframe loading=\"lazy\" src=\"https:\/\/www.youtube.com\/embed\/hyBD0Dyaz7g\" width=\"100%\" height=\"315\" frameborder=\"0\" allowfullscreen=\"allowfullscreen\"><\/iframe><\/div>\n<\/div>\n<div class=\"intro\">\n<div class=\"video\"><iframe loading=\"lazy\" src=\"https:\/\/www.youtube.com\/embed\/hMktgj0N4ok\" width=\"100%\" height=\"315\" frameborder=\"0\" allowfullscreen=\"allowfullscreen\"><\/iframe><\/div>\n<div class=\"texto\">\n<div class=\"contenedor\">\n<p>Un equipo\u00a0\u00e9 m\u00e1is que a suma dos seus individuos. \u00c9 un conxunto de conversaci\u00f3ns, tanto internas como coa s\u00faa contorna.<\/p>\n<p>Para que un equipo poida ser de alto rendemento d\u00e9bese combinar a orientaci\u00f3n \u00e1 tarefa (obtenci\u00f3n de resultados) e o coidado da relaci\u00f3n (interacci\u00f3ns saudables).<\/p>\n<p>Temos que asumir con normalidade e responsabilidade que as persoas somos ante todo seres emocionais. As competencias emocionais son necesarias para sentirse ben, dinamizar equipos e relaci\u00f3ns, e constru\u00edr organizaci\u00f3ns efectivas.<\/p>\n<\/div>\n<\/div>\n<\/div>\n<div class=\"bloques-flex bloques-3col\">\n<div class=\"card\">\n<h2><a href=\"https:\/\/algalia.com\/es\/programa-virada\/virada-liderado\/\" rel=\"noopener\">Virada Liderado<\/a><\/h2>\n<ul class=\"contido\">\n<li>Programa para o desenvolvemento do liderado en persoas con responsabilidades de direcci\u00f3n ou coordinaci\u00f3n.<\/li>\n<\/ul>\n<\/div>\n<div class=\"card\">\n<h2><a href=\"https:\/\/algalia.com\/es\/programa-virada\/virada-equipos\/\" rel=\"noopener\">Virada Equipos<\/a><\/h2>\n<ul class=\"contido\">\n<li>Programa para el fortalecemento de equipos.<\/li>\n<\/ul>\n<\/div>\n<div class=\"card\">\n<h2><a href=\"https:\/\/algalia.com\/es\/programa-virada\/escola-teal\/\" target=\"_blank\" rel=\"noopener\">Virada Teal<\/a><\/h2>\n<ul class=\"contido\">\n<li>Iniciativas para a transformaci\u00f3n cultural das organizaci\u00f3ns.<\/li>\n<\/ul>\n<\/div>\n<div class=\"card\">\n<h2><a href=\"https:\/\/algalia.com\/es\/programa-virada\/virada-profundizacion\/\" rel=\"noopener\">Virada Profundizaci\u00f3n<\/a><\/h2>\n<ul class=\"contido\">\n<li>Programa avanzado para o desenvolvemento do liderado.<\/li>\n<\/ul>\n<\/div>\n<div class=\"card\">\n<h2><a href=\"https:\/\/algalia.com\/programa-virada\/virada-emocions\/\" rel=\"noopener\">Virada Emoci\u00f3ns<\/a><\/h2>\n<ul class=\"contido\">\n<li>Programa dese\u00f1ado para cultivar e disfrutar da nosa conciencia emocional.<\/li>\n<\/ul>\n<\/div>\n<div class=\"card\">\n<h2><a href=\"https:\/\/algalia.com\/es\/programa-virada\/coaching-persoal-de-equipos\/\" rel=\"noopener\">Coaching<\/a><\/h2>\n<ul class=\"contido\">\n<li>Acompa\u00f1amento personal.<\/li>\n<li>Acompa\u00f1amento de equipos.<\/li>\n<\/ul>\n<\/div>\n<div class=\"card\" style=\"margin: 0 auto;\">\n<h2><a href=\"https:\/\/algalia.com\/es\/tag\/virada\/\" rel=\"noopener\">Novas<\/a><\/h2>\n<ul class=\"contido\">\n<li>Artigos e novas sobre liderado e desenvolvemento de persoas, equipos e organizaci\u00f3ns.<\/li>\n<\/ul>\n<\/div>\n<\/div>\n<p><\/p>","protected":false},"excerpt":{"rendered":"<p>\ufeff\ufeff VIRADA \u00e9 o referente no que ALGALIA, en colaboraci\u00f3n con outras entidades, agrupa as s\u00faas propostas formativas de acompa\u00f1amento a persoas, equipos e organizaci\u00f3ns. Unha organizaci\u00f3n \u00e9 un sistema vivo de sistemas vivos, interrelacionados entre se. Entender e poder intervir nas din\u00e1micas que subxacen nos sistemas resolven gran parte das dificultades e conflitos, as\u00ed [&hellip;]<\/p>\n","protected":false},"author":1,"featured_media":0,"parent":0,"menu_order":0,"comment_status":"closed","ping_status":"closed","template":"template-virada.php","meta":[],"_links":{"self":[{"href":"https:\/\/algalia.com\/gl\/wp-json\/wp\/v2\/pages\/9264"}],"collection":[{"href":"https:\/\/algalia.com\/gl\/wp-json\/wp\/v2\/pages"}],"about":[{"href":"https:\/\/algalia.com\/gl\/wp-json\/wp\/v2\/types\/page"}],"author":[{"embeddable":true,"href":"https:\/\/algalia.com\/gl\/wp-json\/wp\/v2\/users\/1"}],"replies":[{"embeddable":true,"href":"https:\/\/algalia.com\/gl\/wp-json\/wp\/v2\/comments?post=9264"}],"version-history":[{"count":165,"href":"https:\/\/algalia.com\/gl\/wp-json\/wp\/v2\/pages\/9264\/revisions"}],"predecessor-version":[{"id":15996,"href":"https:\/\/algalia.com\/gl\/wp-json\/wp\/v2\/pages\/9264\/revisions\/15996"}],"wp:attachment":[{"href":"https:\/\/algalia.com\/gl\/wp-json\/wp\/v2\/media?parent=9264"}],"curies":[{"name":"wp","href":"https:\/\/api.w.org\/{rel}","templated":true}]}}