{"id":9,"date":"2015-06-16T12:56:36","date_gmt":"2015-06-16T10:56:36","guid":{"rendered":"https:\/\/algalia.com\/?page_id=9"},"modified":"2015-10-22T17:42:05","modified_gmt":"2015-10-22T15:42:05","slug":"que-din-de-nos","status":"publish","type":"page","link":"https:\/\/algalia.com\/gl\/que-din-de-nos\/","title":{"rendered":"Qu\u00e9 din de n\u00f3s"},"content":{"rendered":"<div class=\"otw-sc-toggle\"><h3 class=\"toggle-trigger widget-title closed\">\u00bfPor qu\u00e9 elex\u00edstedes Algalia? \u00bfQu\u00e9 destacar\u00edades desta entidade?<span class=\"icon\"><\/span><\/h3><div class=\"toggle-content\"><p><\/p><br \/>\n<p style=\"text-align: right;\"><em>N\u00f3s eliximos Algalia pola s\u00faa especializaci\u00f3n no sector non lucrativo. No seu momento, cando\u00a0nos constituimos, buscabamos unha xestor\u00eda que estivese especializada no noso sector. Non s\u00f3\u00a0co\u00f1ecen a lexislaci\u00f3n e a normativa aplicable, sino que entenden a nosa problem\u00e1tica, nosa\u00a0casu\u00edstica de xesti\u00f3n, que \u00e9 moi diferente \u00e1 dunha empresa. Eles co\u00f1ecen perfectamente o\u00a0sector sen \u00e1nimo de lucro.<\/em><\/p><br \/>\n<h3>Marta, Fundaci\u00f3n EnergyLab<\/h3><br \/>\n<p style=\"text-align: right;\"><em>Escollemos Algalia sobre todo porque est\u00e1 moi especializada no Terceiro Sector. Comprende as\u00a0nosas necesidades m\u00e1is que calquera outra asesor\u00eda de \u00e1mbito xeneralista.<\/em><\/p><br \/>\n<h3>Javier, Asociaci\u00f3n Aspas<\/h3><br \/>\n<p style=\"text-align: right;\"><em>Algalia para n\u00f3s \u00e9 a entidade de asesoramento que nos acompa\u00f1ou desde que nacemos\u00a0ata hoxe. Eu destacar\u00eda de Algalia a capacidade de ir adapt\u00e1ndose \u00e1s necesidades de, neste caso,\u00a0a nosa asociaci\u00f3n. Non s\u00f3 adapt\u00e1ndose sen\u00f3n adiant\u00e1ndose para asesorarnos en c\u00f3mo\u00a0conseguir aquelo que n\u00f3s pretendiamos.<\/em><\/p><br \/>\n<h3>Ciano, Asociaci\u00f3n San Xerome Emiliani<\/h3><br \/>\n<p><\/p><\/div><\/div>\n<div class=\"otw-sc-toggle\"><h3 class=\"toggle-trigger widget-title closed\">Servizo laboral : \u00bfQu\u00e9 destacar\u00edas deste servizo?<span class=\"icon\"><\/span><\/h3><div class=\"toggle-content\"><p><\/p><br \/>\n<p style=\"text-align: right;\"><em>Pois destaco a axilidade nos tr\u00e1mites, o asesoramento, o constante contraste de informaci\u00f3n\u00a0nun \u00e1mbito tan complexo como o das relaci\u00f3ns laborais.<\/em><\/p><br \/>\n<h3>Javier, Asociaci\u00f3n Aspas<\/h3><br \/>\n<p style=\"text-align: right;\"><em>\u00c9 un servicio que est\u00e1 bastante posto ao d\u00eda en todo este tema do convenio, das relaci\u00f3ns\u00a0laborais. A rapidez, o co\u00f1ecemento do tecido e da forma de funcionar.<\/em><\/p><br \/>\n<h3>Antonio, Fademga<\/h3><br \/>\n<p><\/p><\/div><\/div>\n<div class=\"otw-sc-toggle\"><h3 class=\"toggle-trigger widget-title closed\">Falando en xeral, \u00bfqu\u00e9 \u00e9 o que m\u00e1is valoras nunha asesor\u00eda-consultor\u00eda?<span class=\"icon\"><\/span><\/h3><div class=\"toggle-content\"><p><\/p><br \/>\n<p style=\"text-align: right;\"><em>A involucraci\u00f3n na resoluci\u00f3n dos problemas e co noso propio equipo. Para EnergyLab, Algalia\u00a0m\u00e1is que proveedor \u00e9 un partner, \u00e9 parte do equipo. Eles non te plantexan soluci\u00f3ns aos\u00a0problemas que ti lles plantexas, sen\u00f3n que se involucran na resoluci\u00f3n dos mesmos coma se\u00a0fosen parte do propio equipo e como se o problema fose seu. Esa xeito de traballar \u00e9 de\u00a0agradecer: a mellor maneira de atopar soluci\u00f3ns es tomar os problemas como propios.<\/em><\/p><br \/>\n<h3>Marta, Fundaci\u00f3n EnergyLab<\/h3><br \/>\n<p style=\"text-align: right;\"><em>O trato personalizado. A relaci\u00f3n directa cos asesores e consultores, a dispo\u00f1ibilidade.<\/em><\/p><br \/>\n<h3>Javier, Asociaci\u00f3n Aspas<\/h3><br \/>\n<p style=\"text-align: right;\"><em>A actitude cara o cliente. Sobre todo o co\u00f1ecemento da realidade do cliente e saber adaptarse a\u00a0ela e dar respostas m\u00e1is acertadas ao perfil e \u00e1 realidade legal, organizativa, etc.<\/em><\/p><br \/>\n<h3>Levi, Esclavas de la Virgen Dolorosa<\/h3><br \/>\n<p style=\"text-align: right;\"><em>A cercan\u00eda, as personas danme unha confianza no trato, na maneira que te\u00f1en de tratarnos.\u00a0Algalia non \u00e9 esa asesor\u00eda fr\u00eda, \u00e9 personal formado. A m\u00ed danme unhas garant\u00edas, g\u00fastanme.<\/em><\/p><br \/>\n<h3>Lola, Asociaci\u00f3n Aspaber<\/h3><br \/>\n<p><\/p><\/div><\/div>\n<h2 id=\"linkase\">Asesor\u00eda<\/h2>\n<p>&nbsp;<\/p>\n<h2 id=\"linkcon\">Consultor\u00eda<\/h2>\n","protected":false},"excerpt":{"rendered":"<p>Asesor\u00eda &nbsp; Consultor\u00eda<\/p>\n","protected":false},"author":1,"featured_media":0,"parent":0,"menu_order":0,"comment_status":"open","ping_status":"open","template":"","meta":[],"_links":{"self":[{"href":"https:\/\/algalia.com\/gl\/wp-json\/wp\/v2\/pages\/9"}],"collection":[{"href":"https:\/\/algalia.com\/gl\/wp-json\/wp\/v2\/pages"}],"about":[{"href":"https:\/\/algalia.com\/gl\/wp-json\/wp\/v2\/types\/page"}],"author":[{"embeddable":true,"href":"https:\/\/algalia.com\/gl\/wp-json\/wp\/v2\/users\/1"}],"replies":[{"embeddable":true,"href":"https:\/\/algalia.com\/gl\/wp-json\/wp\/v2\/comments?post=9"}],"version-history":[{"count":27,"href":"https:\/\/algalia.com\/gl\/wp-json\/wp\/v2\/pages\/9\/revisions"}],"predecessor-version":[{"id":12518,"href":"https:\/\/algalia.com\/gl\/wp-json\/wp\/v2\/pages\/9\/revisions\/12518"}],"wp:attachment":[{"href":"https:\/\/algalia.com\/gl\/wp-json\/wp\/v2\/media?parent=9"}],"curies":[{"name":"wp","href":"https:\/\/api.w.org\/{rel}","templated":true}]}}