{"id":8259,"date":"2020-03-31T12:11:56","date_gmt":"2020-03-31T10:11:56","guid":{"rendered":"https:\/\/algalia.com\/gl\/?page_id=8259"},"modified":"2020-06-30T08:11:20","modified_gmt":"2020-06-30T06:11:20","slug":"informacion-diaria-covid-19","status":"publish","type":"page","link":"https:\/\/algalia.com\/gl\/informacion-diaria-covid-19\/","title":{"rendered":"Informaci\u00f3n diaria COVID-19"},"content":{"rendered":"<p>O equipo de asesor\u00eda de ALGALIA quere achegar o seu grao de area neste momento de esforzo com\u00fan, e desde hoxe pon a disposici\u00f3n p\u00fablica un recurso en formato de folla de Excel para identificar:<\/p>\n<ul>\n<li>a\u00a0<strong>normativa<\/strong> de aplicaci\u00f3n vixente de\u00a0<strong>eido estatal (BOE) e auton\u00f3mico galego (DOG).\u00a0\u00a0<a href=\"https:\/\/algalia.com\/wp-content\/uploads\/2020\/06\/COVID_xuridico_social_2020_06_29_NORMATIVA.xlsx\" target=\"_blank\" rel=\"noopener\"><u>Descargar<\/u><\/a><\/strong><\/li>\n<li><strong>outros contidos<\/strong> centrados nas cuesti\u00f3ns m\u00e1is vencelladas co<strong>\u00a0eido de pol\u00edtica social.\u00a0 <a href=\"https:\/\/algalia.com\/wp-content\/uploads\/2020\/06\/COVID_xuridico_social_2020_06_18_RECURSOS.xlsx\" target=\"_blank\" rel=\"noopener\"><u>D<\/u><u>escargar<\/u><\/a><\/strong><\/li>\n<\/ul>\n<p>Dende a\u00ed podedes atopar, con ou sen filtros, a informaci\u00f3n que vos interese. O documento\u00a0<strong>actualizarase\u00a0<\/strong>permanentemente desde ALGALIA para ter sempre dispo\u00f1ibles as regras de xogo vixentes, m\u00e1is os criterios e instruci\u00f3ns e recursos de apoio dispo\u00f1ibles en cada momento. Tentaremos facelo a diario. En todo caso, iremos ao ritmo que nos marque a propia realidade.<\/p>\n<p>Esta informaci\u00f3n ser\u00e1 coordinada polo servizo xur\u00eddico de Algalia, a trav\u00e9s do noso asesor legal, Santiago M\u00edguez.\u00a0 Adem\u00e1is pretende contar coa vosa colaboraci\u00f3n non s\u00f3 como usuaria, sen\u00f3n como construtora:<\/p>\n<ul>\n<li>Se queredes\u00a0<strong>remitir alg\u00fan contido<\/strong>, podes facelo chegar a\u00a0<a href=\"mailto:santiago.miguez@algalia.com\" target=\"_blank\" rel=\"noopener\">santiago.miguez@algalia.com<\/a>, e avaliaremos a s\u00faa inclusi\u00f3n no seguinte documento actualizado.<\/li>\n<li>Se detectades\u00a0<strong>alg\u00fan enlace que xa non funciona ou est\u00e1 obsoleto ou ten alg\u00fan erro<\/strong>, igualmente agradecemos nolo fagades chegar a\u00a0<a href=\"mailto:santiago.miguez@algalia.com\" target=\"_blank\" rel=\"noopener\">santiago.miguez@algalia.com<\/a>,\u00a0e revisar\u00e9molo para a seguinte actualizaci\u00f3n.<\/li>\n<\/ul>\n<p>Confiamos en que sexa do voso interese e de utilidade, e, se queredes e podedes, agradecemos a t\u00faa colaboraci\u00f3n en interese com\u00fan.<\/p>\n<p><strong>Equipo de asesor\u00eda de Algalia<\/strong><\/p>","protected":false},"excerpt":{"rendered":"<p>O equipo de asesor\u00eda de ALGALIA quere achegar o seu grao de area neste momento de esforzo com\u00fan, e desde hoxe pon a disposici\u00f3n p\u00fablica un recurso en formato de folla de Excel para identificar: a\u00a0normativa de aplicaci\u00f3n vixente de\u00a0eido estatal (BOE) e auton\u00f3mico galego (DOG).\u00a0\u00a0Descargar outros contidos centrados nas cuesti\u00f3ns m\u00e1is vencelladas co\u00a0eido de [&hellip;]<\/p>\n","protected":false},"author":1,"featured_media":0,"parent":0,"menu_order":0,"comment_status":"closed","ping_status":"closed","template":"","meta":[],"_links":{"self":[{"href":"https:\/\/algalia.com\/gl\/wp-json\/wp\/v2\/pages\/8259"}],"collection":[{"href":"https:\/\/algalia.com\/gl\/wp-json\/wp\/v2\/pages"}],"about":[{"href":"https:\/\/algalia.com\/gl\/wp-json\/wp\/v2\/types\/page"}],"author":[{"embeddable":true,"href":"https:\/\/algalia.com\/gl\/wp-json\/wp\/v2\/users\/1"}],"replies":[{"embeddable":true,"href":"https:\/\/algalia.com\/gl\/wp-json\/wp\/v2\/comments?post=8259"}],"version-history":[{"count":108,"href":"https:\/\/algalia.com\/gl\/wp-json\/wp\/v2\/pages\/8259\/revisions"}],"predecessor-version":[{"id":9083,"href":"https:\/\/algalia.com\/gl\/wp-json\/wp\/v2\/pages\/8259\/revisions\/9083"}],"wp:attachment":[{"href":"https:\/\/algalia.com\/gl\/wp-json\/wp\/v2\/media?parent=8259"}],"curies":[{"name":"wp","href":"https:\/\/api.w.org\/{rel}","templated":true}]}}