{"id":7545,"date":"2019-07-01T14:17:32","date_gmt":"2019-07-01T12:17:32","guid":{"rendered":"https:\/\/algalia.com\/gl\/?page_id=7545"},"modified":"2019-12-17T11:53:08","modified_gmt":"2019-12-17T09:53:08","slug":"clausalado-2-2","status":"publish","type":"page","link":"https:\/\/algalia.com\/gl\/clausalado-2-2\/","title":{"rendered":"Clausulado Xegalia"},"content":{"rendered":"<p><div class=\"responsive-tabs\">\n<h2 class=\"tabtitle\">CLIENTES<\/h2>\n<div class=\"tabcontent\">\n<\/p>\n<p><strong>Normativa: <\/strong>\u00a0Regulamento (UE) 2016\/679 RGPD.<\/p>\n<p><strong>Responsable do tratamento: <\/strong>XEGALIA GALEGA DE XESTION, S.L.<\/p>\n<p>CIF: B36924587<\/p>\n<p>Direcci\u00f3n: R\u00faa Fais\u00e1n 7-Entlo, 36205 Vigo (Pontevedra)<\/p>\n<p>Tel\u00e9fono: 986379587<\/p>\n<p>Correo electr\u00f3nico: <a href=\"mailto: algalia@algalia.com\" target=\"_blank\" rel=\"noopener\">algalia@algalia.com<\/a><\/p>\n<p><strong>Finalidade do tratamento:<\/strong><\/p>\n<ol>\n<li>Cumprimento do obxecto do contrato. A lexitimaci\u00f3n para tratar os seus datos \u00e9 a celebraci\u00f3n dun contrato e ser\u00e1n gardados mentres dure a relaci\u00f3n contractual ou ata a finalizaci\u00f3n do prazo de prescrici\u00f3n das acci\u00f3ns que poidan derivarse da relaci\u00f3n contractual.<\/li>\n<li>Xesti\u00f3n administrativa. A lexitimaci\u00f3n para tratar os seus datos \u00e9 a celebraci\u00f3n dun contrato e ser\u00e1n gardados mentres dure a relaci\u00f3n contractual ou ata a finalizaci\u00f3n do prazo de prescrici\u00f3n das acci\u00f3ns que poidan derivarse da relaci\u00f3n contractual.<\/li>\n<li>Xesti\u00f3n contable. A lexitimaci\u00f3n para tratar os seus datos \u00e9 o cumprimento dunha obrigaci\u00f3n legal establecida no C\u00f3digo de Comercio e ser\u00e1n gardados durante o prazo establecido na devandita norma e demais lexislaci\u00f3n aplicable.<\/li>\n<li>Xesti\u00f3n fiscal. A lexitimaci\u00f3n para tratar os seus datos \u00e9 o cumprimento dunha obrigaci\u00f3n legal establecida na Lei 58\/2003 Xeral Tributaria e ser\u00e1n gardados durante o prazo establecido na devandita norma e demais lexislaci\u00f3n aplicable.<br \/>\nXestionar o env\u00edo da informaci\u00f3n que solicite o cliente. A lexitimaci\u00f3n para tratar os seus datos \u00e9 o consentimento e ser\u00e1n datos ser\u00e1n gardados mentres dure a relaci\u00f3n contractual.<\/li>\n<li>Enviar ao cliente, ofertas, produtos ou servizos similares que poidan ser de interese.<br \/>\nA lexitimaci\u00f3n para tratar os seus datos \u00e9 a satisfacci\u00f3n do interese lex\u00edtimo do responsable do tratamento consistente no desenvolvemento do negocio da empresa e ser\u00e1n gardados en mentres non se solicite a s\u00faa supresi\u00f3n polo interesado.<\/li>\n<li>Realizar comunicaci\u00f3ns comerciais.<br \/>\nA lexitimaci\u00f3n para tratar os seus datos \u00e9 o consentimento e ser\u00e1n gardados mentres non se solicite a s\u00faa supresi\u00f3n polo interesado.<\/li>\n<li>Mantemento do hist\u00f3rico de clientes.<br \/>\nA lexitimaci\u00f3n para tratar os seus datos \u00e9 o interese lex\u00edtimo do responsable de manter un hist\u00f3rico de vendas de servizos\/produtos, por posible continuaci\u00f3n da relaci\u00f3n contractual nun futuro. Os datos ser\u00e1n gardados mentres o interesado non solicite a supresi\u00f3n dos seus datos.<br \/>\nPara as finalidades cuxa lexitimaci\u00f3n se base no consentimento inform\u00e1moslle que o mesmo pode ser revogado en calquera momento dirix\u00edndose por escrito \u00e1 direcci\u00f3n do responsable do tratamento, sen que a retirada do consentimento, afecte \u00e1 licitud do tratamento realizado con anterioridade \u00e1 s\u00faa retirada.<\/li>\n<\/ol>\n<p><strong>Destinatarios de datos: <\/strong>Comunicarase \u00e1s Administraci\u00f3ns P\u00fablicas os datos persoais do cliente que sexan necesarios, co fin de dar cumprimento \u00e1s obrigaci\u00f3ns legais coa devandita Administraci\u00f3n.<\/p>\n<p><strong>Obrigatoriedade de facilitar os datos: <\/strong><\/p>\n<p>O cliente non est\u00e1 obrigado a facilitar os datos, pero a comunicaci\u00f3n dos mesmos \u00e9 un requisito previo, sen o que non se poder\u00e1 celebrar o contrato en caso de ser necesario ou a emisi\u00f3n das correspondentes facturas.<\/p>\n<p><strong>Transferencia de datos a terceiros pa\u00edses<\/strong>: No se van a realizar Transferencias Internacionais de datos.<\/p>\n<p><strong>Dereitos do interesado: <\/strong><\/p>\n<ul>\n<li>Acceso: dereito a obter confirmaci\u00f3n sobre se estamos a tratar datos persoais seus ou non, a saber, cales son, para que se usan, canto tempo van gardar, a orixe dos mesmos e se se comunicaron ou se van a comunicar a un terceiro.<\/li>\n<li>Rectificaci\u00f3n: dereito a solicitar a rectificaci\u00f3n dos datos inexactos e a que se completen os datos persoais incompletos.<\/li>\n<li>Supresi\u00f3n: dereito a solicitar a supresi\u00f3n dos datos de car\u00e1cter persoal cando sexan inadecuados, excesivos ou xa non sexan necesarios para os fins para os que foron recolleitos, inclu\u00eddo o dereito ao esquecemento.<\/li>\n<li>Oposici\u00f3n: dereito a opo\u00f1erse, en determinadas circunstancias, a que se realice o tratamento dos seus datos persoais ou a solicitar que se cese no tratamento.<\/li>\n<li>Limitaci\u00f3n do Tratamento: dereito a solicitar, nas circunstancias establecidas legalmente, que non se traten os seus datos m\u00e1is al\u00f3 da mera conservaci\u00f3n dos mesmos.<\/li>\n<li>Portabilidade: dereito a recibir os datos de car\u00e1cter persoal nun formato estruturado, de uso com\u00fan e lectura mec\u00e1nica, e poder transmitilos a outro responsable, sempre que sexa tecnicamente posible.<\/li>\n<\/ul>\n<p><strong>Exercicio de dereitos: <\/strong>O exercicio de dereitos deber\u00e1 efectuarse por escrito achegando fotocopia do seu documento identificativo, e dirixila \u00e1 direcci\u00f3n anteriormente citada. As\u00ed mesmo, po\u00f1emos \u00e1 s\u00faa\u00a0 disposici\u00f3n modelos para o seu exercicio, que poden recollerse nas nosas instalaci\u00f3ns ou obtelos na seguinte direcci\u00f3n\u00a0 <a href=\"http:\/\/www.algalia.com\/es\/clausulado_xegalia\" target=\"_blank\" rel=\"noopener\">www.algalia.com\/es\/clausulado_xegalia<\/a><\/p>\n<p>Para m\u00e1is informaci\u00f3n: <a href=\"http:\/\/www.agpd.es\" target=\"_blank\" rel=\"noopener\">www.agpd.es<\/a><\/p>\n<p><strong>Dereito de reclamaci\u00f3n ante a Autoridade de Control: <\/strong>No caso de que non se respectaron os seus dereitos pode presentar unha reclamaci\u00f3n dirix\u00edndose por escrito \u00e1 Axencia Espa\u00f1ola de Protecci\u00f3n de Datos sita na r\u00faa Jorge Juan, 6-28001-Madrid ou utilizar a sede electr\u00f3nica: <a href=\"https:\/\/sedeagpd.gob.es\" target=\"_blank\" rel=\"noopener\">https:\/\/sedeagpd.gob.es<\/a><\/p>\n<p>En ambos os casos, deber\u00e1 acompa\u00f1ar a documentaci\u00f3n pertinente.<\/p>\n\n<\/div><h2 class=\"tabtitle\">CORREO<br \/>\nELECTR\u00d3NICO<\/h2>\n<div class=\"tabcontent\">\n\n<p><strong>Normativa<\/strong>: Regulamento (UE) 2016\/679 RGPD<\/p>\n<p><strong>Responsable do tratamento<\/strong>: XEGALIA GALEGA DE XESTION, S.L.<\/p>\n<p>CIF: B36924587<\/p>\n<p>Direcci\u00f3n: R\u00faa Fais\u00e1n 7-Entlo, 36205 Vigo (Pontevedra)<\/p>\n<p>Tel\u00e9fono: 986379587<\/p>\n<p>Correo electr\u00f3nico: <a href=\"mailto:algalia@algalia.com\">algalia@algalia.com<\/a><\/p>\n<p><strong>Finalidade do tratamento<\/strong>: Atender \u00e1s comunicaci\u00f3ns de interese para ambas as partes.<\/p>\n<p><strong>Conservaci\u00f3n dos datos<\/strong>: Os datos persoais ser\u00e1n gardados en tanto non se solicite a s\u00faa supresi\u00f3n polo interesado.<\/p>\n<p><strong>Lexitimaci\u00f3n do tratamento<\/strong>: Consentimento do interesado ou o seu representante legal<\/p>\n<p><strong>Destinatarios de datos<\/strong>: No se realizar\u00e1n cesi\u00f3ns de datos.<\/p>\n<p><strong>Transferencia de datos a terceiros pa\u00edses<\/strong>: Non se van a producir Transferencias Internacionais de datos.<\/p>\n<p><strong>Dereitos do interesado<\/strong>:<\/p>\n<ul>\n<li>Acceso: dereito a obter confirmaci\u00f3n sobre se estamos a tratar datos persoais seus ou non, a saber, cales son, para que se usan, canto tempo van gardar, a orixe dos mesmos e se se comunicaron ou se van a comunicar a un terceiro.<\/li>\n<li>Rectificaci\u00f3n: dereito a solicitar a rectificaci\u00f3n dos datos inexactos e a que se completen os datos persoais incompletos.<\/li>\n<li>Supresi\u00f3n: dereito a solicitar a supresi\u00f3n dos datos de car\u00e1cter persoal cando sexan inadecuados, excesivos ou xa non sexan necesarios para os fins para os que foron recolleitos, inclu\u00eddo o dereito ao esquecemento.<\/li>\n<li>Oposici\u00f3n: dereito a opo\u00f1erse, en determinadas circunstancias, a que se realice o tratamento dos seus datos persoais ou a solicitar que se cese no tratamento.<\/li>\n<li>Limitaci\u00f3n do Tratamento: dereito a solicitar, nas circunstancias establecidas legalmente, que non se traten os seus datos m\u00e1is al\u00f3 da mera conservaci\u00f3n dos mesmos.<\/li>\n<li>Portabilidade: dereito a recibir os datos de car\u00e1cter persoal nun formato estruturado, de uso com\u00fan e lectura mec\u00e1nica, e poder transmitilos a outro responsable, sempre que sexa tecnicamente posible.<\/li>\n<\/ul>\n<p><strong>Exercicio de dereitos<\/strong>:\u00a0O exercicio de dereitos deber\u00e1 efectuarse por escrito achegando fotocopia do seu documento identificativo, e dirixila \u00e1 direcci\u00f3n anteriormente citada. As\u00ed mesmo, po\u00f1emos \u00e1 s\u00faa disposici\u00f3n modelos para o seu exercicio, que poden recollerse nas nosas instalaci\u00f3ns ou obtelos na seguinte direcci\u00f3n <a href=\"mailto:algalia@algalia.com\">algalia@algalia.com<\/a><\/p>\n<p>Para m\u00e1is informaci\u00f3n: <a href=\"http:\/\/www.agpd.es\" target=\"_blank\" rel=\"noopener\">www.agpd.es<\/a><\/p>\n<p><strong>Dereito de reclamaci\u00f3n ante a Autoridade de Control<\/strong>: No caso de que non se respectaron os seus dereitos pode presentar unha reclamaci\u00f3n dirix\u00edndose por escrito \u00e1 Axencia Espa\u00f1ola de Protecci\u00f3n de Datos sita na r\u00faa Jorge Juan, 6-28001-Madrid ou utilizar a sede electr\u00f3nica: <a href=\"https:\/\/sedeagpd.gob.es\" target=\"_blank\" rel=\"noopener\">https:\/\/sedeagpd.gob.es<\/a><\/p>\n<p>En ambosos\u00a0 casos, deber\u00e1 acompa\u00f1ar aa documentaci\u00f3n pertinente.<\/p>\n\n<\/div><h2 class=\"tabtitle\">PROVEEDORES<\/h2>\n<div class=\"tabcontent\">\n\n<p><strong>Normativa<\/strong>: Regulamento (UE) 2016\/679 RGPD.<\/p>\n<p><strong>Responsable do tratamento<\/strong>: XEGALIA GALEGA DE XESTION, S.L.<\/p>\n<p>CIF: B36924587<\/p>\n<p>Direcci\u00f3n: R\u00faa Fais\u00e1n 7-Entlo, 36205 Vigo (Pontevedra)<\/p>\n<p>Tel\u00e9fono: 986379587<\/p>\n<p>Correo electr\u00f3nico: <a href=\"mailto:algalia@algalia.com\">algalia@algalia.com<\/a><\/p>\n<p><strong>Finalidade do tratamento<\/strong>:<\/p>\n<ol>\n<li>Xesti\u00f3n dos datos do provedor para o cumprimento do obxecto do contrato. A base legal para o tratamento dos seus datos \u00e9 a celebraci\u00f3n dun contrato e ser\u00e1n gardados mentres dure a relaci\u00f3n contractual ou ata a finalizaci\u00f3n do prazo de prescrici\u00f3n das acci\u00f3ns que poidan derivarse da relaci\u00f3n contractual.<\/li>\n<li>Xesti\u00f3n administrativa. A base legal para o tratamento dos seus datos \u00e9 a celebraci\u00f3n dun contrato e ser\u00e1n gardados mentres dure a relaci\u00f3n contractual.<\/li>\n<li>Xesti\u00f3n contable. A base legal para o tratamento dos seus datos \u00e9 o cumprimento dunha obrigaci\u00f3n legal establecida no Real Decreto do 22 de agosto de 1885 polo que se publica o C\u00f3digo de Comercio e ser\u00e1n gardados o prazo establecido na devandita norma e demais lexislaci\u00f3n aplicable.<\/li>\n<li>Xesti\u00f3n fiscal. A base legal para o tratamento dos seus datos \u00e9 o cumprimento dunha obrigaci\u00f3n legal establecida en Lei 58\/2003, do 17 de decembro, Xeral Tributaria e ser\u00e1n gardados durante o prazo establecido na devandita norma e demais lexislaci\u00f3n aplicable.<\/li>\n<\/ol>\n<p><strong>Destinatarios de datos:<\/strong><\/p>\n<ul>\n<li>Comunicarase \u00e1s Administraci\u00f3ns P\u00fablicas (Axencia Estatal de administraci\u00f3n Tributaria\/ Facenda) os datos persoais do cliente que sexan necesarios, co fin de dar cumprimento \u00e1s obrigaci\u00f3ns legais coa devandita Administraci\u00f3n.<\/li>\n<li>Cederanse a outras administraci\u00f3ns p\u00fablicas, en base ao interese lex\u00edtimo do responsable do tratamento (mellorar a competitividade da empresa), os datos dos provedores que sexan necesarios para a xustificaci\u00f3n de subvenci\u00f3ns.<\/li>\n<li>Comunicaranse \u00e1s entidades bancarias, os datos que sexan necesarios co fin de realizar os ingresos e pagos bancarios derivados da relaci\u00f3n contractual.<\/li>\n<\/ul>\n<p><strong>Obligatoriedade de facilitar os datos<\/strong><\/p>\n<p>O provedor non est\u00e1 obrigado a facilitar os datos, pero a comunicaci\u00f3n dos mesmos \u00e9 un requisito previo, sen o que non se poder\u00e1 celebrar o contrato.<\/p>\n<p><strong>Transferencia de datos a terceiros pa\u00edses:<\/strong><\/p>\n<p>Non se van a realizar Transferencias Internacionais de datos.<\/p>\n<p><strong>Dereitos do interesado<\/strong>:<\/p>\n<ul>\n<li>Acceso: dereito a obter confirmaci\u00f3n sobre se estamos a tratar datos persoais seus ou non, a saber, cales son, para que se usan, canto tempo van gardar, a orixe dos mesmos e se se comunicaron ou se van a comunicar a un terceiro.<\/li>\n<li>Rectificaci\u00f3n: dereito a solicitar a rectificaci\u00f3n dos datos inexactos e a que se completen os datos persoais incompletos.<\/li>\n<li>Supresi\u00f3n: dereito a solicitar a supresi\u00f3n dos datos de car\u00e1cter persoal cando sexan inadecuados, excesivos ou xa non sexan necesarios para os fins para os que foron recolleitos, inclu\u00eddo o dereito ao esquecemento.<\/li>\n<li>Oposici\u00f3n: dereito a opo\u00f1erse, en determinadas circunstancias, a que se realice o tratamento dos seus datos persoais ou a solicitar que se cese no tratamento.<\/li>\n<li>Limitaci\u00f3n do Tratamento: dereito a solicitar, nas circunstancias establecidas legalmente, que non se traten os seus datos m\u00e1is al\u00f3 da mera conservaci\u00f3n dos mesmos.<\/li>\n<li>Portabilidade: dereito a recibir os datos de car\u00e1cter persoal nun formato estruturado, de uso com\u00fan e lectura mec\u00e1nica, e poder transmitilos a outro responsable, sempre que sexa tecnicamente posible.<\/li>\n<\/ul>\n<p><strong>Exercicio dos dereitos<\/strong>:\u00a0O exercicio de dereitos deber\u00e1 efectuarse por escrito achegando fotocopia do seu documento identificativo, e dirixila \u00e1 direcci\u00f3n anteriormente citada. As\u00ed mesmo, po\u00f1emos \u00e1 s\u00faa disposici\u00f3n modelos para o seu exercicio, que poden recollerse nas nosas instalaci\u00f3ns ou obtelos na seguinte direcci\u00f3n a <a href=\"http:\/\/www.algalia.com\/es\/clausulado_xegalia\">www.algalia.com\/es\/clausulado_xegalia<\/a><\/p>\n<p>Para mais informaci\u00f3n: <a href=\"http:\/\/www.agpd.es\">www.agpd.es<\/a><\/p>\n<p><strong>Dereito de reclamaci\u00f3n ante a Autoridade de Control<\/strong>: No caso de que non se respectaron os seus dereitos pode presentar unha reclamaci\u00f3n dirix\u00edndose por escrito \u00e1 Axencia Espa\u00f1ola de Protecci\u00f3n de Datos sita na r\u00faa Jorge Juan, 6-28001-Madrid ou utilizar a sede electr\u00f3nica: <a href=\"https:\/\/sedeagpd.gob.es\">https:\/\/sedeagpd.gob.es<\/a><\/p>\n<p>En ambos os casos, deber\u00e1 acompa\u00f1ar a documentaci\u00f3n pertinente.<\/p>\n<p><\/div><\/div><\/p>","protected":false},"excerpt":{"rendered":"<p>Normativa: \u00a0Regulamento (UE) 2016\/679 RGPD. Responsable do tratamento: XEGALIA GALEGA DE XESTION, S.L. CIF: B36924587 Direcci\u00f3n: R\u00faa Fais\u00e1n 7-Entlo, 36205 Vigo (Pontevedra) Tel\u00e9fono: 986379587 Correo electr\u00f3nico: algalia@algalia.com Finalidade do tratamento: Cumprimento do obxecto do contrato. A lexitimaci\u00f3n para tratar os seus datos \u00e9 a celebraci\u00f3n dun contrato e ser\u00e1n gardados mentres dure a relaci\u00f3n contractual [&hellip;]<\/p>\n","protected":false},"author":3,"featured_media":0,"parent":0,"menu_order":0,"comment_status":"closed","ping_status":"closed","template":"","meta":[],"_links":{"self":[{"href":"https:\/\/algalia.com\/gl\/wp-json\/wp\/v2\/pages\/7545"}],"collection":[{"href":"https:\/\/algalia.com\/gl\/wp-json\/wp\/v2\/pages"}],"about":[{"href":"https:\/\/algalia.com\/gl\/wp-json\/wp\/v2\/types\/page"}],"author":[{"embeddable":true,"href":"https:\/\/algalia.com\/gl\/wp-json\/wp\/v2\/users\/3"}],"replies":[{"embeddable":true,"href":"https:\/\/algalia.com\/gl\/wp-json\/wp\/v2\/comments?post=7545"}],"version-history":[{"count":13,"href":"https:\/\/algalia.com\/gl\/wp-json\/wp\/v2\/pages\/7545\/revisions"}],"predecessor-version":[{"id":7943,"href":"https:\/\/algalia.com\/gl\/wp-json\/wp\/v2\/pages\/7545\/revisions\/7943"}],"wp:attachment":[{"href":"https:\/\/algalia.com\/gl\/wp-json\/wp\/v2\/media?parent=7545"}],"curies":[{"name":"wp","href":"https:\/\/api.w.org\/{rel}","templated":true}]}}