{"id":18,"date":"2015-06-16T12:57:53","date_gmt":"2015-06-16T10:57:53","guid":{"rendered":"https:\/\/algalia.com\/?page_id=18"},"modified":"2023-10-26T12:43:11","modified_gmt":"2023-10-26T10:43:11","slug":"contacto","status":"publish","type":"page","link":"https:\/\/algalia.com\/gl\/contacto\/","title":{"rendered":"Contacto"},"content":{"rendered":"<p><\/p>\n<h2>As nosas oficinas<\/h2>\n<div class=\"direccion\">R\/ Fais\u00e1n 7 Entr. A &#8211; 36205 Vigo (Pontevedra)<\/div>\n<div class=\"direccion\">Praza de Europa 10 A, 2\u00aa Planta. \u00c1rea Central (entrada Alcampo) 15707 Santiago de Compostela<\/div>\n<div class=\"direccion\"><\/div>\n<div><\/div>\n<div class=\"telefono\">986 379 587<\/div>\n<div class=\"fax\">986 373 064<\/div>\n<div class=\"email\"><a href=\"mailto:algalia@algalia.com\">algalia@algalia.com<\/a><\/div>\n<p>&nbsp;<\/p>\n<p>O horario de atenci\u00f3n \u00f3 p\u00fablico ser\u00e1:<\/p>\n<ul>\n<li>Desde o 1 de outubro ata o 31 de maio de luns a xoves de 9:00 a 14:00 e de 16:00 a 18:00 e os venres de 9:00 a 14:00.<\/li>\n<li>Desde o 1 de xu\u00f1o ata o 30 de setembro de 9:00 a 14:00.<\/li>\n<\/ul>\n<p>&nbsp;<\/p>\n<p><strong>PROTECCI\u00d3N DE DATOS:<\/strong> Regulamento (UE) 2016\/679 RGPD e LOPDGDD 3\/2018. ALGALIA, SOCIEDADE COOPERATIVA GALEGA, como responsable de tratamento, tratar\u00e1 os seus datos para xestionar as s\u00faas solicitudes de informaci\u00f3n, d\u00fabidas, consultas, suxerencias ou queixas.\u00a0 Poder\u00e1s exercitar os dereitos de acceso, rectificaci\u00f3n e supresi\u00f3n dos teus datos, entre outros, tal e como se explica na informaci\u00f3n adicional que est\u00e1 \u00e1 s\u00faa disposici\u00f3n na <a href=\"https:\/\/algalia.com\/gl\/aviso-legal-e-politica-de-privacidade\/\" target=\"_blank\" rel=\"noopener\">Pol\u00edtica de Privacidade.<\/a><\/p>\n<p>&nbsp;<\/p>","protected":false},"excerpt":{"rendered":"<div class=\"telefono\">986 379 587<\/div>\n<div class=\"email\"><a href=\"mailto:algalia@algalia.com\">algalia@algalia.com<\/a><\/div>\n<div class=\"linkedin\"><a href=\"https:\/\/www.linkedin.com\/company\/algalia-servicios-para-el-tercer-sector\" target=\"_blank\" rel=\"noopener\">S\u00edguenos<\/a><\/div>\n","protected":false},"author":1,"featured_media":0,"parent":0,"menu_order":0,"comment_status":"open","ping_status":"open","template":"template-contacto.php","meta":[],"_links":{"self":[{"href":"https:\/\/algalia.com\/gl\/wp-json\/wp\/v2\/pages\/18"}],"collection":[{"href":"https:\/\/algalia.com\/gl\/wp-json\/wp\/v2\/pages"}],"about":[{"href":"https:\/\/algalia.com\/gl\/wp-json\/wp\/v2\/types\/page"}],"author":[{"embeddable":true,"href":"https:\/\/algalia.com\/gl\/wp-json\/wp\/v2\/users\/1"}],"replies":[{"embeddable":true,"href":"https:\/\/algalia.com\/gl\/wp-json\/wp\/v2\/comments?post=18"}],"version-history":[{"count":56,"href":"https:\/\/algalia.com\/gl\/wp-json\/wp\/v2\/pages\/18\/revisions"}],"predecessor-version":[{"id":14122,"href":"https:\/\/algalia.com\/gl\/wp-json\/wp\/v2\/pages\/18\/revisions\/14122"}],"wp:attachment":[{"href":"https:\/\/algalia.com\/gl\/wp-json\/wp\/v2\/media?parent=18"}],"curies":[{"name":"wp","href":"https:\/\/api.w.org\/{rel}","templated":true}]}}