{"id":15609,"date":"2025-05-21T09:12:30","date_gmt":"2025-05-21T07:12:30","guid":{"rendered":"https:\/\/algalia.com\/?page_id=15609"},"modified":"2026-03-31T10:51:57","modified_gmt":"2026-03-31T08:51:57","slug":"virada-emocions","status":"publish","type":"page","link":"https:\/\/algalia.com\/gl\/programa-virada\/virada-emocions\/","title":{"rendered":"VIRADA EMOCI\u00d3NS"},"content":{"rendered":"<p><img decoding=\"async\" loading=\"lazy\" class=\"wp-image-15623 alignright\" src=\"https:\/\/algalia.com\/wp-content\/uploads\/2025\/05\/EMOCIONES_web.jpg\" alt=\"\" width=\"400\" height=\"298\" srcset=\"https:\/\/algalia.com\/wp-content\/uploads\/2025\/05\/EMOCIONES_web.jpg 1932w, https:\/\/algalia.com\/wp-content\/uploads\/2025\/05\/EMOCIONES_web-300x224.jpg 300w, https:\/\/algalia.com\/wp-content\/uploads\/2025\/05\/EMOCIONES_web-1024x763.jpg 1024w, https:\/\/algalia.com\/wp-content\/uploads\/2025\/05\/EMOCIONES_web-768x572.jpg 768w, https:\/\/algalia.com\/wp-content\/uploads\/2025\/05\/EMOCIONES_web-1536x1145.jpg 1536w, https:\/\/algalia.com\/wp-content\/uploads\/2025\/05\/EMOCIONES_web-610x455.jpg 610w\" sizes=\"(max-width: 400px) 100vw, 400px\" \/>VIRADA Emoci\u00f3ns est\u00e1 dese\u00f1ado para axudarche a desenvolver unha maior conciencia das t\u00faas emoci\u00f3ns. A trav\u00e9s dunha combinaci\u00f3n de traballo persoal e grupal, explorar\u00e1s como infl\u00faen na t\u00faa vida diaria e como convivir con elas.<\/p>\n<p>Est\u00e1 dirixido a persoas interesadas en explorar e profundar\u00a0 nas s\u00faas emoci\u00f3ns, a persoas que acompa\u00f1an a outras persoas tanto nos teus proxectos de vida como no seu desenvolvemento profesional.<\/p>\n<p>Entre os obxectivos de VIRADA Emoci\u00f3ns at\u00f3panse reco\u00f1ecer o valor do mundo emocional como un parte integral da vida en comunidade, aprender a interpretar as emoci\u00f3ns e comprender o seu impacto, e desenvolver a capacidade de autorregularse emocionalmente sen caer na desconexi\u00f3n ou a racionalizaci\u00f3n excesiva.<\/p>\n<p>O programa consta de diferentes espazos de aprendizaxe:<\/p>\n<ul>\n<li><strong>Obradoiros vivenciais.<\/strong><\/li>\n<li><strong>Obradoiros de contido sobre emoci\u00f3ns.<\/strong><\/li>\n<li><strong>Tarefas de reflexi\u00f3n entre encontros .<\/strong><\/li>\n<li><strong>Xeraci\u00f3n de comunidades de aprendizaxe.<\/strong><\/li>\n<\/ul>\n<p>&nbsp;<\/p>\n<div class=\"bloques-flex clr\">\n<div class=\"card\">\n<h2><a href=\"https:\/\/algalia.com\/wp-content\/uploads\/2025\/05\/VIRADA-EMOCIONES-GAL-25.pdf\" target=\"_blank\" rel=\"noopener\">Mais informaci\u00f3n<\/a><\/h2>\n<ul class=\"contido\">\n<li>Consulta toda a informaci\u00f3n sobre o \u00faltimo programa: <a href=\"https:\/\/algalia.com\/wp-content\/uploads\/2026\/03\/VIRADA_EMOCIONES_GAL26_baixa.pdf\" target=\"_blank\" rel=\"noopener\">Dossier do Programa Emoci\u00f3ns 2026<\/a><\/li>\n<\/ul>\n<\/div>\n<div class=\"card\">\n<h2><a href=\"https:\/\/algalia.com\/gl\/curso\/virada-emocions\/\" target=\"_blank\" rel=\"noopener\">Inscrici\u00f3n<\/a><\/h2>\n<ul class=\"contido\">\n<li><em>Data l\u00edmite de inscrici\u00f3n: <strong>11 de xu\u00f1o de 2026.<\/strong><\/em><\/li>\n<li><em>Accede ao formulario de inscrici\u00f3n <a href=\"https:\/\/algalia.com\/curso\/virada-emocions\/\" target=\"_blank\" rel=\"noopener\">aqu\u00ed<\/a>.<\/em><\/li>\n<li><em>Miguel Barbosa\u00a0<\/em><a href=\"mailto:miguel.barbosa@algalia.com\" target=\"_blank\" rel=\"noopener\">miguel.barbosa@algalia.com<\/a> 637482484<\/li>\n<\/ul>\n<\/div>\n<\/div>\n<p><\/p>","protected":false},"excerpt":{"rendered":"<p>VIRADA Emoci\u00f3ns est\u00e1 dese\u00f1ado para axudarche a desenvolver unha maior conciencia das t\u00faas emoci\u00f3ns. A trav\u00e9s dunha combinaci\u00f3n de traballo persoal e grupal, explorar\u00e1s como infl\u00faen na t\u00faa vida diaria e como convivir con elas. Est\u00e1 dirixido a persoas interesadas en explorar e profundar\u00a0 nas s\u00faas emoci\u00f3ns, a persoas que acompa\u00f1an a outras persoas tanto [&hellip;]<\/p>\n","protected":false},"author":3,"featured_media":0,"parent":9264,"menu_order":0,"comment_status":"closed","ping_status":"closed","template":"","meta":[],"_links":{"self":[{"href":"https:\/\/algalia.com\/gl\/wp-json\/wp\/v2\/pages\/15609"}],"collection":[{"href":"https:\/\/algalia.com\/gl\/wp-json\/wp\/v2\/pages"}],"about":[{"href":"https:\/\/algalia.com\/gl\/wp-json\/wp\/v2\/types\/page"}],"author":[{"embeddable":true,"href":"https:\/\/algalia.com\/gl\/wp-json\/wp\/v2\/users\/3"}],"replies":[{"embeddable":true,"href":"https:\/\/algalia.com\/gl\/wp-json\/wp\/v2\/comments?post=15609"}],"version-history":[{"count":30,"href":"https:\/\/algalia.com\/gl\/wp-json\/wp\/v2\/pages\/15609\/revisions"}],"predecessor-version":[{"id":16162,"href":"https:\/\/algalia.com\/gl\/wp-json\/wp\/v2\/pages\/15609\/revisions\/16162"}],"up":[{"embeddable":true,"href":"https:\/\/algalia.com\/gl\/wp-json\/wp\/v2\/pages\/9264"}],"wp:attachment":[{"href":"https:\/\/algalia.com\/gl\/wp-json\/wp\/v2\/media?parent=15609"}],"curies":[{"name":"wp","href":"https:\/\/api.w.org\/{rel}","templated":true}]}}