{"id":1472,"date":"2016-06-07T11:02:21","date_gmt":"2016-06-07T09:02:21","guid":{"rendered":"https:\/\/algalia.com\/?page_id=1472"},"modified":"2024-02-15T10:59:50","modified_gmt":"2024-02-15T08:59:50","slug":"organos","status":"publish","type":"page","link":"https:\/\/algalia.com\/gl\/somos-e-aspiramos\/organos\/","title":{"rendered":"\u00d3rganos"},"content":{"rendered":"<p>A Asemblea \u00e9 o \u00f3rgano de expresi\u00f3n da vontade social, e o Consello Reitor \u00e9 o \u00f3rgano de goberno, ao que lle corresponde a xesti\u00f3n e representaci\u00f3n da cooperativa. A Direcci\u00f3n \u00e9 o m\u00e1ximo \u00f3rgano executivo da cooperativa no tocante\u00a0\u00e1s funci\u00f3ns empresariais.<\/p>\n<ul>\n<li>O Consello Reitor de ALGALIA S. COOP. GALEGA est\u00e1 formado por:\n<ul>\n<li>\u00c1ngel Rodr\u00edguez Gonz\u00e1lez. Presidente.<\/li>\n<li>Jorge Rodr\u00edguez Malingre. Vicepresidente.<\/li>\n<li>Tuco \u00c1lvarez Villamar\u00edn. Secretario.<\/li>\n<\/ul>\n<\/li>\n<li>A Direcci\u00f3n de ALGALIA est\u00e1 composta por:\n<ul>\n<li>Celso G\u00e1ndara Carneiro. Xerente.<\/li>\n<li>Jorge Rodr\u00edguez Malingre. Responsable de Servizos Econ\u00f3micos.<\/li>\n<li>Marta Armada Castro. Responsable de Servizos Laborais.<\/li>\n<li>Miguel Barbosa Rodr\u00edguez. Responsable da \u00c1rea Consultor\u00eda.<\/li>\n<\/ul>\n<\/li>\n<\/ul>\n<p><\/p>","protected":false},"excerpt":{"rendered":"<p>A Asemblea \u00e9 o \u00f3rgano de expresi\u00f3n da vontade social, e o Consello Reitor \u00e9 o \u00f3rgano de goberno, ao que lle corresponde a xesti\u00f3n e representaci\u00f3n da cooperativa. A Direcci\u00f3n \u00e9 o m\u00e1ximo \u00f3rgano executivo da cooperativa no tocante\u00a0\u00e1s funci\u00f3ns empresariais. O Consello Reitor de ALGALIA S. COOP. GALEGA est\u00e1 formado por: \u00c1ngel Rodr\u00edguez [&hellip;]<\/p>\n","protected":false},"author":1,"featured_media":0,"parent":4,"menu_order":0,"comment_status":"closed","ping_status":"closed","template":"template-interior.php","meta":[],"_links":{"self":[{"href":"https:\/\/algalia.com\/gl\/wp-json\/wp\/v2\/pages\/1472"}],"collection":[{"href":"https:\/\/algalia.com\/gl\/wp-json\/wp\/v2\/pages"}],"about":[{"href":"https:\/\/algalia.com\/gl\/wp-json\/wp\/v2\/types\/page"}],"author":[{"embeddable":true,"href":"https:\/\/algalia.com\/gl\/wp-json\/wp\/v2\/users\/1"}],"replies":[{"embeddable":true,"href":"https:\/\/algalia.com\/gl\/wp-json\/wp\/v2\/comments?post=1472"}],"version-history":[{"count":15,"href":"https:\/\/algalia.com\/gl\/wp-json\/wp\/v2\/pages\/1472\/revisions"}],"predecessor-version":[{"id":9201,"href":"https:\/\/algalia.com\/gl\/wp-json\/wp\/v2\/pages\/1472\/revisions\/9201"}],"up":[{"embeddable":true,"href":"https:\/\/algalia.com\/gl\/wp-json\/wp\/v2\/pages\/4"}],"wp:attachment":[{"href":"https:\/\/algalia.com\/gl\/wp-json\/wp\/v2\/media?parent=1472"}],"curies":[{"name":"wp","href":"https:\/\/api.w.org\/{rel}","templated":true}]}}