{"id":136,"date":"2015-07-03T17:23:00","date_gmt":"2015-07-03T15:23:00","guid":{"rendered":"https:\/\/algalia.com\/?page_id=136"},"modified":"2023-06-27T09:02:57","modified_gmt":"2023-06-27T07:02:57","slug":"aviso-legal","status":"publish","type":"page","link":"https:\/\/algalia.com\/gl\/aviso-legal\/","title":{"rendered":"Aviso legal e pol\u00edtica de privacidade"},"content":{"rendered":"<p><\/p>\n<div class=\"col_b\">\n<div class=\"textbox\">\n<div id=\"contenedor\" class=\"textarea unknown\">\n<p><strong>ALGALIA SOCIEDADE COOPERATIVA GALEGA<\/strong>, en cumprimento da Lei 34\/2002, do 11 de xullo, de Servizos da Sociedade da Informaci\u00f3n e de Comercio Electr\u00f3nico, inf\u00f3rmalle:<\/p>\n<ul>\n<li>A s\u00faa denominaci\u00f3n social \u00e9 ALGALIA SOCIEDADE COOPERATIVA GALEGA<\/li>\n<li>O seu NIF \u00e9 F36859395<\/li>\n<li>O seu enderezo sit\u00faase en R\u00faa Fais\u00e1n 7-Entlo A, 36205 Vigo (Pontevedra)<\/li>\n<li>O seu tel\u00e9fono de contacto \u00e9 986379587<\/li>\n<li>Est\u00e1 inscrita no Rexistro Galego de Cooperativas\u00a0\u00a0Tomo II Folio 181 Asento 1 N\u00ba 181-SCT<\/li>\n<li>E disp\u00f3n da seguinte direcci\u00f3n de correo electr\u00f3nico de contacto <a href=\"mailto:algalia@algalia.com\">algalia@algalia.com<\/a><\/li>\n<\/ul>\n<p><strong>PROTECCI\u00d3N DE DATOS PERSOAIS<\/strong><\/p>\n<p>Os datos persoais vinculados a esta web respectan as esixencias do Regulamento (UE) 2016\/679 do Parlamento Europeo e do Consello do 27 de abril de 2016 relativo \u00e1 protecci\u00f3n das persoas f\u00edsicas no que respecta ao tratamento de datos persoais e \u00e1 libre circulaci\u00f3n destes datos e demais lexislaci\u00f3n e normativa vixente en materia de protecci\u00f3n de datos.<\/p>\n<p><strong>Quen \u00e9 o Responsable do tratamento dos datos que nos facilites?<\/strong><\/p>\n<p>ALGALIA\u00a0 SOCIEDADE COOPERATIVA GALEGA<\/p>\n<p>CIF: F36859395<\/p>\n<p>Enderezo: R\u00faa Fais\u00e1n 7-Entlo A, 36205 Vigo (Pontevedra)<\/p>\n<p>Correo electr\u00f3nico: <a href=\"mailto:algalia@algalia.com\">algalia@algalia.com<\/a><\/p>\n<p><strong>Con que finalidade e lexitimaci\u00f3n tratamos os teus datos persoais?<\/strong><\/p>\n<p>1.- Datos das persoas que contactan a trav\u00e9s do apartado de contacto. Trataremos os teus datos coa finalidade de xestionar e atender as t\u00faas solicitudes de informaci\u00f3n, d\u00fabidas, consultas, suxerencias ou queixas. Podemos tratar os teus datos con esta finalidade porque temos un interese lex\u00edtimo en atender \u00e1s comunicaci\u00f3ns necesarias para poder levar a cabo a nosa actividade.<\/p>\n<p>2.- Datos das persoas que se subscriben ao Bolet\u00edn de Noticias. Trataremos os teus datos coa finalidade de xestionar a t\u00faa subscrici\u00f3n e posterior env\u00edo dos bolet\u00edns informativos. Podemos tratar os teus datos con esta finalidade porque nos deu o teu consentimento expl\u00edcito.<\/p>\n<p>3.- Datos das persoas que se inscriben nun curso. Trataremos os teus datos coas seguintes finalidades:<\/p>\n<p>3.1.- Xestionar a t\u00faa inscrici\u00f3n e participaci\u00f3n no curso. Podemos tatar os teus datos con esta finalidade porque existe unha relaci\u00f3n de prestaci\u00f3n de servizos.<\/p>\n<p>3.2.- Xesti\u00f3n contable. Podemos tratar os teus datos con esta finalidade porque existe unha obrigaci\u00f3n legal establecida no Real Decreto do 22 de agosto de 1885 polo que se publica o C\u00f3digo de Comercio.<\/p>\n<p>3.3- Xesti\u00f3n fiscal. Podemos tratar os teus datos con esta finalidade porque existe unha obrigaci\u00f3n legal establecida na Lei Xeral Tributaria 58\/2003 e demais lexislaci\u00f3n aplicable.<\/p>\n<p>3.4.- Actividades de promoci\u00f3n (env\u00edo de comunicaci\u00f3ns comerciais). Podemos tratar os teus datos con esta finalidade porque nos outorgaches o teu consentimento explicito.<\/p>\n<p><strong>Durante canto tempo conservaremos os seus datos persoais?<\/strong><\/p>\n<p>Os seus datos ser\u00e1n conservados o tempo necesario\u00a0 para cumprir coas finalidades indicadas e, debidamente bloqueados, durante o prazo de prescrici\u00f3n m\u00e1is amplo de conformidade coa lexislaci\u00f3n aplicable.<\/p>\n<p><strong>A quen se comunicar\u00e1 os seus datos?<\/strong><\/p>\n<p>a) Os datos facilitados a trav\u00e9s do apartado de contacto e os das persoas que se subscriben ao bolet\u00edn de noticias non se ceder\u00e1n a terceiros. Comunicaranse aos nosos encargados de tratamento os datos que sexan necesarios para a correcta prestaci\u00f3n dos servizos contratados aos mesmos.<\/p>\n<p>b) Os datos das persoas que se inscriben nun curso comunicaranse:<\/p>\n<ul>\n<li>\u00c1 administraci\u00f3n Tributaria os datos que sexan necesarios para o cumprimento das obrigaci\u00f3ns legais con esta Administraci\u00f3n.<\/li>\n<li>\u00c1s pasarelas de pago e entidades bancarias os datos necesarios para xesti\u00f3n da cobranza dos produtos adquiridos.<\/li>\n<li>A compa\u00f1\u00edas aseguradoras, avogados, procuradores, xulgados e tribunais, os datos necesarios para a formulaci\u00f3n, atenci\u00f3n ou defensa de reclamaci\u00f3ns.<\/li>\n<li>Aos nosos encargados de tratamento os datos que sexan necesarios para a correcta prestaci\u00f3n dos servizos contratados nos mesmos.<\/li>\n<\/ul>\n<p><strong>Realizaranse Transferencias Internacionais dos teus datos?<\/strong><\/p>\n<p>Con ocasi\u00f3n da utilizaci\u00f3n da plataforma Mailchimp para o o env\u00edo de comunicaci\u00f3ns poder\u00eda producirse unha transferencia internacional dos seus datos a EE.UU. ou a calquera outro pa\u00eds no que os seus subprocesadores mante\u00f1an operaci\u00f3ns. conforme o Anexo de Procedemento de Datos de Mailchimp, as transmisi\u00f3ns de datos fose do Espazo Econ\u00f3mico Europeo levar\u00e1n a cabo cumprindo coa lexislaci\u00f3n vixente en materia de protecci\u00f3n de datos, mediante cl\u00e1usulas contractuais tipo ou soluci\u00f3ns de transferencia alternativa. Pode obter m\u00e1is informaci\u00f3n en: <a href=\"https:\/\/mailchimp.com\/legal\/data-processing-addendum\/#6._International_Transfers\" target=\"_blank\" rel=\"noopener\">https:\/\/mailchimp.com\/legal\/data-processing-addendum\/#6._International_Transfers<\/a>.<\/p>\n<p><strong>Cales son os teus dereitos cando nos facilitas os teus datos persoais?<\/strong><\/p>\n<ul>\n<li>Acceso: dereito a obter confirmaci\u00f3n sobre se estamos a tratar datos persoais seus ou non, a saber, cales son, para que se usan, canto tempo van gardar, a orixe dos mesmos e se se comunicaron ou se van a comunicar a un terceiro.<\/li>\n<li>Rectificaci\u00f3n: dereito a solicitar a rectificaci\u00f3n dos datos inexactos e a que se completen os datos persoais incompletos.<\/li>\n<li>Supresi\u00f3n: dereito a solicitar a supresi\u00f3n dos datos de car\u00e1cter persoal cando sexan inadecuados, excesivos ou xa non sexan necesarios para os fins para os que foron recolleitos, inclu\u00eddo o dereito ao esquecemento.<\/li>\n<li>Oposici\u00f3n: dereito a opo\u00f1erse, en determinadas circunstancias, a que se realice o tratamento dos seus datos persoais ou a solicitar que se cese no tratamento.<\/li>\n<li>Limitaci\u00f3n do Tratamento: dereito a solicitar, nas circunstancias establecidas legalmente, que non se traten os seus datos m\u00e1is al\u00f3 da mera conservaci\u00f3n dos mesmos.<\/li>\n<li>Portabilidade: dereito a recibir os datos de car\u00e1cter persoal nun formato estruturado, de uso com\u00fan e lectura mec\u00e1nica, e poder transmitilos a outro responsable, sempre que sexa tecnicamente posible.<\/li>\n<li>Dereito a retirar o consentimento: poder\u00e1s retirar o teu consentimento en calquera momento dirix\u00edndoche por escrito \u00e1 direcci\u00f3n indicada ao comezo desta pol\u00edtica. Os tratamentos de datos que se realizaron con anterioridade a esa data continuar\u00e1n sendo v\u00e1lidos.<\/li>\n<\/ul>\n<p><strong>Onde poder\u00e1s exercitar os teus dereitos?<\/strong><\/p>\n<p>O exercicio de dereitos deber\u00e1s efectualo, dirix\u00edndoche \u00e1 direcci\u00f3n ou ao correo electr\u00f3nico indicados ao comezo desta Pol\u00edtica. Po\u00f1emos \u00e1 t\u00faa disposici\u00f3n modelos de formularios para o seu exercicio que poder\u00e1s obter na direcci\u00f3n ou a trav\u00e9s do correo electr\u00f3nico indicados anteriormente. Para m\u00e1is informaci\u00f3n: <a href=\"http:\/\/www.agpd.es\" target=\"_blank\" rel=\"noopener\">www.agpd.es<\/a>.<\/p>\n<p><strong>Tes dereito a presentar unha reclamaci\u00f3n cara a Autoridade de control?\u00a0<\/strong><\/p>\n<p>No caso de que non se respectaron os teus dereitos podes presentar unha reclamaci\u00f3n dirix\u00edndose por escrito \u00e1 Axencia Espa\u00f1ola de Protecci\u00f3n de Datos sita na r\u00faa Jorge Juan, 6-28001-Madrid ou utilizando a sede electr\u00f3nica:\u00a0 <a href=\"https:\/\/sedeagpd.gob.es\" target=\"_blank\" rel=\"noopener\">https:\/\/sedeagpd.gob.es<\/a>. En ambos os casos, deber\u00e1 acompa\u00f1ar a documentaci\u00f3n pertinente.<\/p>\n<\/div>\n<\/div>\n<\/div>\n<p><\/p>","protected":false},"excerpt":{"rendered":"<p>ALGALIA SOCIEDADE COOPERATIVA GALEGA, en cumprimento da Lei 34\/2002, do 11 de xullo, de Servizos da Sociedade da Informaci\u00f3n e de Comercio Electr\u00f3nico, inf\u00f3rmalle: A s\u00faa denominaci\u00f3n social \u00e9 ALGALIA SOCIEDADE COOPERATIVA GALEGA O seu NIF \u00e9 F36859395 O seu enderezo sit\u00faase en R\u00faa Fais\u00e1n 7-Entlo A, 36205 Vigo (Pontevedra) O seu tel\u00e9fono de contacto [&hellip;]<\/p>\n","protected":false},"author":1,"featured_media":0,"parent":0,"menu_order":0,"comment_status":"open","ping_status":"open","template":"","meta":[],"_links":{"self":[{"href":"https:\/\/algalia.com\/gl\/wp-json\/wp\/v2\/pages\/136"}],"collection":[{"href":"https:\/\/algalia.com\/gl\/wp-json\/wp\/v2\/pages"}],"about":[{"href":"https:\/\/algalia.com\/gl\/wp-json\/wp\/v2\/types\/page"}],"author":[{"embeddable":true,"href":"https:\/\/algalia.com\/gl\/wp-json\/wp\/v2\/users\/1"}],"replies":[{"embeddable":true,"href":"https:\/\/algalia.com\/gl\/wp-json\/wp\/v2\/comments?post=136"}],"version-history":[{"count":35,"href":"https:\/\/algalia.com\/gl\/wp-json\/wp\/v2\/pages\/136\/revisions"}],"predecessor-version":[{"id":13719,"href":"https:\/\/algalia.com\/gl\/wp-json\/wp\/v2\/pages\/136\/revisions\/13719"}],"wp:attachment":[{"href":"https:\/\/algalia.com\/gl\/wp-json\/wp\/v2\/media?parent=136"}],"curies":[{"name":"wp","href":"https:\/\/api.w.org\/{rel}","templated":true}]}}