{"id":1249,"date":"2016-05-18T13:21:46","date_gmt":"2016-05-18T11:21:46","guid":{"rendered":"https:\/\/algalia.com\/?page_id=1249"},"modified":"2016-06-17T11:55:11","modified_gmt":"2016-06-17T09:55:11","slug":"valores","status":"publish","type":"page","link":"https:\/\/algalia.com\/gl\/somos-e-aspiramos\/valores\/","title":{"rendered":"Valores"},"content":{"rendered":"<p><strong>HONRADEZ<\/strong>, que se manifesta no compromiso cos valores \u00e9ticos, na transparencia da informaci\u00f3n e na confianza depositada nas persoas.<\/p>\n<p><strong>PROFESIONALIDADE,<\/strong> que se manifesta na actualizaci\u00f3n e adquisici\u00f3n de co\u00f1ecementos, no rigor e confidencialidade dos servizos que se realizan e na empat\u00eda co cliente e a orientaci\u00f3n cara a este.<\/p>\n<p><strong>TRABALLO EN EQUIPO<\/strong>, que se manifesta na asertividade, na transmisi\u00f3n do co\u00f1ecemento e na orientaci\u00f3n cara aos resultados.<\/p>\n<p><strong>ADAPTABILIDADE Ao CAMBIO<\/strong>, que se manifesta na innovaci\u00f3n, no avance continuo, na escoita activa dos clientes e compa\u00f1eiros e na observaci\u00f3n da contorna e a competencia.<\/p>\n<p><strong>COMPROMISO CO SECTOR DA ECONOM\u00cdA SOCIAL<\/strong>, que se manifesta no respecto, sensibilidade, co\u00f1ecemento e implicaci\u00f3n cos idearios, causas e iniciativas dos clientes<span style=\"line-height: 1.5;\">.<\/span><\/p>","protected":false},"excerpt":{"rendered":"<p>HONRADEZ, que se manifesta no compromiso cos valores \u00e9ticos, na transparencia da informaci\u00f3n e na confianza depositada nas persoas. PROFESIONALIDADE, que se manifesta na actualizaci\u00f3n e adquisici\u00f3n de co\u00f1ecementos, no rigor e confidencialidade dos servizos que se realizan e na empat\u00eda co cliente e a orientaci\u00f3n cara a este. TRABALLO EN EQUIPO, que se manifesta [&hellip;]<\/p>\n","protected":false},"author":1,"featured_media":0,"parent":4,"menu_order":0,"comment_status":"closed","ping_status":"closed","template":"template-interior.php","meta":[],"_links":{"self":[{"href":"https:\/\/algalia.com\/gl\/wp-json\/wp\/v2\/pages\/1249"}],"collection":[{"href":"https:\/\/algalia.com\/gl\/wp-json\/wp\/v2\/pages"}],"about":[{"href":"https:\/\/algalia.com\/gl\/wp-json\/wp\/v2\/types\/page"}],"author":[{"embeddable":true,"href":"https:\/\/algalia.com\/gl\/wp-json\/wp\/v2\/users\/1"}],"replies":[{"embeddable":true,"href":"https:\/\/algalia.com\/gl\/wp-json\/wp\/v2\/comments?post=1249"}],"version-history":[{"count":7,"href":"https:\/\/algalia.com\/gl\/wp-json\/wp\/v2\/pages\/1249\/revisions"}],"predecessor-version":[{"id":1728,"href":"https:\/\/algalia.com\/gl\/wp-json\/wp\/v2\/pages\/1249\/revisions\/1728"}],"up":[{"embeddable":true,"href":"https:\/\/algalia.com\/gl\/wp-json\/wp\/v2\/pages\/4"}],"wp:attachment":[{"href":"https:\/\/algalia.com\/gl\/wp-json\/wp\/v2\/media?parent=1249"}],"curies":[{"name":"wp","href":"https:\/\/api.w.org\/{rel}","templated":true}]}}