{"id":1232,"date":"2016-05-18T11:52:59","date_gmt":"2016-05-18T09:52:59","guid":{"rendered":"https:\/\/algalia.com\/?page_id=1232"},"modified":"2021-11-26T12:12:33","modified_gmt":"2021-11-26T10:12:33","slug":"grupo-algalia","status":"publish","type":"page","link":"https:\/\/algalia.com\/gl\/somos-e-aspiramos\/grupo-algalia\/","title":{"rendered":"Estrutura xur\u00eddica"},"content":{"rendered":"<p>Despois de vinte anos de vida, asumimos a Cooperativa como unha asociaci\u00f3n de persoas que te\u00f1en necesidades ou intereses socioecon\u00f3micos com\u00fans, cuxo prop\u00f3sito \u00e9 mellorar a situaci\u00f3n econ\u00f3mica e social dos seus compo\u00f1entes e da s\u00faa contorna comunitaria, mediante unha empresa de propiedade conxunta e de xesti\u00f3n democr\u00e1tica na que o servizo mutuo e a achega econ\u00f3mica de todas as persoas membros permitan cumprir unha funci\u00f3n que tende a mellorar as relaci\u00f3ns humanas e a antepo\u00f1er os intereses colectivos a calquera idea de beneficio particular.<\/p>\n<p>Algalia S Coop. Galega \u00e9 unha cooperativa que desenvolve servizos profesionais directamente e a trav\u00e9s de otra sociedade da que ten participaci\u00f3ns maioritarias:<\/p>\n<ul>\n<li>XEGALIA GALEGA DE XESTI\u00d3N SL. Que presta servizos de asesoramento econ\u00f3mico e laboral.<\/li>\n<\/ul>\n<p><\/p>","protected":false},"excerpt":{"rendered":"<p>Despois de vinte anos de vida, asumimos a Cooperativa como unha asociaci\u00f3n de persoas que te\u00f1en necesidades ou intereses socioecon\u00f3micos com\u00fans, cuxo prop\u00f3sito \u00e9 mellorar a situaci\u00f3n econ\u00f3mica e social dos seus compo\u00f1entes e da s\u00faa contorna comunitaria, mediante unha empresa de propiedade conxunta e de xesti\u00f3n democr\u00e1tica na que o servizo mutuo e a [&hellip;]<\/p>\n","protected":false},"author":1,"featured_media":0,"parent":4,"menu_order":0,"comment_status":"closed","ping_status":"closed","template":"template-interior.php","meta":[],"_links":{"self":[{"href":"https:\/\/algalia.com\/gl\/wp-json\/wp\/v2\/pages\/1232"}],"collection":[{"href":"https:\/\/algalia.com\/gl\/wp-json\/wp\/v2\/pages"}],"about":[{"href":"https:\/\/algalia.com\/gl\/wp-json\/wp\/v2\/types\/page"}],"author":[{"embeddable":true,"href":"https:\/\/algalia.com\/gl\/wp-json\/wp\/v2\/users\/1"}],"replies":[{"embeddable":true,"href":"https:\/\/algalia.com\/gl\/wp-json\/wp\/v2\/comments?post=1232"}],"version-history":[{"count":10,"href":"https:\/\/algalia.com\/gl\/wp-json\/wp\/v2\/pages\/1232\/revisions"}],"predecessor-version":[{"id":10995,"href":"https:\/\/algalia.com\/gl\/wp-json\/wp\/v2\/pages\/1232\/revisions\/10995"}],"up":[{"embeddable":true,"href":"https:\/\/algalia.com\/gl\/wp-json\/wp\/v2\/pages\/4"}],"wp:attachment":[{"href":"https:\/\/algalia.com\/gl\/wp-json\/wp\/v2\/media?parent=1232"}],"curies":[{"name":"wp","href":"https:\/\/api.w.org\/{rel}","templated":true}]}}