{"id":11,"date":"2015-06-16T12:56:48","date_gmt":"2015-06-16T10:56:48","guid":{"rendered":"https:\/\/algalia.com\/?page_id=11"},"modified":"2024-02-15T10:58:49","modified_gmt":"2024-02-15T08:58:49","slug":"asesoria","status":"publish","type":"page","link":"https:\/\/algalia.com\/gl\/asesoria\/","title":{"rendered":"Asesor\u00eda"},"content":{"rendered":"","protected":false},"excerpt":{"rendered":"<p>Somos unha asesor\u00eda solvente, cun enfoque integral e personalizado dos clientes, sustentado na \u00e1xil detecci\u00f3n de cambios normativos e no  profundo co\u00f1ecemento das necesidades do sector.<\/p>\n","protected":false},"author":1,"featured_media":0,"parent":0,"menu_order":0,"comment_status":"open","ping_status":"open","template":"","meta":[],"_links":{"self":[{"href":"https:\/\/algalia.com\/gl\/wp-json\/wp\/v2\/pages\/11"}],"collection":[{"href":"https:\/\/algalia.com\/gl\/wp-json\/wp\/v2\/pages"}],"about":[{"href":"https:\/\/algalia.com\/gl\/wp-json\/wp\/v2\/types\/page"}],"author":[{"embeddable":true,"href":"https:\/\/algalia.com\/gl\/wp-json\/wp\/v2\/users\/1"}],"replies":[{"embeddable":true,"href":"https:\/\/algalia.com\/gl\/wp-json\/wp\/v2\/comments?post=11"}],"version-history":[{"count":70,"href":"https:\/\/algalia.com\/gl\/wp-json\/wp\/v2\/pages\/11\/revisions"}],"predecessor-version":[{"id":10260,"href":"https:\/\/algalia.com\/gl\/wp-json\/wp\/v2\/pages\/11\/revisions\/10260"}],"wp:attachment":[{"href":"https:\/\/algalia.com\/gl\/wp-json\/wp\/v2\/media?parent=11"}],"curies":[{"name":"wp","href":"https:\/\/api.w.org\/{rel}","templated":true}]}}