{"id":10546,"date":"2021-07-05T18:18:17","date_gmt":"2021-07-05T16:18:17","guid":{"rendered":"https:\/\/algalia.com\/gl\/?page_id=10546"},"modified":"2021-08-04T13:45:10","modified_gmt":"2021-08-04T11:45:10","slug":"politica-de-cookies","status":"publish","type":"page","link":"https:\/\/algalia.com\/gl\/politica-de-cookies\/","title":{"rendered":"Pol\u00edtica de cookies"},"content":{"rendered":"<p><\/p>\n<h2>Quen \u00e9 o Responsable do tratamento?<\/h2>\n<p class=\"western\">ALGALIA, SOCIEDADE COOPERATIVA GALEGA<br \/>\nNIF: F36859395<br \/>\nDirecci\u00f3n: R\u00faa Fais\u00e1n 7 Entlo A, 36205 Vigo Pontevedra.<br \/>\nTel\u00e9fono: 986379587<br \/>\nCorreo electr\u00f3nico: algalia@algalia.com<\/p>\n<p>&nbsp;<\/p>\n<h2>Que son as Cookies?<\/h2>\n<p class=\"western\">Unha cookie \u00e9 un ficheiro que se descarga no teu computador ao acceder a determinadas p\u00e1xinas web. As cookies permiten a unha p\u00e1xina web, entre outras cousas, almacenar e recuperar informaci\u00f3n sobre os h\u00e1bitos de navegaci\u00f3n dun usuario ou do seu equipo, xestionar o acceso de usuarios a zonas restrinxidas da web \u2026etc.<\/p>\n<p>&nbsp;<\/p>\n<h2>Que cookies se util\u00edzanse na web de ALGALIA, SOCIEDADE COOPERATIVA GALEGA?<\/h2>\n<p><b>1.- Necesarias<\/b>. As cookies necesarias axudan a facer unha p\u00e1xina web utilizable activando funci\u00f3ns b\u00e1sicas como a navegaci\u00f3n na p\u00e1xina e o acceso a \u00e1reas seguras da p\u00e1xina web. A p\u00e1xina web non pode funcionar adecuadamente sen estas cookies.<\/p>\n<table style=\"height: 717px;\" width=\"746\" cellspacing=\"0\" cellpadding=\"7\">\n<colgroup>\n<col width=\"20%\" \/>\n<col width=\"40%\" \/>\n<col width=\"10%\" \/>\n<col width=\"15%\" \/>\n<col width=\"15%\" \/> <\/colgroup>\n<tbody>\n<tr>\n<td bgcolor=\"#bfbfbf\" width=\"108\">\n<h6 align=\"center\"><strong>COOKIE<\/strong><\/h6>\n<\/td>\n<td bgcolor=\"#bfbfbf\" width=\"118\">\n<h6 align=\"center\"><strong>FINALIDADE<\/strong><\/h6>\n<\/td>\n<td bgcolor=\"#bfbfbf\" width=\"62\">\n<h6 align=\"center\"><strong>TIPO<\/strong><\/h6>\n<\/td>\n<td bgcolor=\"#bfbfbf\" width=\"99\">\n<h6 align=\"center\"><strong>PROVEDOR\/ SERVIDOR DESDE O QUE SE ENV\u00cdA<\/strong><\/h6>\n<\/td>\n<td bgcolor=\"#bfbfbf\" width=\"98\">\n<h6 align=\"center\"><strong>TEMPO DE ALMACENAMENTO<\/strong><\/h6>\n<\/td>\n<\/tr>\n<tr>\n<td width=\"108\">\n<h6 align=\"center\">__cfduid<\/h6>\n<\/td>\n<td width=\"118\">\n<h6>Utilizada pola rede de contido, Cloudflare, para identificar tr\u00e1fico web de confianza.<\/h6>\n<\/td>\n<td width=\"62\">\n<h6 align=\"center\">T\u00e9cnica<\/h6>\n<\/td>\n<td width=\"99\">\n<h6 align=\"center\">bootstrapcdn.com<\/h6>\n<\/td>\n<td width=\"98\">\n<h6 align=\"center\">1 mes<\/h6>\n<\/td>\n<\/tr>\n<tr>\n<td width=\"108\">\n<h6 align=\"center\">_grecaptcha<\/h6>\n<\/td>\n<td width=\"118\">\n<h6>Esta cookie util\u00edzase para distinguir entre humanos e bots. Isto \u00e9 beneficioso para a web co obxecto de elaborar informes v\u00e1lidos sobre o uso da s\u00faa web.<\/h6>\n<\/td>\n<td width=\"62\">\n<h6 align=\"center\">T\u00e9cnica<\/h6>\n<\/td>\n<td width=\"99\">\n<h6 align=\"center\">algalia.com<\/h6>\n<\/td>\n<td width=\"98\">\n<h6 align=\"center\">Persistente<\/h6>\n<\/td>\n<\/tr>\n<tr>\n<td width=\"108\">\n<h6 align=\"center\">_GRECAPTCHA<\/h6>\n<\/td>\n<td width=\"118\">\n<h6>Esta cookie util\u00edzase para distinguir entre humanos e bots. Isto \u00e9 beneficioso para a web co obxecto de elaborar informes v\u00e1lidos sobre o uso da s\u00faa web.<\/h6>\n<\/td>\n<td width=\"62\">\n<h6 align=\"center\">T\u00e9cnica<\/h6>\n<\/td>\n<td width=\"99\">\n<h6 align=\"center\">google.com<\/h6>\n<\/td>\n<td width=\"98\">\n<h6 align=\"center\">179 d\u00edas<\/h6>\n<\/td>\n<\/tr>\n<tr>\n<td width=\"108\">\n<h6 align=\"center\">CONSENT<\/h6>\n<\/td>\n<td width=\"118\">\n<h6>Utilizada para detectar se o visitante aceptou a categor\u00eda de m\u00e1rketing no banner de cookies. Esta cookie \u00e9 necesaria para que a web cumpra co RGPD.<\/h6>\n<\/td>\n<td width=\"62\">\n<h6 align=\"center\">T\u00e9cnica<\/h6>\n<\/td>\n<td width=\"99\">\n<h6 align=\"center\">youtube.com<\/h6>\n<\/td>\n<td width=\"98\">\n<h6 align=\"center\">6094 d\u00edas<\/h6>\n<\/td>\n<\/tr>\n<tr>\n<td width=\"108\">\n<h6 align=\"center\">CookieConsent<\/h6>\n<\/td>\n<td width=\"118\">\n<h6>Almacena o estado de consentimento de cookies do usuario para o dominio actual.<\/h6>\n<\/td>\n<td width=\"62\">\n<h6 align=\"center\">T\u00e9cnica<\/h6>\n<\/td>\n<td width=\"99\">\n<h6 align=\"center\">algalia.com<\/h6>\n<\/td>\n<td width=\"98\">\n<h6 align=\"center\">1 ano<\/h6>\n<\/td>\n<\/tr>\n<tr>\n<td width=\"108\">\n<h6 align=\"center\">rc::a<\/h6>\n<\/td>\n<td width=\"118\">\n<h6>Esta cookie util\u00edzase para distinguir entre humanos e bots. Isto \u00e9 beneficioso para a web co obxecto de elaborar informes v\u00e1lidos sobre o uso da s\u00faa web.<\/h6>\n<\/td>\n<td width=\"62\">\n<h6 align=\"center\">T\u00e9cnica<\/h6>\n<\/td>\n<td width=\"99\">\n<h6 align=\"center\">google.com<\/h6>\n<\/td>\n<td width=\"98\">\n<h6 align=\"center\">Persistente<\/h6>\n<\/td>\n<\/tr>\n<tr>\n<td width=\"108\">\n<h6 align=\"center\">rc::b<\/h6>\n<\/td>\n<td width=\"118\">\n<h6>Esta cookie util\u00edzase para distinguir entre humanos e bots.<\/h6>\n<\/td>\n<td width=\"62\">\n<h6 align=\"center\">T\u00e9cnica<\/h6>\n<\/td>\n<td width=\"99\">\n<h6 align=\"center\">google.com<\/h6>\n<\/td>\n<td width=\"98\">\n<h6 align=\"center\">Session<\/h6>\n<\/td>\n<\/tr>\n<tr>\n<td width=\"108\">\n<h6 align=\"center\">rc::c<\/h6>\n<\/td>\n<td width=\"118\">\n<h6>Esta cookie util\u00edzase para distinguir entre humanos e bots.<\/h6>\n<\/td>\n<td width=\"62\">\n<h6 align=\"center\">T\u00e9cnica<\/h6>\n<\/td>\n<td width=\"99\">\n<h6 align=\"center\">google.com<\/h6>\n<\/td>\n<td width=\"98\">\n<h6 align=\"center\">Session<\/h6>\n<\/td>\n<\/tr>\n<\/tbody>\n<\/table>\n<p>&nbsp;<\/p>\n<p><b>2.- Preferencias<\/b>. As cookies de preferencias permiten \u00e1 p\u00e1xina web lembrar informaci\u00f3n que cambia a forma en que a p\u00e1xina se comporta ou o aspecto que ten, como o seu idioma preferido ou a rexi\u00f3n na que vostede se atopa.<\/p>\n<table style=\"height: 329px;\" width=\"732\" cellspacing=\"0\" cellpadding=\"7\">\n<colgroup>\n<col width=\"20%\" \/>\n<col width=\"40%\" \/>\n<col width=\"10%\" \/>\n<col width=\"15%\" \/>\n<col width=\"15%\" \/> <\/colgroup>\n<tbody>\n<tr>\n<td bgcolor=\"#bfbfbf\" width=\"107\">\n<h6 align=\"center\"><strong>COOKIE<\/strong><\/h6>\n<\/td>\n<td bgcolor=\"#bfbfbf\" width=\"118\">\n<h6 align=\"center\"><strong>FINALIDADE<\/strong><\/h6>\n<\/td>\n<td bgcolor=\"#bfbfbf\" width=\"71\">\n<h6 align=\"center\"><strong>TIPO<\/strong><\/h6>\n<\/td>\n<td bgcolor=\"#bfbfbf\" width=\"99\">\n<h6 align=\"center\"><strong>PROVEDOR\/ SERVIDOR DESDE O QUE SE ENV\u00cdA<\/strong><\/h6>\n<\/td>\n<td bgcolor=\"#bfbfbf\" width=\"98\">\n<h6 align=\"center\"><strong>TEMPO DE ALMACENAMENTO<\/strong><\/h6>\n<\/td>\n<\/tr>\n<tr>\n<td width=\"107\">\n<h6 align=\"center\">qtrans_front_language<\/h6>\n<\/td>\n<td width=\"118\">\n<h6>Determina o idioma preferido polo visitante. Permite \u00e1 web establecer o idioma preferido no reingreso do visitante.<\/h6>\n<\/td>\n<td width=\"71\">\n<h6 align=\"center\">Preferencia<\/h6>\n<\/td>\n<td width=\"99\">\n<h6 align=\"center\">algalia.com<\/h6>\n<\/td>\n<td width=\"98\">\n<h6 align=\"center\">1 ano<\/h6>\n<\/td>\n<\/tr>\n<tr>\n<td width=\"107\">\n<h6 align=\"center\">yt-player-bandaid-host<\/h6>\n<\/td>\n<td width=\"118\">\n<h6>Utilizada para determinar a calidade \u00f3ptima do v\u00eddeo baseada no dispositivo do visitante e nos axustes da rede.<\/h6>\n<\/td>\n<td width=\"71\">\n<h6 align=\"center\">Preferencia<\/h6>\n<\/td>\n<td width=\"99\">\n<h6 align=\"center\">youtube.com<\/h6>\n<\/td>\n<td width=\"98\">\n<h6 align=\"center\">Persistente<\/h6>\n<\/td>\n<\/tr>\n<\/tbody>\n<\/table>\n<p>&nbsp;<\/p>\n<p><b>3.- Estad\u00edsticas<\/b>. As cookies estat\u00edsticas axudan aos propietarios de p\u00e1xinas web a comprender como interact\u00faan os visitantes coas p\u00e1xinas web reunindo e proporcionando informaci\u00f3n de forma an\u00f3nima.<\/p>\n<table style=\"height: 494px;\" width=\"737\" cellspacing=\"0\" cellpadding=\"7\">\n<colgroup>\n<col width=\"20%\" \/>\n<col width=\"40%\" \/>\n<col width=\"10%\" \/>\n<col width=\"15%\" \/>\n<col width=\"15%\" \/> <\/colgroup>\n<tbody>\n<tr>\n<td bgcolor=\"#bfbfbf\" width=\"107\">\n<h6 align=\"center\"><strong>COOKIE<\/strong><\/h6>\n<\/td>\n<td bgcolor=\"#bfbfbf\" width=\"118\">\n<h6 align=\"center\"><strong>FINALIDADE<\/strong><\/h6>\n<\/td>\n<td bgcolor=\"#bfbfbf\" width=\"71\">\n<h6 align=\"center\"><strong>TIPO<\/strong><\/h6>\n<\/td>\n<td bgcolor=\"#bfbfbf\" width=\"99\">\n<h6 align=\"center\"><strong>PROVEDOR\/ SERVIDOR DESDE O QUE SE ENV\u00cdA<\/strong><\/h6>\n<\/td>\n<td bgcolor=\"#bfbfbf\" width=\"98\">\n<h6 align=\"center\"><strong>TEMPO DE ALMACENAMENTO<\/strong><\/h6>\n<\/td>\n<\/tr>\n<tr>\n<td width=\"107\">\n<h6 align=\"center\">_ga<\/h6>\n<\/td>\n<td width=\"118\">\n<h6>Rexistra unha identificaci\u00f3n \u00fanica que se utiliza para xerar datos estat\u00edsticos acerca de como utiliza o visitante o sitio web.<\/h6>\n<\/td>\n<td width=\"71\">\n<h6 align=\"center\">Estad\u00edsticas<\/h6>\n<\/td>\n<td width=\"99\">\n<h6 align=\"center\">algalia.com<\/h6>\n<\/td>\n<td width=\"98\">\n<h6 align=\"center\">2 anos<\/h6>\n<\/td>\n<\/tr>\n<tr>\n<td width=\"107\">\n<h6 align=\"center\">_gat<\/h6>\n<\/td>\n<td width=\"118\">\n<h6>Utilizado por Google Analytics para controlar a tasa de petici\u00f3ns<\/h6>\n<\/td>\n<td width=\"71\">\n<h6 align=\"center\">Estad\u00edsticas<\/h6>\n<\/td>\n<td width=\"99\">\n<h6 align=\"center\">algalia.com<\/h6>\n<\/td>\n<td width=\"98\">\n<h6 align=\"center\">1 d\u00eda<\/h6>\n<\/td>\n<\/tr>\n<tr>\n<td width=\"107\">\n<h6 align=\"center\">_gid<\/h6>\n<\/td>\n<td width=\"118\">\n<h6>Rexistra unha identificaci\u00f3n \u00fanica que se utiliza para xerar datos estad\u00edsticos acerca de c\u00f3mo utiliza o visitante o sitio web.<\/h6>\n<\/td>\n<td width=\"71\">\n<h6 align=\"center\">Estad\u00edsticas<\/h6>\n<\/td>\n<td width=\"99\">\n<h6 align=\"center\">algalia.com<\/h6>\n<\/td>\n<td width=\"98\">\n<h6 align=\"center\">1 d\u00eda<\/h6>\n<\/td>\n<\/tr>\n<tr>\n<td width=\"107\">\n<h6 align=\"center\">yt-player-headers-readable<\/h6>\n<\/td>\n<td width=\"118\">\n<h6>Utilizada para determinar a calidade \u00f3ptima do video basada no dispositivo do visitante e nos axustes da rede.<\/h6>\n<\/td>\n<td width=\"71\">\n<h6 align=\"center\">Estad\u00edsticas<\/h6>\n<\/td>\n<td width=\"99\">\n<h6 align=\"center\">youtube.com<\/h6>\n<\/td>\n<td width=\"98\">\n<h6 align=\"center\">Persistente<\/h6>\n<\/td>\n<\/tr>\n<\/tbody>\n<\/table>\n<p>&nbsp;<\/p>\n<p><b>4.- Marketing<\/b>. As cookies de m\u00e1rketing util\u00edzanse para rastrexar aos visitantes nas p\u00e1xinas web. A intenci\u00f3n \u00e9 mostrar anuncios relevantes e atractivos para o usuario individual, e por tanto, m\u00e1is valiosos para os editores e terceiros anunciantes.<\/p>\n<table style=\"height: 1635px;\" width=\"745\" cellspacing=\"0\" cellpadding=\"7\">\n<colgroup>\n<col width=\"20%\" \/>\n<col width=\"40%\" \/>\n<col width=\"10%\" \/>\n<col width=\"15%\" \/>\n<col width=\"15%\" \/> <\/colgroup>\n<tbody>\n<tr>\n<td bgcolor=\"#bfbfbf\" width=\"107\">\n<h6 align=\"center\"><strong>COOKIE<\/strong><\/h6>\n<\/td>\n<td bgcolor=\"#bfbfbf\" width=\"118\">\n<h6 align=\"center\"><strong>FINALIDADE<\/strong><\/h6>\n<\/td>\n<td bgcolor=\"#bfbfbf\" width=\"71\">\n<h6 align=\"center\"><strong>TIPO<\/strong><\/h6>\n<\/td>\n<td bgcolor=\"#bfbfbf\" width=\"99\">\n<h6 align=\"center\"><strong>PROVEDOR\/ SERVIDOR DESDE O QUE SE ENVIA<\/strong><\/h6>\n<\/td>\n<td bgcolor=\"#bfbfbf\" width=\"98\">\n<h6 align=\"center\"><strong>TEMPO DE ALMACENAMENTO<\/strong><\/h6>\n<\/td>\n<\/tr>\n<tr>\n<td width=\"107\">\n<h6 align=\"center\">IDE<\/h6>\n<\/td>\n<td width=\"118\">\n<h6>Utilizada por Google DoubleClick para rexistrar e informar sobre as acci\u00f3ns do usuario no sitio web tras visualizar ou facer clic nun dos anuncios do anunciante co prop\u00f3sito de medir a eficacia dun anuncio e presentar anuncios espec\u00edficos para o usuario.<\/h6>\n<\/td>\n<td width=\"71\">\n<h6 align=\"center\">Publicitaria<\/h6>\n<\/td>\n<td width=\"99\">\n<h6 align=\"center\">doubleclick.net<\/h6>\n<\/td>\n<td style=\"text-align: center;\" width=\"98\">\n<h6>1 ano<\/h6>\n<\/td>\n<\/tr>\n<tr>\n<td width=\"107\">\n<h6 align=\"center\">st_samesite<\/h6>\n<\/td>\n<td width=\"118\">\n<h6>Utilizada por ShareThis para rastrexar a navegaci\u00f3n na web do visitante e as s\u00faas preferencias \u2013 \u00dasase para estat\u00edsticas internas e m\u00e1rketing.<\/h6>\n<\/td>\n<td width=\"71\">\n<h6 align=\"center\">Publicitaria<\/h6>\n<\/td>\n<td width=\"99\">\n<h6 align=\"center\">consensu.org<\/h6>\n<\/td>\n<td width=\"98\">\n<h6 align=\"center\">Session<\/h6>\n<\/td>\n<\/tr>\n<tr>\n<td width=\"107\">\n<h6 align=\"center\">test_cookie<\/h6>\n<\/td>\n<td width=\"118\">\n<h6>Utilizada para comprobar se o navegador do usuario admite cookies.<\/h6>\n<\/td>\n<td width=\"71\">\n<h6 align=\"center\">Publicitaria<\/h6>\n<\/td>\n<td width=\"99\">\n<h6 align=\"center\">doubleclick.net<\/h6>\n<\/td>\n<td style=\"text-align: center;\">\n<h6>1 d\u00eda<\/h6>\n<\/td>\n<\/tr>\n<tr>\n<td>\n<h6 align=\"center\">VISITOR_INFO1_LIVE<\/h6>\n<\/td>\n<td>\n<h6>Tenta calcular o ancho de banda do usuario en p\u00e1xinas con v\u00eddeos de Youtube integrados.<\/h6>\n<\/td>\n<td>\n<h6 align=\"center\">Publicitaria<\/h6>\n<\/td>\n<td>\n<h6 align=\"center\">youtube.com<\/h6>\n<\/td>\n<td style=\"text-align: center;\">\n<h6>179 d\u00edas<\/h6>\n<\/td>\n<\/tr>\n<tr>\n<td>\n<h6 align=\"center\">YSC<\/h6>\n<\/td>\n<td>\n<h6>Rexistra unha identificaci\u00f3n \u00fanica para manter estat\u00edsticas de que v\u00eddeos de Youtube viu o usuario.<\/h6>\n<\/td>\n<td>\n<h6 align=\"center\">Publicitaria<\/h6>\n<\/td>\n<td>\n<h6 align=\"center\">youtube.com<\/h6>\n<\/td>\n<td>\n<h6 align=\"center\">Session<\/h6>\n<\/td>\n<\/tr>\n<tr>\n<td>\n<h6 align=\"center\">yt.innertube::nextId<\/h6>\n<\/td>\n<td>\n<h6>Rexistra unha identificaci\u00f3n \u00fanica para manter estat\u00edsticas de que v\u00eddeos de Youtube viu o usuario.<\/h6>\n<\/td>\n<td>\n<h6 align=\"center\">Publicitaria<\/h6>\n<\/td>\n<td>\n<h6 align=\"center\">youtube.com<\/h6>\n<\/td>\n<td>\n<h6 align=\"center\">Persistente<\/h6>\n<\/td>\n<\/tr>\n<tr>\n<td>\n<h6 align=\"center\">yt.innertube::requests<\/h6>\n<\/td>\n<td>\n<h6>Rexistra unha identificaci\u00f3n \u00fanica para manter estat\u00edsticas de que v\u00eddeos de Youtube viu o usuario.<\/h6>\n<\/td>\n<td>\n<h6 align=\"center\">Publicitaria<\/h6>\n<\/td>\n<td width=\"99\">\n<h6 align=\"center\">youtube.com<\/h6>\n<\/td>\n<td width=\"98\">\n<h6 align=\"center\">Persistente<\/h6>\n<\/td>\n<\/tr>\n<tr>\n<td width=\"107\">\n<h6 align=\"center\">yt-remote-cast-installed<\/h6>\n<\/td>\n<td width=\"118\">\n<h6>Rexistra as preferencias do reprodutor de v\u00eddeo do usuario ao ver v\u00eddeos incrustados de Youtube.<\/h6>\n<\/td>\n<td width=\"71\">\n<h6 align=\"center\">Publicitaria<\/h6>\n<\/td>\n<td width=\"99\">\n<h6 align=\"center\">youtube.com<\/h6>\n<\/td>\n<td style=\"text-align: center;\" width=\"98\">\n<h6>Session<\/h6>\n<\/td>\n<\/tr>\n<tr>\n<td width=\"107\">\n<h6 align=\"center\">yt-remote-connected-devices<\/h6>\n<\/td>\n<td width=\"118\">\n<h6>Rexistra as preferencias do reprodutor de v\u00eddeo do usuario ao ver v\u00eddeos incrustados de Youtube.<\/h6>\n<\/td>\n<td width=\"71\">\n<h6 align=\"center\">Publicitaria<\/h6>\n<\/td>\n<td width=\"99\">\n<h6 align=\"center\">youtube.com<\/h6>\n<\/td>\n<td width=\"98\">\n<h6 align=\"center\">Persistente<\/h6>\n<\/td>\n<\/tr>\n<tr>\n<td width=\"107\">\n<h6 align=\"center\">yt-remote-device-id<\/h6>\n<\/td>\n<td width=\"118\">\n<h6>Rexistra as preferencias do reprodutor de v\u00eddeo do usuario ao ver v\u00eddeos incrustados de Youtube.<\/h6>\n<\/td>\n<td width=\"71\">\n<h6 align=\"center\">Publicitaria<\/h6>\n<\/td>\n<td width=\"99\">\n<h6 align=\"center\">youtube.com<\/h6>\n<\/td>\n<td width=\"98\">\n<h6 align=\"center\">Persistente<\/h6>\n<\/td>\n<\/tr>\n<tr>\n<td width=\"107\">\n<h6 align=\"center\">yt-remote-fast-check-period<\/h6>\n<\/td>\n<td width=\"118\">\n<h6>Rexistra as preferencias do reprodutor de v\u00eddeo do usuario ao ver v\u00eddeos incrustados de Youtube.<\/h6>\n<\/td>\n<td width=\"71\">\n<h6 align=\"center\">Publicitaria<\/h6>\n<\/td>\n<td width=\"99\">\n<h6 align=\"center\">youtube.com<\/h6>\n<\/td>\n<td width=\"98\">\n<h6 align=\"center\">Session<\/h6>\n<\/td>\n<\/tr>\n<tr>\n<td width=\"107\">\n<h6 align=\"center\">yt-remote-session-app<\/h6>\n<\/td>\n<td width=\"118\">\n<h6>Rexistra as preferencias do reprodutor de v\u00eddeo do usuario ao ver v\u00eddeos incrustados de Youtube.<\/h6>\n<\/td>\n<td width=\"71\">\n<h6 align=\"center\">Publicitaria<\/h6>\n<\/td>\n<td width=\"99\">\n<h6 align=\"center\">youtube.com<\/h6>\n<\/td>\n<td width=\"98\">\n<h6 align=\"center\">Session<\/h6>\n<\/td>\n<\/tr>\n<tr>\n<td width=\"107\">\n<h6 align=\"center\">yt-remote-session-name<\/h6>\n<\/td>\n<td width=\"118\">\n<h6>Rexistra as preferencias do reprodutor de v\u00eddeo do usuario ao ver v\u00eddeos incrustados de Youtube<\/h6>\n<\/td>\n<td width=\"71\">\n<h6 align=\"center\">Publicitaria<\/h6>\n<\/td>\n<td width=\"99\">\n<h6 align=\"center\">youtube.com<\/h6>\n<\/td>\n<td width=\"98\">\n<h6 align=\"center\">Session<\/h6>\n<\/td>\n<\/tr>\n<\/tbody>\n<\/table>\n<p>&nbsp;<\/p>\n<h2 class=\"western\">Ter\u00e1 a posibilidade de retirar o consentimento?<\/h2>\n<p class=\"western\">Ter\u00e1 a posibilidade e o dereito de retirar o seu consentimento para as distintas finalidades, outorgado no seu momento, sen que iso afecte os tratamentos que se realizaron previamente \u00e1 s\u00faa retirada.<\/p>\n<p>&nbsp;<\/p>\n<h2 class=\"western\">Existe transferencia internacional de datos?<\/h2>\n<p class=\"western\">As cookies de terceiros poden estar almacenadas en servidores situados f\u00f3ra do Espazo Econ\u00f3mico Europeo, polo que n eses casos p\u00f3dense realizar transferencia internacional de datos a terceiros pa\u00edses.<\/p>\n<p>&nbsp;<\/p>\n<h2 class=\"western\">Como podo desactivar ou eliminar as Cookies?<\/h2>\n<p class=\"western\">Pode permitir, bloquear ou eliminar as cookies instaladas no seu equipo mediante a configuraci\u00f3n das opci\u00f3ns do navegador instalado no seu computador. Nas seguintes ligaz\u00f3ns atopar\u00e1 informaci\u00f3n adicional sobre as opci\u00f3ns de configuraci\u00f3n das cookies nos distintos navegadores.<\/p>\n<p class=\"western\">Internet Explorer:\u00a0<a href=\"http:\/\/windows.microsoft.com\/es-es\/windows7\/how-to-manage-cookies-in-internet-explorer-9\" target=\"_blank\" rel=\"noopener\">http:\/\/windows.microsoft.com\/es-es\/windows7\/how-to-manage-cookies-in-internet-explorer-9<\/a><\/p>\n<p class=\"western\">Google Chrome:\u00a0<a href=\"http:\/\/support.google.com\/chrome\/bin\/answer.py?hl=es&amp;answer=95647\" target=\"_blank\" rel=\"noopener\">http:\/\/support.google.com\/chrome\/bin\/answer.py?hl=es&amp;answer=95647<\/a><\/p>\n<p class=\"western\">Firefox:\u00a0<a href=\"http:\/\/support.mozilla.org\/es\/kb\/habilitar-y-deshabilitar-cookies-que-los-sitios-we\" target=\"_blank\" rel=\"noopener\">http:\/\/support.mozilla.org\/es\/kb\/habilitar-y-deshabilitar-cookies-que-los-sitios-we<\/a><\/p>\n<p class=\"western\">Safari:\u00a0<a href=\"http:\/\/support.apple.com\/kb\/ph5042\" target=\"_blank\" rel=\"noopener\">http:\/\/support.apple.com\/kb\/ph5042<\/a><\/p>\n<p>&nbsp;<\/p>\n<h2 class=\"western\">Onde podo exercitar os meus dereitos?<\/h2>\n<p class=\"western\">O exercicio de dereitos deber\u00e1 efectuarse por escrito dirix\u00edndose \u00e1 direcci\u00f3n ou a trav\u00e9s do correo electr\u00f3nico indicado ao comezo desta pol\u00edtica. As\u00ed mesmo, po\u00f1emos \u00e1 s\u00faa disposici\u00f3n modelos para o seu exercicio, que poden solicitarse nas nosas instalaci\u00f3ns ou \u00e1 direcci\u00f3n de correo electr\u00f3nico indicada ao comezo desta pol\u00edtica. Para m\u00e1is informaci\u00f3n: <a href=\"http:\/\/www.agpd.es\/\" target=\"_blank\" rel=\"noopener\">www.agpd.es<\/a>.<\/p>\n<p>&nbsp;<\/p>\n<h2 class=\"western\">Como podo realizar unha reclamaci\u00f3n fronte a Autoridade de Control?<\/h2>\n<p class=\"western\">No caso de que non se respectaron os seus dereitos pode presentar unha reclamaci\u00f3n dirix\u00edndose por escrito \u00e1 Axencia Espa\u00f1ola de Protecci\u00f3n de Datos sita na r\u00faa Jorge Juan, 6-28001-Madrid ou utilizar a sede electr\u00f3nica: <a href=\"https:\/\/sedeagpd.gob\/\" target=\"_blank\" rel=\"noopener\">https:\/\/sedeagpd.gob<\/a>. En ambos casos, deber\u00e1 acompa\u00f1ar la documentaci\u00f3n pertinente.<\/p>\n<p><\/p>","protected":false},"excerpt":{"rendered":"<p>Quen \u00e9 o Responsable do tratamento? ALGALIA, SOCIEDADE COOPERATIVA GALEGA NIF: F36859395 Direcci\u00f3n: R\u00faa Fais\u00e1n 7 Entlo A, 36205 Vigo Pontevedra. Tel\u00e9fono: 986379587 Correo electr\u00f3nico: algalia@algalia.com &nbsp; Que son as Cookies? Unha cookie \u00e9 un ficheiro que se descarga no teu computador ao acceder a determinadas p\u00e1xinas web. As cookies permiten a unha p\u00e1xina web, [&hellip;]<\/p>\n","protected":false},"author":1,"featured_media":0,"parent":0,"menu_order":0,"comment_status":"closed","ping_status":"closed","template":"","meta":[],"_links":{"self":[{"href":"https:\/\/algalia.com\/gl\/wp-json\/wp\/v2\/pages\/10546"}],"collection":[{"href":"https:\/\/algalia.com\/gl\/wp-json\/wp\/v2\/pages"}],"about":[{"href":"https:\/\/algalia.com\/gl\/wp-json\/wp\/v2\/types\/page"}],"author":[{"embeddable":true,"href":"https:\/\/algalia.com\/gl\/wp-json\/wp\/v2\/users\/1"}],"replies":[{"embeddable":true,"href":"https:\/\/algalia.com\/gl\/wp-json\/wp\/v2\/comments?post=10546"}],"version-history":[{"count":32,"href":"https:\/\/algalia.com\/gl\/wp-json\/wp\/v2\/pages\/10546\/revisions"}],"predecessor-version":[{"id":10687,"href":"https:\/\/algalia.com\/gl\/wp-json\/wp\/v2\/pages\/10546\/revisions\/10687"}],"wp:attachment":[{"href":"https:\/\/algalia.com\/gl\/wp-json\/wp\/v2\/media?parent=10546"}],"curies":[{"name":"wp","href":"https:\/\/api.w.org\/{rel}","templated":true}]}}