{"id":9640,"date":"2020-12-16T14:13:51","date_gmt":"2020-12-16T12:13:51","guid":{"rendered":"https:\/\/algalia.com\/gl\/?page_id=9640"},"modified":"2020-12-18T14:24:59","modified_gmt":"2020-12-18T12:24:59","slug":"persoas","status":"publish","type":"page","link":"https:\/\/algalia.com\/es\/programa-virada\/virada-liderado\/persoas\/","title":{"rendered":"Personas participantes en VIRADA Liderazgo"},"content":{"rendered":"<p><\/p>\n<h2>Gisela Garc\u00eda-\u00c1lvarez<\/h2>\n<p>Bioqu\u00edmica de formaci\u00f3n y ciudadana del mundo por vocaci\u00f3n, tiene m\u00e1s de 10 a\u00f1os de experiencia en investigaci\u00f3n en sistemas de salud de Europa y Asia. Su inter\u00e9s por la gesti\u00f3n la llev\u00f3 a lanzar el primer cluster de salud y ciencias de la vida en Singapur en 2010 combin\u00e1ndolo con sus actividades de investigaci\u00f3n y docencia. Su inter\u00e9s \u201cporque las cosas funcionen\u201d y otros eventos de la vida la atrajeron hasta Galicia donde trabaja como gerente del Cluster Sa\u00fade de Galicia, CSG, desde finales de 2016.<\/p>\n<p>En tres a\u00f1os ha desarrollado una exitosa estrategia de internacionalizaci\u00f3n de las empresas gallegas de asistencia sanitaria y social, atrayendo financiaci\u00f3n p\u00fablica e inversi\u00f3n para el ecosistema y la regi\u00f3n. Tambi\u00e9n ha situado al CSG como canal directo de comunicaci\u00f3n entre reguladores, proveedores y usuarios y ha firmado varios marcos de colaboraci\u00f3n dentro de sectores que han incrementado los sinergias a nivel global. Actualmente participa en el lanzamiento de # CSG4Impact, un nuevo programa de CSG para apoyar proyectos de impacto social. Adem\u00e1s forma parte del grupo de trabajo del plan estrat\u00e9gico de DIH DATALIFE.<\/p>\n<p>&nbsp;<\/p>","protected":false},"excerpt":{"rendered":"<p>Gisela Garc\u00eda-\u00c1lvarez Bioqu\u00edmica de formaci\u00f3n y ciudadana del mundo por vocaci\u00f3n, tiene m\u00e1s de 10 a\u00f1os de experiencia en investigaci\u00f3n en sistemas de salud de Europa y Asia. Su inter\u00e9s por la gesti\u00f3n la llev\u00f3 a lanzar el primer cluster de salud y ciencias de la vida en Singapur en 2010 combin\u00e1ndolo con sus actividades [&hellip;]<\/p>\n","protected":false},"author":3,"featured_media":0,"parent":9273,"menu_order":0,"comment_status":"closed","ping_status":"closed","template":"","meta":[],"_links":{"self":[{"href":"https:\/\/algalia.com\/es\/wp-json\/wp\/v2\/pages\/9640"}],"collection":[{"href":"https:\/\/algalia.com\/es\/wp-json\/wp\/v2\/pages"}],"about":[{"href":"https:\/\/algalia.com\/es\/wp-json\/wp\/v2\/types\/page"}],"author":[{"embeddable":true,"href":"https:\/\/algalia.com\/es\/wp-json\/wp\/v2\/users\/3"}],"replies":[{"embeddable":true,"href":"https:\/\/algalia.com\/es\/wp-json\/wp\/v2\/comments?post=9640"}],"version-history":[{"count":18,"href":"https:\/\/algalia.com\/es\/wp-json\/wp\/v2\/pages\/9640\/revisions"}],"predecessor-version":[{"id":9702,"href":"https:\/\/algalia.com\/es\/wp-json\/wp\/v2\/pages\/9640\/revisions\/9702"}],"up":[{"embeddable":true,"href":"https:\/\/algalia.com\/es\/wp-json\/wp\/v2\/pages\/9273"}],"wp:attachment":[{"href":"https:\/\/algalia.com\/es\/wp-json\/wp\/v2\/media?parent=9640"}],"curies":[{"name":"wp","href":"https:\/\/api.w.org\/{rel}","templated":true}]}}