{"id":9409,"date":"2020-12-13T19:47:26","date_gmt":"2020-12-13T17:47:26","guid":{"rendered":"https:\/\/algalia.com\/gl\/?page_id=9409"},"modified":"2024-04-30T10:22:49","modified_gmt":"2024-04-30T08:22:49","slug":"coaching-persoal-de-equipos","status":"publish","type":"page","link":"https:\/\/algalia.com\/es\/programa-virada\/coaching-persoal-de-equipos\/","title":{"rendered":"Coaching personal y equipos"},"content":{"rendered":"<p>En VIRADA entendemos las organizaciones como realidades vivas en las que las personas, los equipos y la propia organizaci\u00f3n como tal, interact\u00faan sist\u00e9micamente. Desde este paradigma, y con la contribuci\u00f3n del coaching, ofrecemos acompa\u00f1amiento a personas, equipos y organizaciones para facilitar el logro de sus resultados.<\/p>\n<ul>\n<li>VIRADA ofrece acompa\u00f1amientos de <strong>coaching a personas<\/strong> abiertas a procesos de aprendizaje que les sirvan a resolver las dificultades o enfrentar los retos que se le presentan en el ejercicio de su liderazgo.<\/li>\n<li>VIRADA ofrece acompa\u00f1amientos de <strong>coaching a equipos<\/strong> de reciente creaci\u00f3n, o de extensa trayectoria, que quieran reflexionar, generar pensamiento cr\u00edtico y estimular diferentes puntos de vista para disponer de m\u00e1s posibilidades para su crecimiento e incremento de su desempe\u00f1o.<\/li>\n<\/ul>\n<p>&nbsp;<\/p>\n<h2><strong>Nuestro equipo de coachs<\/strong><\/h2>\n<div class=\"listado-coaches\">\n<div class=\"ficha-coach\">\n<h3>David Pereiro. Coach de personas y equipos.<\/h3>\n<p><img decoding=\"async\" loading=\"lazy\" class=\"alignleft wp-image-697\" src=\"https:\/\/algalia.com\/wp-content\/uploads\/2015\/10\/davidp.jpg\" alt=\"\" width=\"180\" height=\"180\" srcset=\"https:\/\/algalia.com\/wp-content\/uploads\/2015\/10\/davidp.jpg 250w, https:\/\/algalia.com\/wp-content\/uploads\/2015\/10\/davidp-150x150.jpg 150w\" sizes=\"(max-width: 180px) 100vw, 180px\" \/><\/p>\n<p>Es responsable del Programa VIRADA, consultor de estrategia y coach en el \u00c1rea de Consultor\u00eda de ALGALIA.<\/p>\n<p>Facilita procesos de planificaci\u00f3n estrat\u00e9gica, elaboraci\u00f3n y evaluaci\u00f3n de proyectos para entidades de econom\u00eda social y administraciones p\u00fablicas.<\/p>\n<p>Es educador social, licenciado en Filosof\u00eda (USC), Posgrado en Programas de Intervenci\u00f3n Familiar (UDC), M\u00e1ster en consultor\u00eda y gesti\u00f3n de procesos de desarrollo organizacional (Universidad de Valladolid), M\u00e1ster en coaching de personas y equipos (Mondrag\u00f3n Unibertsitatea) y Posgrado en coaching de equipos (Mondrag\u00f3n Unibertsitatea).<\/p>\n<p><em><a href=\"mailto:david.pereiro@algalia.com\" target=\"_blank\" rel=\"noopener\">david.pereiro@algalia.com<\/a> \/ 687879414<\/em><\/p>\n<\/div>\n<div class=\"ficha-coach\">\n<h3>Bego\u00f1a Su\u00e1rez. Coach de personas y equipos.<\/h3>\n<p><img decoding=\"async\" loading=\"lazy\" class=\"alignleft wp-image-9499\" src=\"https:\/\/algalia.com\/wp-content\/uploads\/2020\/12\/Bego\u00f1a-Su\u00e1rez-COACH-200x300-2.jpg\" alt=\"\" width=\"180\" height=\"198\" \/>Es gerente de la Asociaci\u00f3n AMIPA desde 2009 y colaboradora de ALGALIA como coach desde 2018.<\/p>\n<p>Desarroll\u00f3 su labor profesional en la administraci\u00f3n local y como formadora en diversos cursos relacionados con el \u00e1mbito jur\u00eddico y social, en la administraci\u00f3n local y en entidades no lucrativas.<\/p>\n<p>Licenciada en Derecho (USC), M\u00e1ster en Direcci\u00f3n y Gesti\u00f3n de Centros, Recursos y Servicios para la Atenci\u00f3n a la Dependencia (USC), M\u00e1ster en coaching de personas y equipos (Mondrag\u00f3n Unibertsitatea) y Curso de experto en coaching de sistemas relacionales y de equipos (Mondragon Unibertsitatea).<\/p>\n<p><em><a href=\"mailto:bego.suarez.gr@gmail.com\" target=\"_blank\" rel=\"noopener\">bego.suarez.gr@gmail.com<\/a> \/ 628378699<\/em><\/p>\n<\/div>\n<div class=\"ficha-coach\">\n<h3>Mar\u00eda Jos\u00e9 N\u00f3voa.\u00a0 Coach de personas y equipos.<\/h3>\n<p><img decoding=\"async\" loading=\"lazy\" class=\"alignleft wp-image-10522\" src=\"https:\/\/algalia.com\/wp-content\/uploads\/2021\/07\/Mar\u00eda-Jos\u00e9-N\u00f3voa-COACH-2-265x300.jpg\" alt=\"\" width=\"180\" height=\"203\" srcset=\"https:\/\/algalia.com\/wp-content\/uploads\/2021\/07\/Mar\u00eda-Jos\u00e9-N\u00f3voa-COACH-2-265x300.jpg 265w, https:\/\/algalia.com\/wp-content\/uploads\/2021\/07\/Mar\u00eda-Jos\u00e9-N\u00f3voa-COACH-2-768x868.jpg 768w, https:\/\/algalia.com\/wp-content\/uploads\/2021\/07\/Mar\u00eda-Jos\u00e9-N\u00f3voa-COACH-2-906x1024.jpg 906w, https:\/\/algalia.com\/wp-content\/uploads\/2021\/07\/Mar\u00eda-Jos\u00e9-N\u00f3voa-COACH-2-610x689.jpg 610w\" sizes=\"(max-width: 180px) 100vw, 180px\" \/><\/p>\n<p>Es directora T\u00e9cnica General-Gerente de la Asociaci\u00f3n de Axuda \u00f3 Enfermo Mental \u00abA Mari\u00f1a\u00bb desde 2009 y colaboradora de Algalia como coach desde el 2021.<\/p>\n<p>Desarroll\u00f3 su labor profesional como Animadora Socio-Cultural, Trabajadora Social, Responsable de Calidad y Directora de Centros de Rehabilitaci\u00f3n, Pisos Protegidos y Residencia, desde que inici\u00f3 su andadura profesional en 2001.<\/p>\n<p>Voluntaria y formadora, es Diplomada en Trabajo Social (Universidad de Vigo), M\u00e1ster en Formaci\u00f3n, Gesti\u00f3n y Direcci\u00f3n en Autonom\u00eda, Dependencia y Discapacidad (UNED), M\u00e1ster en Gesti\u00f3n, Intervenci\u00f3n y Rehabilitaci\u00f3n Psicosocial en Salud Mental (UNED), M\u00e1ster en Intervenci\u00f3n con Mujeres V\u00edctimas de Violencia de G\u00e9nero, Titulaci\u00f3n Universitaria en Igualdad de G\u00e9nero (Instituto Europeo de Estudios Empresariales) y M\u00e1ster en Coaching de Personas y Equipos (Mondrag\u00f3n Unibertsitatea).<\/p>\n<p><em><a href=\"mailto:mariayusep8@hotmail.com\" target=\"_blank\" rel=\"noopener\">mariayusep8@hotmail.com<\/a> \/ 658323312<\/em><\/p>\n<\/div>\n<div class=\"ficha-coach\">\n<h3>Miguel Barbosa.\u00a0 Coach de personas y equipos.<\/h3>\n<p><img decoding=\"async\" loading=\"lazy\" class=\"alignleft wp-image-694\" src=\"https:\/\/algalia.com\/wp-content\/uploads\/2015\/10\/barbosa.jpg\" alt=\"\" width=\"180\" height=\"180\" srcset=\"https:\/\/algalia.com\/wp-content\/uploads\/2015\/10\/barbosa.jpg 250w, https:\/\/algalia.com\/wp-content\/uploads\/2015\/10\/barbosa-150x150.jpg 150w\" sizes=\"(max-width: 180px) 100vw, 180px\" \/><\/p>\n<p>Es consultor de desarrollo organizativo, coach,\u00a0 y responsable del \u00c1rea de Consultor\u00eda en ALGALIA.<\/p>\n<p>Diplomado en Ciencias empresariales (especialidad de Recursos humanos) (UdeVigo), y Relaciones Laborales (UdeVigo), M\u00e1ster en Coaching de personas y equipos (Mondragon Unibertsitatea), Posgrado en coaching de equipos (Mondrag\u00f3n Unibertsitatea), M\u00e1ster en Calidad (INGAFOR), Master en Gesti\u00f3n Ambiental (INGAFOR) y M\u00e1ster en Prevenci\u00f3n de Riesgos laborales (INGAFOR).<\/p>\n<p>Es formador en diferentes M\u00e1ster y Cursos superiores de Calidad, prevenci\u00f3n de riesgos laborales, recursos humanos y medioambiente.<\/p>\n<p><em><a href=\"mailto:miguel.barbosa@algalia.com\" target=\"_blank\" rel=\"noopener\">miguel.barbosa@algalia.com<\/a>\u00a0 \/\u00a0637482484<\/em><\/p>\n<\/div>\n<div class=\"ficha-coach\">\n<h3>Celso G\u00e1ndara.\u00a0 Coach de personas.<\/h3>\n<p><img decoding=\"async\" loading=\"lazy\" class=\"alignleft wp-image-695\" src=\"https:\/\/algalia.com\/wp-content\/uploads\/2015\/10\/celso.jpg\" alt=\"\" width=\"180\" height=\"180\" srcset=\"https:\/\/algalia.com\/wp-content\/uploads\/2015\/10\/celso.jpg 250w, https:\/\/algalia.com\/wp-content\/uploads\/2015\/10\/celso-150x150.jpg 150w\" sizes=\"(max-width: 180px) 100vw, 180px\" \/><\/p>\n<p>Es gerente de ALGALIA y coach.<\/p>\n<p>Licenciado en Ciencias Econ\u00f3micas y Empresariales (USC), M\u00e1ster en coaching de personas y equipos (Mondrag\u00f3n Unibertsitatea), Programa Superior en Direcci\u00f3n y Gesti\u00f3n de Cooperativas (Escuela Negocios A Fundaci\u00f3n), Posgrado en Direcci\u00f3n y Administraci\u00f3n de organizaciones no lucrativas (UdeVigo) y Postgrado en Inserci\u00f3n Laboral de Personas con Discapacidad (Fundaci\u00f3n Paideia).<\/p>\n<p><em><a href=\"mailto:celso.gandara@algalia.com\" target=\"_blank\" rel=\"noopener\">celso.gandara@algalia.com<\/a> \/\u00a0687879412<\/em><\/p>\n<p>&nbsp;<\/p>\n<\/div>\n<div class=\"ficha-coach\">\n<h3>Laura Ram\u00edrez.\u00a0 Coach de personas y equipos.<\/h3>\n<p><img decoding=\"async\" loading=\"lazy\" class=\"wp-image-14842 alignleft\" src=\"https:\/\/algalia.com\/wp-content\/uploads\/2024\/04\/Foto-vertical-Laura-Ramirez-1.jpg\" alt=\"\" width=\"180\" height=\"213\" \/><\/p>\n<p>Es directora t\u00e9cnica en Alento, Asociaci\u00f3n de Da\u00f1o Cerebral desde 2015, adem\u00e1s de responsable y formadora de la Escuela DCA en la misma entidad. Desde el 2024, es colaboradora de Algalia como coach.<\/p>\n<p>Licenciada en Psicolog\u00eda (UCM) con certificado de habilitaci\u00f3n Sanitaria y M\u00e1ster en sexolog\u00eda y terapia sexual, lleva ejerciendo su labor profesional desde el 2005 hasta la actualidad, siempre en \u00e1mbitos del tercer sector.<\/p>\n<p>Curs\u00f3 el M\u00e1ster en Coaching de personas y equipos de Mondragon Unibersitatea y est\u00e1 acreditada como Facilitadora de Mindfulness por la International Practitioners of Holistic Medicine (IPHM).<\/p>\n<p><em><a href=\"mailto:lramirezramos82@gmail.com\" target=\"_blank\" rel=\"noopener\">lramirezramos82@gmail.com<\/a> \/667558299<\/em><\/p>\n<\/div>\n<\/div>\n<p><\/p>","protected":false},"excerpt":{"rendered":"<p>En VIRADA entendemos las organizaciones como realidades vivas en las que las personas, los equipos y la propia organizaci\u00f3n como tal, interact\u00faan sist\u00e9micamente. Desde este paradigma, y con la contribuci\u00f3n del coaching, ofrecemos acompa\u00f1amiento a personas, equipos y organizaciones para facilitar el logro de sus resultados. VIRADA ofrece acompa\u00f1amientos de coaching a personas abiertas a [&hellip;]<\/p>\n","protected":false},"author":3,"featured_media":0,"parent":9264,"menu_order":0,"comment_status":"closed","ping_status":"closed","template":"template-virada-hija.php","meta":[],"_links":{"self":[{"href":"https:\/\/algalia.com\/es\/wp-json\/wp\/v2\/pages\/9409"}],"collection":[{"href":"https:\/\/algalia.com\/es\/wp-json\/wp\/v2\/pages"}],"about":[{"href":"https:\/\/algalia.com\/es\/wp-json\/wp\/v2\/types\/page"}],"author":[{"embeddable":true,"href":"https:\/\/algalia.com\/es\/wp-json\/wp\/v2\/users\/3"}],"replies":[{"embeddable":true,"href":"https:\/\/algalia.com\/es\/wp-json\/wp\/v2\/comments?post=9409"}],"version-history":[{"count":83,"href":"https:\/\/algalia.com\/es\/wp-json\/wp\/v2\/pages\/9409\/revisions"}],"predecessor-version":[{"id":14855,"href":"https:\/\/algalia.com\/es\/wp-json\/wp\/v2\/pages\/9409\/revisions\/14855"}],"up":[{"embeddable":true,"href":"https:\/\/algalia.com\/es\/wp-json\/wp\/v2\/pages\/9264"}],"wp:attachment":[{"href":"https:\/\/algalia.com\/es\/wp-json\/wp\/v2\/media?parent=9409"}],"curies":[{"name":"wp","href":"https:\/\/api.w.org\/{rel}","templated":true}]}}