{"id":9275,"date":"2022-09-23T09:00:33","date_gmt":"2022-09-23T07:00:33","guid":{"rendered":"https:\/\/algalia.com\/gl\/?page_id=9275"},"modified":"2025-12-05T13:06:06","modified_gmt":"2025-12-05T11:06:06","slug":"virada-equipos","status":"publish","type":"page","link":"https:\/\/algalia.com\/es\/programa-virada\/virada-equipos\/","title":{"rendered":"Virada Equipos"},"content":{"rendered":"<p><\/p>\n<div class=\"entry-content\">\n<p><img decoding=\"async\" loading=\"lazy\" class=\"wp-image-9563 alignright\" src=\"https:\/\/algalia.com\/wp-content\/uploads\/2020\/12\/7-300x169.jpg\" alt=\"\" width=\"549\" height=\"309\" srcset=\"https:\/\/algalia.com\/wp-content\/uploads\/2020\/12\/7-300x169.jpg 300w, https:\/\/algalia.com\/wp-content\/uploads\/2020\/12\/7-768x432.jpg 768w, https:\/\/algalia.com\/wp-content\/uploads\/2020\/12\/7-1024x576.jpg 1024w, https:\/\/algalia.com\/wp-content\/uploads\/2020\/12\/7-610x343.jpg 610w, https:\/\/algalia.com\/wp-content\/uploads\/2020\/12\/7.jpg 1920w\" sizes=\"(max-width: 549px) 100vw, 549px\" \/>El prop\u00f3sito de <strong>VIRADA para el fortalecimiento de equipos<\/strong> (VIRADA Equipos) es contribuir a que equipos naturales de organizaciones de la econom\u00eda social y empresas desarrollen competencias de liderazgo compartido y se desempe\u00f1en con mayor efectividad.<\/p>\n<p>Con <em>VIRADA Equipos<\/em> queremos contribuir a construir equipos afectivos y efectivos que alcanzan la calidad desde la calidez. <span class=\"ui-provider a b c d e f g h i j k l m n o p q r s t u v w x y z ab ac ae af ag ah ai aj ak\" dir=\"ltr\">Desde 2016, 19 equipos de 12 entidades distintas de la econom\u00eda social gallega mejoraron la efectividad y calidad relacional de sus equipos, implicando en el trabajo a 137 personas distintas.<\/span><\/p>\n<p>Entendemos por equipos naturales aquellos que se configuran en las organizaciones para el desarrollo de una funci\u00f3n o la ejecuci\u00f3n de una tarea, y que establecen entre sus miembros v\u00ednculos relacionales de cierta continuidad.<\/p>\n<p>Por ejemplo: el equipo de direcci\u00f3n de una entidad, un equipo t\u00e9cnico de una organizaci\u00f3n, un equipo de proyecto, equipos de centro o servicio, una junta directiva de una asociaci\u00f3n, el patronato de una fundaci\u00f3n, un consejo rector de una cooperativa, un equipo de innovaci\u00f3n de una organizaci\u00f3n\u2026<\/p>\n<p>Las actividades principales que estructuran el programa son:<\/p>\n<ol>\n<li>Aplicaci\u00f3n de la Metodolog\u00eda Belbin de roles de equipo.<\/li>\n<li>Encuentros presenciales outdoor.<\/li>\n<li>Talleres de contenido sobre liderazgo.<\/li>\n<li>Coaching de equipo.<\/li>\n<\/ol>\n<p><em>VIRADA Equipos<\/em> sit\u00faa en el centro del acompa\u00f1amiento a las personas y el propio equipo, como una realidad distinta de sus miembros. Es una invitaci\u00f3n para que el equipo reflexione, genere un pensamiento cr\u00edtico, y estimule diferentes puntos de vista que le d\u00e9 m\u00e1s posibilidades en su crecimiento.<\/p>\n<\/div>\n<div class=\"bloques-flex\">\n<div class=\"card\">\n<h2><a href=\"https:\/\/algalia.com\/wp-content\/uploads\/2024\/05\/EQUIPOS-CAST-25.pdf\" target=\"_blank\" rel=\"noopener\">M\u00e1s informaci\u00f3n<\/a><\/h2>\n<ul class=\"contido\">\n<li>Consulta toda la informaci\u00f3n sobre el programa<br \/>\n<a href=\"https:\/\/algalia.com\/wp-content\/uploads\/2025\/12\/EQUIPOS-CAST-26_BR.pdf\">Dossier del Programa Virada Equipos 2026<\/a><\/li>\n<\/ul>\n<\/div>\n<div class=\"card\">\n<h2 class=\"link\">Inscripci\u00f3n<\/h2>\n<div class=\"contido\">\n<p>Fecha l\u00edmite de inscripci\u00f3n: <strong>13 de febrero de 2026.<\/strong><\/p>\n<div style=\"display: flex;\">\n<p><img decoding=\"async\" loading=\"lazy\" class=\"size-thumbnail wp-image-697\" src=\"https:\/\/algalia.com\/wp-content\/uploads\/2015\/10\/davidp-150x150.jpg\" alt=\"\" width=\"70\" height=\"70\" srcset=\"https:\/\/algalia.com\/wp-content\/uploads\/2015\/10\/davidp-150x150.jpg 150w, https:\/\/algalia.com\/wp-content\/uploads\/2015\/10\/davidp.jpg 250w\" sizes=\"(max-width: 70px) 100vw, 70px\" \/><\/p>\n<ul>\n<li>David Pereiro<\/li>\n<li>687879414<\/li>\n<li><a href=\"mailto:david.pereiro@algalia.com\" target=\"_blank\" rel=\"noopener\">david.pereiro@algalia.com<\/a><\/li>\n<\/ul>\n<\/div>\n<\/div>\n<\/div>\n<\/div>\n<p><\/p>","protected":false},"excerpt":{"rendered":"<p>El prop\u00f3sito de VIRADA para el fortalecimiento de equipos (VIRADA Equipos) es contribuir a que equipos naturales de organizaciones de la econom\u00eda social y empresas desarrollen competencias de liderazgo compartido y se desempe\u00f1en con mayor efectividad. Con VIRADA Equipos queremos contribuir a construir equipos afectivos y efectivos que alcanzan la calidad desde la calidez. Desde [&hellip;]<\/p>\n","protected":false},"author":1,"featured_media":0,"parent":9264,"menu_order":0,"comment_status":"closed","ping_status":"closed","template":"template-virada-hija.php","meta":[],"_links":{"self":[{"href":"https:\/\/algalia.com\/es\/wp-json\/wp\/v2\/pages\/9275"}],"collection":[{"href":"https:\/\/algalia.com\/es\/wp-json\/wp\/v2\/pages"}],"about":[{"href":"https:\/\/algalia.com\/es\/wp-json\/wp\/v2\/types\/page"}],"author":[{"embeddable":true,"href":"https:\/\/algalia.com\/es\/wp-json\/wp\/v2\/users\/1"}],"replies":[{"embeddable":true,"href":"https:\/\/algalia.com\/es\/wp-json\/wp\/v2\/comments?post=9275"}],"version-history":[{"count":104,"href":"https:\/\/algalia.com\/es\/wp-json\/wp\/v2\/pages\/9275\/revisions"}],"predecessor-version":[{"id":15971,"href":"https:\/\/algalia.com\/es\/wp-json\/wp\/v2\/pages\/9275\/revisions\/15971"}],"up":[{"embeddable":true,"href":"https:\/\/algalia.com\/es\/wp-json\/wp\/v2\/pages\/9264"}],"wp:attachment":[{"href":"https:\/\/algalia.com\/es\/wp-json\/wp\/v2\/media?parent=9275"}],"curies":[{"name":"wp","href":"https:\/\/api.w.org\/{rel}","templated":true}]}}