{"id":9273,"date":"2022-09-23T09:00:47","date_gmt":"2022-09-23T07:00:47","guid":{"rendered":"https:\/\/algalia.com\/gl\/?page_id=9273"},"modified":"2026-01-14T13:44:25","modified_gmt":"2026-01-14T11:44:25","slug":"virada-liderado","status":"publish","type":"page","link":"https:\/\/algalia.com\/es\/programa-virada\/virada-liderado\/","title":{"rendered":"Virada Liderazgo"},"content":{"rendered":"<p><img decoding=\"async\" loading=\"lazy\" class=\"wp-image-9567 alignright\" src=\"https:\/\/algalia.com\/wp-content\/uploads\/2020\/12\/3-300x205.jpg\" alt=\"\" width=\"500\" height=\"341\" srcset=\"https:\/\/algalia.com\/wp-content\/uploads\/2020\/12\/3-300x205.jpg 300w, https:\/\/algalia.com\/wp-content\/uploads\/2020\/12\/3-768x524.jpg 768w, https:\/\/algalia.com\/wp-content\/uploads\/2020\/12\/3-1024x699.jpg 1024w, https:\/\/algalia.com\/wp-content\/uploads\/2020\/12\/3-610x416.jpg 610w, https:\/\/algalia.com\/wp-content\/uploads\/2020\/12\/3.jpg 1569w\" sizes=\"(max-width: 500px) 100vw, 500px\" \/>El prop\u00f3sito de <strong>VIRADA para el desarrollo de liderazgo\u00a0<\/strong>(<em>VIRADA Liderazgo<\/em>) es contribuir a que personas con responsabilidades directivas o de coordinaci\u00f3n de equipos, responsabilidades en ejercicio o futuras, adquieran competencias estrat\u00e9gicas, interpersonales y personales que las capaciten para el desarrollo de un liderazgo m\u00e1s efectivo.<\/p>\n<p>Cerca de 45 entidades y 130 personas de econom\u00eda social han confiado en <em>VIRADA Liderazgo<\/em> para contribuir al desarrollo de sus l\u00edderes.<em> <a href=\"https:\/\/algalia.com\/es\/programa-virada\/virada-liderado\/persoas\/\" target=\"_blank\" rel=\"noopener\">Personas particulares<\/a> <\/em>tambi\u00e9n tienen su lugar en este espacio de formaci\u00f3n.<\/p>\n<p>Las actividades principales que estructuran el programa son:<\/p>\n<ol>\n<li>Encuentros presenciales outdoor.<\/li>\n<li>Talleres de contenido sobre liderazgo.<\/li>\n<li>Coaching personal.<\/li>\n<li>Proyecto de Impacto Organizacional.<\/li>\n<\/ol>\n<p><em>VIRADA Liderazgo<\/em> es heredero y continuaci\u00f3n en Galicia del <a href=\"https:\/\/edefundazioa.org\/que-hacemos-lineas-de-trabajo\/ede-conocimiento\/consultoria-y-asesoria\/cultura-organizacional-teal\/\" target=\"_blank\" rel=\"noopener\"><em>Programa de liderazgo<\/em><\/a> desarrollado desde el a\u00f1o 2009 en Euskadi por la Escuela de Liderazgo y Emprendimiento de <a href=\"https:\/\/edefundazioa.org\/\" target=\"_blank\" rel=\"noopener\">EDE Fundazioa<\/a>.<\/p>\n<p>Tanto <em>VIRADA Liderazgo<\/em>, como el <em>Programa de liderazgo<\/em> de EDE Fundazioa, forman parte de un itinerario formativo que se desarrolla en coordinaci\u00f3n con la Mondragon Unibertsitatea (Universidad de Mondrag\u00f3n) y que culmina con un <a href=\"https:\/\/www.mondragon.edu\/cursos\/es\/tematicas\/liderazgo-gestion-personas\/master-profesional-en-coaching-de-personas-y-equipos\" target=\"_blank\" rel=\"noopener\"><em>M\u00e1ster en coaching de personas y equipos<\/em><\/a>.<\/p>\n<div class=\"bloques-flex clr\">\n<div class=\"card\">\n<h2><a href=\"https:\/\/algalia.com\/wp-content\/uploads\/2024\/05\/LIDERAZGO-CAST-25.pdf\" target=\"_blank\" rel=\"noopener\">M\u00e1s informaci\u00f3n<\/a><\/h2>\n<ul class=\"contido\">\n<li>Consulta toda la informaci\u00f3n sobre el programa<br \/>\n<a href=\"https:\/\/algalia.com\/wp-content\/uploads\/2025\/09\/LIDERAZGO_CAST_26.pdf\">Dossier del Programa Virada Liderazgo 2026<\/a><\/li>\n<\/ul>\n<\/div>\n<div class=\"card\">\n<h2><a href=\"https:\/\/algalia.com\/es\/curso\/2024\/\" target=\"_blank\" rel=\"noopener\">Inscripci\u00f3n<\/a><\/h2>\n<ul class=\"contido\">\n<li>Fecha l\u00edmite de inscripci\u00f3n: <strong>13 de febrero de 2026.<\/strong><\/li>\n<li>Accede al formulario de inscripci\u00f3n <a href=\"https:\/\/algalia.com\/gl\/curso\/programa-virada-liderazgo-2026\/\" target=\"_blank\" rel=\"noopener\">aqu\u00ed<\/a>.<\/li>\n<\/ul>\n<\/div>\n<\/div>\n<p><\/p>","protected":false},"excerpt":{"rendered":"<p>El prop\u00f3sito de VIRADA para el desarrollo de liderazgo\u00a0(VIRADA Liderazgo) es contribuir a que personas con responsabilidades directivas o de coordinaci\u00f3n de equipos, responsabilidades en ejercicio o futuras, adquieran competencias estrat\u00e9gicas, interpersonales y personales que las capaciten para el desarrollo de un liderazgo m\u00e1s efectivo. Cerca de 45 entidades y 130 personas de econom\u00eda social [&hellip;]<\/p>\n","protected":false},"author":1,"featured_media":0,"parent":9264,"menu_order":0,"comment_status":"closed","ping_status":"closed","template":"template-virada-hija.php","meta":[],"_links":{"self":[{"href":"https:\/\/algalia.com\/es\/wp-json\/wp\/v2\/pages\/9273"}],"collection":[{"href":"https:\/\/algalia.com\/es\/wp-json\/wp\/v2\/pages"}],"about":[{"href":"https:\/\/algalia.com\/es\/wp-json\/wp\/v2\/types\/page"}],"author":[{"embeddable":true,"href":"https:\/\/algalia.com\/es\/wp-json\/wp\/v2\/users\/1"}],"replies":[{"embeddable":true,"href":"https:\/\/algalia.com\/es\/wp-json\/wp\/v2\/comments?post=9273"}],"version-history":[{"count":173,"href":"https:\/\/algalia.com\/es\/wp-json\/wp\/v2\/pages\/9273\/revisions"}],"predecessor-version":[{"id":16001,"href":"https:\/\/algalia.com\/es\/wp-json\/wp\/v2\/pages\/9273\/revisions\/16001"}],"up":[{"embeddable":true,"href":"https:\/\/algalia.com\/es\/wp-json\/wp\/v2\/pages\/9264"}],"wp:attachment":[{"href":"https:\/\/algalia.com\/es\/wp-json\/wp\/v2\/media?parent=9273"}],"curies":[{"name":"wp","href":"https:\/\/api.w.org\/{rel}","templated":true}]}}