{"id":9264,"date":"2020-01-25T09:39:18","date_gmt":"2020-01-25T07:39:18","guid":{"rendered":"https:\/\/algalia.com\/gl\/?page_id=9264"},"modified":"2026-01-12T20:21:37","modified_gmt":"2026-01-12T18:21:37","slug":"programa-virada","status":"publish","type":"page","link":"https:\/\/algalia.com\/es\/programa-virada\/","title":{"rendered":"Programa Virada"},"content":{"rendered":"<p><\/p>\n<div class=\"banner\"><iframe loading=\"lazy\" src=\"https:\/\/www.youtube.com\/embed\/eYilCTxWnmM?autoplay=1\" width=\"100% \" height=\"450\" frameborder=\"0\" allowfullscreen=\"allowfullscreen\"><span data-mce-type=\"bookmark\" style=\"display: inline-block; width: 0px; overflow: hidden; line-height: 0;\" class=\"mce_SELRES_start\">\ufeff<\/span><span data-mce-type=\"bookmark\" style=\"display: inline-block; width: 0px; overflow: hidden; line-height: 0;\" class=\"mce_SELRES_start\">\ufeff<\/span><\/iframe><\/div>\n<div class=\"intro\">\n<div class=\"texto\">\n<div class=\"contenedor\">\n<p>VIRADA es el referente en el que ALGALIA, en colaboraci\u00f3n con otras entidades, agrupa sus propuestas formativas de acompa\u00f1amiento a personas, equipos y organizaciones.<\/p>\n<p>Una <strong>organizaci\u00f3n<\/strong> es un sistema vivo de sistemas vivos, interrelacionados entre si. Entender y poder intervenir en las din\u00e1micas que subyacen en los sistemas resuelven gran parte de las dificultades y conflictos, as\u00ed como ayuda a desarrollar todo el potencial organizativo.<\/p>\n<\/div>\n<\/div>\n<div class=\"video\"><!--<img decoding=\"async\" loading=\"lazy\" class=\"alignnone wp-image-9281 size-full\" src=\"https:\/\/algalia.com\/wp-content\/uploads\/2020\/12\/IMAGEN.jpg\" alt=\"\" width=\"585\" height=\"365\" srcset=\"https:\/\/algalia.com\/wp-content\/uploads\/2020\/12\/IMAGEN.jpg 585w, https:\/\/algalia.com\/wp-content\/uploads\/2020\/12\/IMAGEN-300x187.jpg 300w\" sizes=\"(max-width: 585px) 100vw, 585px\" \/>--><iframe loading=\"lazy\" src=\"https:\/\/www.youtube.com\/embed\/hyBD0Dyaz7g\" width=\"100%\" height=\"315\" frameborder=\"0\" allowfullscreen=\"allowfullscreen\"><\/iframe><\/div>\n<\/div>\n<div class=\"intro\">\n<div class=\"video\"><iframe loading=\"lazy\" src=\"https:\/\/www.youtube.com\/embed\/hMktgj0N4ok\" width=\"100%\" height=\"315\" frameborder=\"0\" allowfullscreen=\"allowfullscreen\"><\/iframe><\/div>\n<div class=\"texto\">\n<div class=\"contenedor\">\n<p>Un <strong>equipo<\/strong>\u00a0es m\u00e1s que la suma de sus individuos. Es un conjunto de conversaciones, tanto internas como con su entorno.<\/p>\n<p>Para que un equipo pueda ser de alto rendimiento se debe combinar la orientaci\u00f3n a la tarea (obtenci\u00f3n de resultados) y el cuidado de la relaci\u00f3n (interacciones saludables).<\/p>\n<p>Tenemos que asumir con normalidad y responsabilidad que las <strong>personas<\/strong> somos ante todo seres emocionales. Las competencias emocionales son necesarias para sentirse ben, dinamizar equipos y relaciones, y construir organizaciones efectivas.<\/p>\n<\/div>\n<\/div>\n<\/div>\n<div class=\"bloques-flex bloques-3col\">\n<div class=\"card\">\n<h2><a href=\"https:\/\/algalia.com\/es\/programa-virada\/virada-liderado\/\" rel=\"noopener\">Virada Liderazgo<\/a><\/h2>\n<ul class=\"contido\">\n<li>Programa para el desarrollo del liderazgo en personas con responsabilidades de direcci\u00f3n o coordinaci\u00f3n.<\/li>\n<\/ul>\n<\/div>\n<div class=\"card\">\n<h2><a href=\"https:\/\/algalia.com\/es\/programa-virada\/virada-equipos\/\" rel=\"noopener\">Virada Equipos<\/a><\/h2>\n<ul class=\"contido\">\n<li>Programa para el fortalecimiento de equipos.<\/li>\n<\/ul>\n<\/div>\n<div class=\"card\">\n<h2><a href=\"https:\/\/algalia.com\/es\/programa-virada\/escola-teal\/\" target=\"_blank\" rel=\"noopener\">Virada Teal<\/a><\/h2>\n<ul class=\"contido\">\n<li>Iniciativas para la transformaci\u00f3n cultural de las organizaciones.<\/li>\n<\/ul>\n<\/div>\n<div class=\"card\">\n<h2><a href=\"https:\/\/algalia.com\/es\/programa-virada\/virada-profundizacion\/\" rel=\"noopener\">Virada Profundizaci\u00f3n<\/a><\/h2>\n<ul class=\"contido\">\n<li>Programa avanzado para el desarrollo del liderazgo.<\/li>\n<\/ul>\n<\/div>\n<div class=\"card\">\n<h2><a href=\"https:\/\/algalia.com\/programa-virada\/virada-emocions\/\" rel=\"noopener\">Virada Emociones<\/a><\/h2>\n<ul class=\"contido\">\n<li>Programa dise\u00f1ado para cultivar y disfrutar de nuestra conciencia emocional.<\/li>\n<\/ul>\n<\/div>\n<div class=\"card\">\n<h2><a href=\"https:\/\/algalia.com\/es\/programa-virada\/coaching-persoal-de-equipos\/\" rel=\"noopener\">Coaching<\/a><\/h2>\n<ul class=\"contido\">\n<li>Acompa\u00f1amiento personal.<\/li>\n<li>Acompa\u00f1amiento de equipos.<\/li>\n<\/ul>\n<\/div>\n<div class=\"card\" style=\"margin: 0 auto;\">\n<h2><a href=\"https:\/\/algalia.com\/es\/tag\/virada\/\" rel=\"noopener\">Noticias<\/a><\/h2>\n<ul class=\"contido\">\n<li>Art\u00edculos y noticias sobre liderazgo y desarrollo de personas, equipos y organizaciones.<\/li>\n<\/ul>\n<\/div>\n<\/div>\n<p><\/p>","protected":false},"excerpt":{"rendered":"<p>\ufeff\ufeff VIRADA es el referente en el que ALGALIA, en colaboraci\u00f3n con otras entidades, agrupa sus propuestas formativas de acompa\u00f1amiento a personas, equipos y organizaciones. Una organizaci\u00f3n es un sistema vivo de sistemas vivos, interrelacionados entre si. Entender y poder intervenir en las din\u00e1micas que subyacen en los sistemas resuelven gran parte de las dificultades [&hellip;]<\/p>\n","protected":false},"author":1,"featured_media":0,"parent":0,"menu_order":0,"comment_status":"closed","ping_status":"closed","template":"template-virada.php","meta":[],"_links":{"self":[{"href":"https:\/\/algalia.com\/es\/wp-json\/wp\/v2\/pages\/9264"}],"collection":[{"href":"https:\/\/algalia.com\/es\/wp-json\/wp\/v2\/pages"}],"about":[{"href":"https:\/\/algalia.com\/es\/wp-json\/wp\/v2\/types\/page"}],"author":[{"embeddable":true,"href":"https:\/\/algalia.com\/es\/wp-json\/wp\/v2\/users\/1"}],"replies":[{"embeddable":true,"href":"https:\/\/algalia.com\/es\/wp-json\/wp\/v2\/comments?post=9264"}],"version-history":[{"count":165,"href":"https:\/\/algalia.com\/es\/wp-json\/wp\/v2\/pages\/9264\/revisions"}],"predecessor-version":[{"id":15996,"href":"https:\/\/algalia.com\/es\/wp-json\/wp\/v2\/pages\/9264\/revisions\/15996"}],"wp:attachment":[{"href":"https:\/\/algalia.com\/es\/wp-json\/wp\/v2\/media?parent=9264"}],"curies":[{"name":"wp","href":"https:\/\/api.w.org\/{rel}","templated":true}]}}