{"id":8259,"date":"2020-03-31T12:11:56","date_gmt":"2020-03-31T10:11:56","guid":{"rendered":"https:\/\/algalia.com\/gl\/?page_id=8259"},"modified":"2020-06-30T08:11:20","modified_gmt":"2020-06-30T06:11:20","slug":"informacion-diaria-covid-19","status":"publish","type":"page","link":"https:\/\/algalia.com\/es\/informacion-diaria-covid-19\/","title":{"rendered":"Informaci\u00f3n diaria COVID-19"},"content":{"rendered":"<p>El equipo de asesor\u00eda de ALGALIA quiere aportar su\u00a0 grano de arena\u00a0 en este momento de esfuerzo\u00a0 com\u00fan, y desde hoy ponen a disposici\u00f3n p\u00fablica un recurso en formato de hoja de Excel para identificar:<\/p>\n<ul>\n<li>la <strong>normativa\u00a0<\/strong>de aplicaci\u00f3n vigente de\u00a0<strong>\u00e1mbito estatal (BOE) y auton\u00f3mico gallego (DOG).\u00a0\u00a0 <a href=\"https:\/\/algalia.com\/wp-content\/uploads\/2020\/06\/COVID_xuridico_social_2020_06_29_NORMATIVA.xlsx\" target=\"_blank\" rel=\"noopener\"><u>Descargar<\/u> <\/a><\/strong><\/li>\n<li><strong>otros contenidos<\/strong>\u00a0centrados en las cuestiones m\u00e1s vinculadas con el<strong>\u00a0campo de pol\u00edtica social.\u00a0 <a href=\"https:\/\/algalia.com\/wp-content\/uploads\/2020\/06\/COVID_xuridico_social_2020_06_18_RECURSOS.xlsx\" target=\"_blank\" rel=\"noopener\"><u>Des<\/u><u>c<\/u><u>argar<\/u><\/a><\/strong><\/li>\n<\/ul>\n<p>Desde ah\u00ed pod\u00e9is encontrar, con o sin\u00a0 filtros, la informaci\u00f3n que os interese. El documento\u00a0<strong>se actualizar\u00e1\u00a0<\/strong>permanentemente desde ALGALIA para tener siempre disponibles las reglas de juego\u00a0 vigentes, m\u00e1s los criterios e instrucciones y recursos de apoyo\u00a0 disponibles en cada momento. Intentaremos hacerlo a diario. En todo caso, iremos al ritmo que nos marque la propia realidad.<\/p>\n<p>Esta informaci\u00f3n ser\u00e1 coordinada por el servicio jur\u00eddico de Algalia, a trav\u00e9s de nuestro asesor legal, Santiago M\u00edguez.\u00a0 Adem\u00e1s pretende contar con vuestra colaboraci\u00f3n no solo c\u00f3mo usuaria, sino como constructora:<\/p>\n<ul>\n<li>Si quer\u00e9is\u00a0<strong>remitir alg\u00fan contenido<\/strong>, puedes hacerlo llegar a <a href=\"mailto:santiago.miguez@algalia.com\">santiago.miguez@algalia.com<\/a>, y evaluaremos\u00a0 su\u00a0 inclusi\u00f3n en el siguiente documento actualizado.<\/li>\n<li>Se detect\u00e1is\u00a0<strong>alg\u00fan enlace que ya no funciona o est\u00e1 obsoleto o tiene alg\u00fan error<\/strong>, igualmente agradecemos nos lo hag\u00e1is llegar a <a href=\"mailto:santiago.miguez@algalia.com\">santiago.miguez@algalia.com<\/a>\u00a0y lo revisaremos para la siguiente actualizaci\u00f3n.<\/li>\n<\/ul>\n<p>Confiamos en que sea de vuestro inter\u00e9s y de utilidad, y, si quer\u00e9is y pod\u00e9is, agradecemos vuestra colaboraci\u00f3n en inter\u00e9s com\u00fan.<\/p>\n<p><strong>Equipo de asesor\u00eda de Algalia<\/strong><\/p>\n<p>&nbsp;<\/p>\n<p>&nbsp;<\/p>","protected":false},"excerpt":{"rendered":"<p>El equipo de asesor\u00eda de ALGALIA quiere aportar su\u00a0 grano de arena\u00a0 en este momento de esfuerzo\u00a0 com\u00fan, y desde hoy ponen a disposici\u00f3n p\u00fablica un recurso en formato de hoja de Excel para identificar: la normativa\u00a0de aplicaci\u00f3n vigente de\u00a0\u00e1mbito estatal (BOE) y auton\u00f3mico gallego (DOG).\u00a0\u00a0 Descargar otros contenidos\u00a0centrados en las cuestiones m\u00e1s vinculadas con [&hellip;]<\/p>\n","protected":false},"author":1,"featured_media":0,"parent":0,"menu_order":0,"comment_status":"closed","ping_status":"closed","template":"","meta":[],"_links":{"self":[{"href":"https:\/\/algalia.com\/es\/wp-json\/wp\/v2\/pages\/8259"}],"collection":[{"href":"https:\/\/algalia.com\/es\/wp-json\/wp\/v2\/pages"}],"about":[{"href":"https:\/\/algalia.com\/es\/wp-json\/wp\/v2\/types\/page"}],"author":[{"embeddable":true,"href":"https:\/\/algalia.com\/es\/wp-json\/wp\/v2\/users\/1"}],"replies":[{"embeddable":true,"href":"https:\/\/algalia.com\/es\/wp-json\/wp\/v2\/comments?post=8259"}],"version-history":[{"count":108,"href":"https:\/\/algalia.com\/es\/wp-json\/wp\/v2\/pages\/8259\/revisions"}],"predecessor-version":[{"id":9083,"href":"https:\/\/algalia.com\/es\/wp-json\/wp\/v2\/pages\/8259\/revisions\/9083"}],"wp:attachment":[{"href":"https:\/\/algalia.com\/es\/wp-json\/wp\/v2\/media?parent=8259"}],"curies":[{"name":"wp","href":"https:\/\/api.w.org\/{rel}","templated":true}]}}