{"id":7545,"date":"2019-07-01T14:17:32","date_gmt":"2019-07-01T12:17:32","guid":{"rendered":"https:\/\/algalia.com\/gl\/?page_id=7545"},"modified":"2019-12-17T11:53:08","modified_gmt":"2019-12-17T09:53:08","slug":"clausalado-2-2","status":"publish","type":"page","link":"https:\/\/algalia.com\/es\/clausalado-2-2\/","title":{"rendered":"Clausulado Xegalia"},"content":{"rendered":"<p><div class=\"responsive-tabs\">\n<h2 class=\"tabtitle\">CLIENTES<\/h2>\n<div class=\"tabcontent\">\n<\/p>\n<p><strong>Normativa: <\/strong>\u00a0Reglamento (UE) 2016\/679 RGPD.<\/p>\n<p><strong>Responsable del tratamiento: <\/strong>XEGALIA GALEGA DE XESTION, S.L.<\/p>\n<p>CIF: B36924587<\/p>\n<p>Direcci\u00f3n: R\u00faa Fais\u00e1n 7-Entlo, 36205 Vigo (Pontevedra)<\/p>\n<p>Tel\u00e9fono: 986379587<\/p>\n<p>Correo electr\u00f3nico: <a href=\"mailto:algalia@algalia.com\">algalia@algalia.com<\/a><\/p>\n<p><strong>Finalidad del tratamiento:<\/strong><\/p>\n<ol>\n<li>Cumplimiento del objeto del contrato. La legitimaci\u00f3n para tratar sus datos es la celebraci\u00f3n de un contrato y ser\u00e1n guardados mientras dure la relaci\u00f3n contractual o hasta la finalizaci\u00f3n del plazo de prescripci\u00f3n de las acciones que puedan derivarse de la relaci\u00f3n contractual.<\/li>\n<li>Gesti\u00f3n administrativa. La legitimaci\u00f3n para tratar sus datos es la celebraci\u00f3n de un contrato y ser\u00e1n guardados mientras dure la relaci\u00f3n contractual o hasta la finalizaci\u00f3n del plazo de prescripci\u00f3n de las acciones que puedan derivarse de la relaci\u00f3n contractual.<\/li>\n<li>Gesti\u00f3n contable. La legitimaci\u00f3n para tratar sus datos es el cumplimiento de una obligaci\u00f3n legal establecida en el C\u00f3digo de Comercio y ser\u00e1n guardados durante el plazo establecido en dicha norma y dem\u00e1s legislaci\u00f3n aplicable.<\/li>\n<li>Gesti\u00f3n fiscal. La legitimaci\u00f3n para tratar sus datos es el cumplimiento de una obligaci\u00f3n legal establecida en la Ley 58\/2003 General Tributaria y ser\u00e1n guardados durante el plazo establecido en dicha norma y dem\u00e1s legislaci\u00f3n aplicable.<\/li>\n<li>Gestionar el env\u00edo de la informaci\u00f3n que solicite el cliente. La legitimaci\u00f3n para tratar sus datos es el consentimiento y ser\u00e1n datos ser\u00e1n guardados mientras dure la relaci\u00f3n contractual.<\/li>\n<li>Enviar al cliente, ofertas, productos o servicios similares que puedan ser de inter\u00e9s.<br \/>\nLa legitimaci\u00f3n para tratar sus datos es la satisfacci\u00f3n del inter\u00e9s leg\u00edtimo del responsable del tratamiento consistente en el desarrollo del negocio de la empresa y ser\u00e1n guardados en mientras no se solicite su supresi\u00f3n por el interesado.<\/li>\n<li>Realizar comunicaciones comerciales.<br \/>\nLa legitimaci\u00f3n para tratar sus datos es el consentimiento y ser\u00e1n guardados mientras no se solicite su supresi\u00f3n por el interesado.<\/li>\n<li>Mantenimiento del hist\u00f3rico de clientes.<br \/>\nLa legitimaci\u00f3n para tratar sus datos es el inter\u00e9s leg\u00edtimo del responsable de mantener un hist\u00f3rico de ventas de servicios\/productos, por posible reanudaci\u00f3n de la relaci\u00f3n contractual en un futuro. Los datos ser\u00e1n guardados mientras el interesado no solicite la supresi\u00f3n de sus datos.<br \/>\nPara las finalidades cuya legitimaci\u00f3n se base en el consentimiento le informamos que el mismo puede ser revocado en cualquier momento dirigi\u00e9ndose por escrito a la direcci\u00f3n del responsable del tratamiento, sin que la retirada del consentimiento, afecte a la licitud del tratamiento realizado con anterioridad a su retirada.<\/li>\n<\/ol>\n<p><strong>Destinatarios de datos: <\/strong>\u00a0Se comunicar\u00e1 a las Administraciones P\u00fablicas los datos personales del cliente que sean necesarios, con el fin de dar cumplimiento a las obligaciones legales con dicha Administraci\u00f3n.<\/p>\n<p><strong>Obligatoriedad de facilitar los datos: <\/strong><\/p>\n<p>El cliente no est\u00e1 obligado a facilitar los datos, pero la comunicaci\u00f3n de los mismos es un requisito previo, sin el que no se podr\u00e1 celebrar el contrato en caso de ser necesario o la emisi\u00f3n de las correspondientes facturas.<\/p>\n<p><strong>Transferencia de datos a terceros pa\u00edses<\/strong>: No se van a realizar Transferencias Internacionales de datos.<\/p>\n<p><strong>Derechos del interesado: <\/strong><\/p>\n<ul>\n<li>Acceso: derecho a obtener confirmaci\u00f3n sobre si estamos tratando datos personales suyos o no, a saber, cu\u00e1les son, para que se usan, cuanto tiempo se van a guardar, el origen de los mismos y si se han comunicado o se van a comunicar a un tercero.<\/li>\n<li>Rectificaci\u00f3n: derecho a solicitar la rectificaci\u00f3n de los datos inexactos y a que se completen los datos personales incompletos.<\/li>\n<li>Supresi\u00f3n: derecho a solicitar la supresi\u00f3n de los datos de car\u00e1cter personal cuando sean inadecuados, excesivos o ya no sean necesarios para los fines para los que fueron recogidos, incluido el derecho al olvido.<\/li>\n<li>Oposici\u00f3n: derecho a oponerse, en determinadas circunstancias, a que se realice el tratamiento de sus datos personales o a solicitar que se cese en el tratamiento.<\/li>\n<li>Limitaci\u00f3n del Tratamiento: derecho a solicitar, en las circunstancias establecidas legalmente, que no se traten sus datos m\u00e1s all\u00e1 de la mera conservaci\u00f3n de los mismos.<\/li>\n<li>Portabilidad: derecho a recibir los datos de car\u00e1cter personal en un formato estructurado, de uso com\u00fan y lectura mec\u00e1nica, y poder transmitirlos a otro responsable, siempre que sea t\u00e9cnicamente posible.<\/li>\n<\/ul>\n<p><strong>Ejercicio de los derechos: <\/strong>El ejercicio de derechos deber\u00e1 efectuarse por escrito adjuntando fotocopia de su documento identificativo, y dirigirla a la direcci\u00f3n anteriormente citada. As\u00ed mismo, ponemos a su\u00a0 disposici\u00f3n modelos para su ejercicio, que pueden recogerse en nuestras instalaciones u obtenerlos en la siguiente direcci\u00f3n\u00a0 <a href=\"http:\/\/www.algalia.com\/es\/clausulado_xegalia\" target=\"_blank\" rel=\"noopener\">www.algalia.com\/es\/clausulado_xegalia<\/a><\/p>\n<p>Para m\u00e1s informaci\u00f3n: <a href=\"http:\/\/www.agpd.es\" target=\"_blank\" rel=\"noopener\">www.agpd.es<\/a><\/p>\n<p><strong>Derecho de reclamaci\u00f3n ante la Autoridad de Control: <\/strong>En el caso de que no se hayan respetado sus derechos puede presentar una reclamaci\u00f3n dirigi\u00e9ndose por escrito a la Agencia Espa\u00f1ola de Protecci\u00f3n de Datos sita en la calle Jorge Juan, 6-28001-Madrid o utilizar la sede electr\u00f3nica: <a href=\"https:\/\/sedeagpd.gob.es\" target=\"_blank\" rel=\"noopener\">https:\/\/sedeagpd.gob.es<\/a><\/p>\n<p>En ambos casos, deber\u00e1 acompa\u00f1ar la documentaci\u00f3n pertinente.<\/p>\n\n<\/div><h2 class=\"tabtitle\">CORREO<br \/>\nELECTR\u00d3NICO<\/h2>\n<div class=\"tabcontent\">\n\n<p><strong>Normativa<\/strong>: Reglamento (UE) 2016\/679 RGPD<\/p>\n<p><strong>Responsable del tratamiento<\/strong>: XEGALIA GALEGA DE XESTION, S.L.<\/p>\n<p>CIF: B36924587<\/p>\n<p>Direcci\u00f3n: R\u00faa Fais\u00e1n 7-Entlo, 36205 Vigo (Pontevedra)<\/p>\n<p>Tel\u00e9fono: 986379587<\/p>\n<p>Correo electr\u00f3nico: <a href=\"mailto:algalia@algalia.com\">algalia@algalia.com<\/a><\/p>\n<p><strong>Finalidad del tratamiento<\/strong>: Atender a las comunicaciones de inter\u00e9s para ambas partes.<\/p>\n<p><strong>Conservaci\u00f3n de los datos<\/strong>: Los datos personales ser\u00e1n guardados en tanto no se solicite su supresi\u00f3n por el interesado.<\/p>\n<p><strong>Legitimaci\u00f3n del tratamiento<\/strong>: Consentimiento del interesado o su representante legal<\/p>\n<p><strong>Destinatarios de datos<\/strong>: No se realizar\u00e1n cesiones de datos.<\/p>\n<p><strong>Transferencia de datos a terceros pa\u00edses<\/strong>: No se van a producir Transferencias Internacionales de datos<\/p>\n<p><strong>Derechos del interesado<\/strong>:<\/p>\n<ul>\n<li>Acceso: derecho a obtener confirmaci\u00f3n sobre si estamos tratando datos personales suyos o no, a saber, cu\u00e1les son, para que se usan, cuanto tiempo se van a guardar, el origen de los mismos y si se han comunicado o se van a comunicar a un tercero.<\/li>\n<li>Rectificaci\u00f3n: derecho a solicitar la rectificaci\u00f3n de los datos inexactos y a que se completen los datos personales incompletos.<\/li>\n<li>Supresi\u00f3n: derecho a solicitar la supresi\u00f3n de los datos de car\u00e1cter personal cuando sean inadecuados, excesivos o ya no sean necesarios para los fines para los que fueron recogidos, incluido el derecho al olvido.<\/li>\n<li>Oposici\u00f3n: derecho a oponerse, en determinadas circunstancias, a que se realice el tratamiento de sus datos personales o a solicitar que se cese en el tratamiento.<\/li>\n<li>Limitaci\u00f3n del Tratamiento: derecho a solicitar, en las circunstancias establecidas legalmente, que no se traten sus datos m\u00e1s all\u00e1 de la mera conservaci\u00f3n de los mismos.<\/li>\n<li>Portabilidad: derecho a recibir los datos de car\u00e1cter personal en un formato estructurado, de uso com\u00fan y lectura mec\u00e1nica, y poder transmitirlos a otro responsable, siempre que sea t\u00e9cnicamente posible.<\/li>\n<\/ul>\n<p><strong>Ejercicio de los derechos<\/strong>: El ejercicio de derechos deber\u00e1 efectuarse por escrito adjuntando fotocopia de su documento identificativo, y dirigirla a la direcci\u00f3n anteriormente citada. As\u00ed mismo, ponemos a su disposici\u00f3n modelos para su ejercicio, que pueden recogerse en nuestras instalaciones u obtenerlos en la siguiente direcci\u00f3n <a href=\"mailto:algalia@algalia.com\">algalia@algalia.com<\/a><\/p>\n<p>Para m\u00e1s informaci\u00f3n: <a href=\"http:\/\/www.agpd.es\" target=\"_blank\" rel=\"noopener\">www.agpd.es<\/a><\/p>\n<p><strong>Derecho de reclamaci\u00f3n ante la Autoridad de Control<\/strong>: En el caso de que no se hayan respetado sus derechos puede presentar una reclamaci\u00f3n dirigi\u00e9ndose por escrito a la Agencia Espa\u00f1ola de Protecci\u00f3n de Datos sita en la calle Jorge Juan, 6-28001-Madrid o utilizar la sede electr\u00f3nica: <a href=\"https:\/\/sedeagpd.gob.es\" target=\"_blank\" rel=\"noopener\">https:\/\/sedeagpd.gob.es<\/a><\/p>\n<p>En ambos casos, deber\u00e1 acompa\u00f1ar la documentaci\u00f3n pertinente.<\/p>\n\n<\/div><h2 class=\"tabtitle\">PROVEEDORES<\/h2>\n<div class=\"tabcontent\">\n\n<p><strong>Normativa<\/strong>: Reglamento (UE) 2016\/679 RGPD.<\/p>\n<p><strong>Responsable del tratamiento<\/strong>: XEGALIA GALEGA DE XESTION, S.L.<\/p>\n<p>CIF: B36924587<\/p>\n<p>Direcci\u00f3n: R\u00faa Fais\u00e1n 7-Entlo, 36205 Vigo (Pontevedra)<\/p>\n<p>Tel\u00e9fono: 986379587<\/p>\n<p>Correo electr\u00f3nico: <a href=\"mailto:algalia@algalia.com\">algalia@algalia.com<\/a><\/p>\n<p><strong>Finalidad del tratamiento<\/strong>:<\/p>\n<ol>\n<li>Gesti\u00f3n de los datos del proveedor para el cumplimiento del objeto del contrato. La base legal para el tratamiento de sus datos es la celebraci\u00f3n de un contrato y ser\u00e1n guardados mientras dure la relaci\u00f3n contractual o hasta la finalizaci\u00f3n del plazo de prescripci\u00f3n de las acciones que puedan derivarse de la relaci\u00f3n contractual.<\/li>\n<li>Gesti\u00f3n administrativa. La base legal para el tratamiento de sus datos es la celebraci\u00f3n de un contrato y ser\u00e1n guardados mientras dure la relaci\u00f3n contractual.<\/li>\n<li>Gesti\u00f3n contable. La base legal para el tratamiento de sus datos es el cumplimiento de una obligaci\u00f3n legal establecida en el Real Decreto de 22 de agosto de 1885 por el que se publica el C\u00f3digo de Comercio y ser\u00e1n guardados el plazo establecido en dicha norma y dem\u00e1s legislaci\u00f3n aplicable.<\/li>\n<li>Gesti\u00f3n fiscal. La base legal para el tratamiento de sus datos es el cumplimiento de una obligaci\u00f3n legal establecida en Ley 58\/2003, de 17 de diciembre, General Tributaria y ser\u00e1n guardados durante el plazo establecido en dicha norma y dem\u00e1s legislaci\u00f3n aplicable.<\/li>\n<\/ol>\n<p><strong>Destinatarios de datos:<\/strong><\/p>\n<ul>\n<li>Se comunicar\u00e1 a las Administraciones P\u00fablicas (Agencia Estatal de administraci\u00f3n Tributaria\/ Facenda) los datos personales del cliente que sean necesarios, con el fin de dar cumplimiento a las obligaciones legales con dicha Administraci\u00f3n.<\/li>\n<li>Se ceder\u00e1n a otras administraciones p\u00fablicas, en base al inter\u00e9s leg\u00edtimo del responsable del tratamiento (mejorar la competitividad de la empresa), los datos de los proveedores que sean necesarios para la justificaci\u00f3n de subvenciones.<\/li>\n<li>Se comunicar\u00e1n a las entidades bancarias, los datos que sean necesarios con el fin de realizar los ingresos y pagos bancarios derivados de la relaci\u00f3n contractual.<\/li>\n<\/ul>\n<p><strong>Obligatoriedad de facilitar los datos<\/strong><\/p>\n<p>El proveedor no est\u00e1 obligado a facilitar los datos, pero la comunicaci\u00f3n de los mismos es un requisito previo, sin el que no se podr\u00e1 celebrar el contrato.<\/p>\n<p><strong>Transferencia de datos a terceros pa\u00edses:<\/strong><\/p>\n<p>No se van a realizar Transferencias Internacionales de datos.<\/p>\n<p><strong>Derechos del interesado<\/strong>:<\/p>\n<ul>\n<li>Acceso: derecho a obtener confirmaci\u00f3n sobre si estamos tratando datos personales suyos o no, a saber, cu\u00e1les son, para que se usan, cuanto tiempo se van a guardar, el origen de los mismos y si se han comunicado o se van a comunicar a un tercero.<\/li>\n<li>Rectificaci\u00f3n: derecho a solicitar la rectificaci\u00f3n de los datos inexactos y a que se completen los datos personales incompletos.<\/li>\n<li>Supresi\u00f3n: derecho a solicitar la supresi\u00f3n de los datos de car\u00e1cter personal cuando sean inadecuados, excesivos o ya no sean necesarios para los fines para los que fueron recogidos, incluido el derecho al olvido.<\/li>\n<li>Oposici\u00f3n: derecho a oponerse, en determinadas circunstancias, a que se realice el tratamiento de sus datos personales o a solicitar que se cese en el tratamiento.<\/li>\n<li>Limitaci\u00f3n del Tratamiento: derecho a solicitar, en las circunstancias establecidas legalmente, que no se traten sus datos m\u00e1s all\u00e1 de la mera conservaci\u00f3n de los mismos.<\/li>\n<li>Portabilidad: derecho a recibir los datos de car\u00e1cter personal en un formato estructurado, de uso com\u00fan y lectura mec\u00e1nica, y poder transmitirlos a otro responsable, siempre que sea t\u00e9cnicamente posible.<\/li>\n<\/ul>\n<p><strong>Ejercicio de los derechos<\/strong>: El ejercicio de derechos deber\u00e1 efectuarse por escrito adjuntando fotocopia de su documento identificativo, y dirigirla a la direcci\u00f3n anteriormente citada. As\u00ed mismo, ponemos a su disposici\u00f3n modelos para su ejercicio, que pueden recogerse en nuestras instalaciones u obtenerlos en la siguiente direcci\u00f3n a <a href=\"http:\/\/www.algalia.com\/es\/clausulado_xegalia\">www.algalia.com\/es\/clausulado_xegalia<\/a><\/p>\n<p>Para m\u00e1s informaci\u00f3n: <a href=\"http:\/\/www.agpd.es\">www.agpd.es<\/a><\/p>\n<p><strong>Derecho de reclamaci\u00f3n ante la Autoridad de Control<\/strong>: En el caso de que no se hayan respetado sus derechos puede presentar una reclamaci\u00f3n dirigi\u00e9ndose por escrito a la Agencia Espa\u00f1ola de Protecci\u00f3n de Datos sita en la calle Jorge Juan, 6-28001-Madrid o utilizar la sede electr\u00f3nica: <a href=\"https:\/\/sedeagpd.gob.es\">https:\/\/sedeagpd.gob.es<\/a><\/p>\n<p>En ambos casos, deber\u00e1 acompa\u00f1ar la documentaci\u00f3n pertinente.<\/p>\n<p><\/div><\/div><\/p>","protected":false},"excerpt":{"rendered":"<p>Normativa: \u00a0Reglamento (UE) 2016\/679 RGPD. Responsable del tratamiento: XEGALIA GALEGA DE XESTION, S.L. CIF: B36924587 Direcci\u00f3n: R\u00faa Fais\u00e1n 7-Entlo, 36205 Vigo (Pontevedra) Tel\u00e9fono: 986379587 Correo electr\u00f3nico: algalia@algalia.com Finalidad del tratamiento: Cumplimiento del objeto del contrato. La legitimaci\u00f3n para tratar sus datos es la celebraci\u00f3n de un contrato y ser\u00e1n guardados mientras dure la relaci\u00f3n contractual [&hellip;]<\/p>\n","protected":false},"author":3,"featured_media":0,"parent":0,"menu_order":0,"comment_status":"closed","ping_status":"closed","template":"","meta":[],"_links":{"self":[{"href":"https:\/\/algalia.com\/es\/wp-json\/wp\/v2\/pages\/7545"}],"collection":[{"href":"https:\/\/algalia.com\/es\/wp-json\/wp\/v2\/pages"}],"about":[{"href":"https:\/\/algalia.com\/es\/wp-json\/wp\/v2\/types\/page"}],"author":[{"embeddable":true,"href":"https:\/\/algalia.com\/es\/wp-json\/wp\/v2\/users\/3"}],"replies":[{"embeddable":true,"href":"https:\/\/algalia.com\/es\/wp-json\/wp\/v2\/comments?post=7545"}],"version-history":[{"count":13,"href":"https:\/\/algalia.com\/es\/wp-json\/wp\/v2\/pages\/7545\/revisions"}],"predecessor-version":[{"id":7943,"href":"https:\/\/algalia.com\/es\/wp-json\/wp\/v2\/pages\/7545\/revisions\/7943"}],"wp:attachment":[{"href":"https:\/\/algalia.com\/es\/wp-json\/wp\/v2\/media?parent=7545"}],"curies":[{"name":"wp","href":"https:\/\/api.w.org\/{rel}","templated":true}]}}