{"id":18,"date":"2015-06-16T12:57:53","date_gmt":"2015-06-16T10:57:53","guid":{"rendered":"https:\/\/algalia.com\/?page_id=18"},"modified":"2023-10-26T12:43:11","modified_gmt":"2023-10-26T10:43:11","slug":"contacto","status":"publish","type":"page","link":"https:\/\/algalia.com\/es\/contacto\/","title":{"rendered":"Contacto"},"content":{"rendered":"<p><\/p>\n<h2>Nuestras Oficinas<\/h2>\n<div class=\"direccion\">C\/ Fais\u00e1n 7 Entr. A &#8211; 36205 Vigo (Pontevedra<\/div>\n<div class=\"direccion\">Plaza de Europa 10 A, 2\u00ba B \u00c1rea Central (entrada Alcampo)\u00a0 15707 Santiago de Compostela<\/div>\n<div><\/div>\n<div class=\"telefono\">986 379 587<\/div>\n<div class=\"fax\">986 373 064<\/div>\n<div class=\"email\"><a href=\"mailto:algalia@algalia.com\">algalia@algalia.com<\/a><\/div>\n<p>&nbsp;<\/p>\n<p>El horario de atenci\u00f3n al p\u00fablico ser\u00e1:<\/p>\n<ul>\n<li>Desde\u00a0el 1 de octubre hasta el 31 de mayo de lunes a jueves de 9:00 a 14:00 y\u00a0de 16:00 a 18:00 y\u00a0los viernes\u00a0de 9:00 a 14:00.<\/li>\n<li>Desde el 1 de junio hasta el 30 de septiembre de 9:00 a 14:00.<\/li>\n<\/ul>\n<p>&nbsp;<\/p>\n<p><strong>PROTECCI\u00d3N DE DATOS:<\/strong> Reglamento (UE) 2016\/679 RGPD y LOPDGDD 3\/2018. ALGALIA, SOCIEDADE COOPERATIVA GALEGA, como responsable de tratamiento, tratar\u00e1 sus datos para gestionar sus solicitudes de informaci\u00f3n, dudas, consultas, sugerencias o quejas.\u00a0 Podr\u00e1s ejercitar los derechos de acceso, rectificaci\u00f3n y supresi\u00f3n de tus datos, entre otros, tal y como se explica en la informaci\u00f3n adicional que est\u00e1 a su disposici\u00f3n en la <a href=\"https:\/\/algalia.com\/es\/aviso-legal-e-politica-de-privacidade\/\" target=\"_blank\" rel=\"noopener\">Pol\u00edtica de Privacidad<\/a><\/p>","protected":false},"excerpt":{"rendered":"<div class=\"telefono\">986 379 587<\/div>\n<div class=\"email\"><a href=\"mailto:algalia@algalia.com\">algalia@algalia.com<\/a><\/div>\n<div class=\"linkedin\"><a href=\"https:\/\/www.linkedin.com\/company\/algalia-servicios-para-el-tercer-sector\" target=\"_blank\" rel=\"noopener\">S\u00edguenos<\/a><\/div>\n","protected":false},"author":1,"featured_media":0,"parent":0,"menu_order":0,"comment_status":"open","ping_status":"open","template":"template-contacto.php","meta":[],"_links":{"self":[{"href":"https:\/\/algalia.com\/es\/wp-json\/wp\/v2\/pages\/18"}],"collection":[{"href":"https:\/\/algalia.com\/es\/wp-json\/wp\/v2\/pages"}],"about":[{"href":"https:\/\/algalia.com\/es\/wp-json\/wp\/v2\/types\/page"}],"author":[{"embeddable":true,"href":"https:\/\/algalia.com\/es\/wp-json\/wp\/v2\/users\/1"}],"replies":[{"embeddable":true,"href":"https:\/\/algalia.com\/es\/wp-json\/wp\/v2\/comments?post=18"}],"version-history":[{"count":56,"href":"https:\/\/algalia.com\/es\/wp-json\/wp\/v2\/pages\/18\/revisions"}],"predecessor-version":[{"id":14122,"href":"https:\/\/algalia.com\/es\/wp-json\/wp\/v2\/pages\/18\/revisions\/14122"}],"wp:attachment":[{"href":"https:\/\/algalia.com\/es\/wp-json\/wp\/v2\/media?parent=18"}],"curies":[{"name":"wp","href":"https:\/\/api.w.org\/{rel}","templated":true}]}}