{"id":15609,"date":"2025-05-21T09:12:30","date_gmt":"2025-05-21T07:12:30","guid":{"rendered":"https:\/\/algalia.com\/?page_id=15609"},"modified":"2026-03-31T10:51:57","modified_gmt":"2026-03-31T08:51:57","slug":"virada-emocions","status":"publish","type":"page","link":"https:\/\/algalia.com\/es\/programa-virada\/virada-emocions\/","title":{"rendered":"VIRADA EMOCIONES"},"content":{"rendered":"<p><img decoding=\"async\" loading=\"lazy\" class=\"alignright wp-image-15623\" src=\"https:\/\/algalia.com\/wp-content\/uploads\/2025\/05\/EMOCIONES_web.jpg\" alt=\"\" width=\"400\" height=\"298\" srcset=\"https:\/\/algalia.com\/wp-content\/uploads\/2025\/05\/EMOCIONES_web.jpg 1932w, https:\/\/algalia.com\/wp-content\/uploads\/2025\/05\/EMOCIONES_web-300x224.jpg 300w, https:\/\/algalia.com\/wp-content\/uploads\/2025\/05\/EMOCIONES_web-1024x763.jpg 1024w, https:\/\/algalia.com\/wp-content\/uploads\/2025\/05\/EMOCIONES_web-768x572.jpg 768w, https:\/\/algalia.com\/wp-content\/uploads\/2025\/05\/EMOCIONES_web-1536x1145.jpg 1536w, https:\/\/algalia.com\/wp-content\/uploads\/2025\/05\/EMOCIONES_web-610x455.jpg 610w\" sizes=\"(max-width: 400px) 100vw, 400px\" \/>VIRADA Emociones est\u00e1 dise\u00f1ado para ayudarte a desarrollar una mayor conciencia de tus emociones. A trav\u00e9s de una combinaci\u00f3n de trabajo personal y grupal, explorar\u00e1s c\u00f3mo influyen en tu vida diaria y c\u00f3mo convivir con ellas.<\/p>\n<p>Est\u00e1 dirigido a personas interesadas en explorar y profundizar\u00a0 en sus emociones, a personas que acompa\u00f1an a otras personas tanto en tus proyectos de vida como en su desarrollo profesional.<\/p>\n<p>Entre los objetivos de VIRADA Emociones se encuentran reconocer el valor del mundo emocional como un parte integral de la vida en comunidad, aprender a interpretar las emociones y comprender su impacto, y desarrollar la capacidad de autorregularse emocionalmente sin caer en la desconexi\u00f3n o la racionalizaci\u00f3n excesiva.<\/p>\n<p>La formaci\u00f3n especializada consta de diferentes espacios de aprendizaje:<\/p>\n<ul>\n<li><strong>Talleres vivenciales<\/strong><\/li>\n<li><strong>Talleres de contenido sobre emociones.<\/strong><\/li>\n<li><strong>Tareas de reflexi\u00f3n entre encuentros .<\/strong><\/li>\n<li><strong>Generaci\u00f3n de comunidades de aprendizaje.<\/strong><\/li>\n<\/ul>\n<p>&nbsp;<\/p>\n<div class=\"bloques-flex clr\">\n<div class=\"card\">\n<h2><a href=\"https:\/\/algalia.com\/wp-content\/uploads\/2025\/05\/VIRADA-EMOCIONES-CAST-25.pdf\" target=\"_blank\" rel=\"noopener\">M\u00e1s informaci\u00f3n<\/a><\/h2>\n<ul class=\"contido\">\n<li>Consulta toda la informaci\u00f3n sobre el \u00faltimo programa: <a href=\"https:\/\/algalia.com\/wp-content\/uploads\/2026\/03\/VIRADA_EMOCIONES_CAST26_baixa.pdf\" target=\"_blank\" rel=\"noopener\">Dossier del Programa Emociones 2026<\/a><\/li>\n<\/ul>\n<\/div>\n<div class=\"card\">\n<h2><a href=\"https:\/\/algalia.com\/es\/curso\/virada-emocions\/\" target=\"_blank\" rel=\"noopener\">Inscripci\u00f3n<\/a><\/h2>\n<ul class=\"contido\">\n<li><em>Fecha l\u00edmite de inscripci\u00f3n:\u00a0<strong>11 de junio de 2026.<\/strong><\/em><\/li>\n<li><em>Accede al formulario de inscripci\u00f3n\u00a0<a href=\"https:\/\/algalia.com\/curso\/virada-emocions\/\" target=\"_blank\" rel=\"noopener\">aqu\u00ed<\/a>.<\/em><\/li>\n<li><em>Miguel Barbosa\u00a0<\/em><a href=\"mailto:miguel.barbosa@algalia.com\" target=\"_blank\" rel=\"noopener\">miguel.barbosa@algalia.com<\/a> 637482484<\/li>\n<\/ul>\n<\/div>\n<\/div>\n<p><\/p>","protected":false},"excerpt":{"rendered":"<p>VIRADA Emociones est\u00e1 dise\u00f1ado para ayudarte a desarrollar una mayor conciencia de tus emociones. A trav\u00e9s de una combinaci\u00f3n de trabajo personal y grupal, explorar\u00e1s c\u00f3mo influyen en tu vida diaria y c\u00f3mo convivir con ellas. Est\u00e1 dirigido a personas interesadas en explorar y profundizar\u00a0 en sus emociones, a personas que acompa\u00f1an a otras personas [&hellip;]<\/p>\n","protected":false},"author":3,"featured_media":0,"parent":9264,"menu_order":0,"comment_status":"closed","ping_status":"closed","template":"","meta":[],"_links":{"self":[{"href":"https:\/\/algalia.com\/es\/wp-json\/wp\/v2\/pages\/15609"}],"collection":[{"href":"https:\/\/algalia.com\/es\/wp-json\/wp\/v2\/pages"}],"about":[{"href":"https:\/\/algalia.com\/es\/wp-json\/wp\/v2\/types\/page"}],"author":[{"embeddable":true,"href":"https:\/\/algalia.com\/es\/wp-json\/wp\/v2\/users\/3"}],"replies":[{"embeddable":true,"href":"https:\/\/algalia.com\/es\/wp-json\/wp\/v2\/comments?post=15609"}],"version-history":[{"count":30,"href":"https:\/\/algalia.com\/es\/wp-json\/wp\/v2\/pages\/15609\/revisions"}],"predecessor-version":[{"id":16162,"href":"https:\/\/algalia.com\/es\/wp-json\/wp\/v2\/pages\/15609\/revisions\/16162"}],"up":[{"embeddable":true,"href":"https:\/\/algalia.com\/es\/wp-json\/wp\/v2\/pages\/9264"}],"wp:attachment":[{"href":"https:\/\/algalia.com\/es\/wp-json\/wp\/v2\/media?parent=15609"}],"curies":[{"name":"wp","href":"https:\/\/api.w.org\/{rel}","templated":true}]}}