{"id":1472,"date":"2016-06-07T11:02:21","date_gmt":"2016-06-07T09:02:21","guid":{"rendered":"https:\/\/algalia.com\/?page_id=1472"},"modified":"2024-02-15T10:59:50","modified_gmt":"2024-02-15T08:59:50","slug":"organos","status":"publish","type":"page","link":"https:\/\/algalia.com\/es\/somos-e-aspiramos\/organos\/","title":{"rendered":"\u00d3rganos"},"content":{"rendered":"<p>La Asamblea es el \u00f3rgano de expresi\u00f3n de la voluntad social y el Consejo Rector es el \u00f3rgano de gobierno, al que le corresponde la gesti\u00f3n y representaci\u00f3n de la cooperativa. La Direcci\u00f3n es el m\u00e1ximo \u00f3rgano ejecutivo de la cooperativa en lo relacionado con las funciones empresariales.<\/p>\n<ul>\n<li>El Consejo Rector de ALGALIA S. COOP. GALEGA est\u00e1 formado por:\n<ul>\n<li>\u00c1ngel Rodr\u00edguez Gonz\u00e1lez. Presidente.<\/li>\n<li>Jorge Rodr\u00edguez Malingre. Vicepresidente.<\/li>\n<li>Tuco \u00c1lvarez Villamar\u00edn. Secretario.<\/li>\n<\/ul>\n<\/li>\n<li>La Direcci\u00f3n de ALGALIA est\u00e1 compuesta por:\n<ul>\n<li>Celso G\u00e1ndara Carnero. Gerente.<\/li>\n<li>Jorge Rodr\u00edguez Malingre. Responsable de Servicios Econ\u00f3micos.<\/li>\n<li>Marta Armada Castro. Responsable de Servicios Laborales.<\/li>\n<li>Miguel Barbosa Rodr\u00edguez. Responsable del \u00c1rea Consultor\u00eda.<\/li>\n<\/ul>\n<\/li>\n<\/ul>\n<p><\/p>","protected":false},"excerpt":{"rendered":"<p>La Asamblea es el \u00f3rgano de expresi\u00f3n de la voluntad social y el Consejo Rector es el \u00f3rgano de gobierno, al que le corresponde la gesti\u00f3n y representaci\u00f3n de la cooperativa. La Direcci\u00f3n es el m\u00e1ximo \u00f3rgano ejecutivo de la cooperativa en lo relacionado con las funciones empresariales. El Consejo Rector de ALGALIA S. COOP. [&hellip;]<\/p>\n","protected":false},"author":1,"featured_media":0,"parent":4,"menu_order":0,"comment_status":"closed","ping_status":"closed","template":"template-interior.php","meta":[],"_links":{"self":[{"href":"https:\/\/algalia.com\/es\/wp-json\/wp\/v2\/pages\/1472"}],"collection":[{"href":"https:\/\/algalia.com\/es\/wp-json\/wp\/v2\/pages"}],"about":[{"href":"https:\/\/algalia.com\/es\/wp-json\/wp\/v2\/types\/page"}],"author":[{"embeddable":true,"href":"https:\/\/algalia.com\/es\/wp-json\/wp\/v2\/users\/1"}],"replies":[{"embeddable":true,"href":"https:\/\/algalia.com\/es\/wp-json\/wp\/v2\/comments?post=1472"}],"version-history":[{"count":15,"href":"https:\/\/algalia.com\/es\/wp-json\/wp\/v2\/pages\/1472\/revisions"}],"predecessor-version":[{"id":9201,"href":"https:\/\/algalia.com\/es\/wp-json\/wp\/v2\/pages\/1472\/revisions\/9201"}],"up":[{"embeddable":true,"href":"https:\/\/algalia.com\/es\/wp-json\/wp\/v2\/pages\/4"}],"wp:attachment":[{"href":"https:\/\/algalia.com\/es\/wp-json\/wp\/v2\/media?parent=1472"}],"curies":[{"name":"wp","href":"https:\/\/api.w.org\/{rel}","templated":true}]}}