{"id":136,"date":"2015-07-03T17:23:00","date_gmt":"2015-07-03T15:23:00","guid":{"rendered":"https:\/\/algalia.com\/?page_id=136"},"modified":"2023-06-27T09:02:57","modified_gmt":"2023-06-27T07:02:57","slug":"aviso-legal","status":"publish","type":"page","link":"https:\/\/algalia.com\/es\/aviso-legal\/","title":{"rendered":"Aviso legal y pol\u00edtica de privacidad"},"content":{"rendered":"<p><strong>ALGALIA SOCIEDADE COOPERATIVA GALEGA<\/strong>, en cumplimiento de la Ley 34\/2002, de 11 de julio, de Servicios de la Sociedad de la Informaci\u00f3n y de Comercio Electr\u00f3nico, le informa:<\/p>\n<ul>\n<li>Su denominaci\u00f3n social es ALGALIA SOCIEDADE COOPERATIVA GALEGA<\/li>\n<li>Su NIF es F36859395<\/li>\n<li>Su domicilio se ubica en Calle Fais\u00e1n 7-Entlo A, 36205 Vigo (Pontevedra)<\/li>\n<li>Su tel\u00e9fono de contacto es 986379587<\/li>\n<li>Est\u00e1 inscrita en el Registro Gallego de Cooperativas\u00a0\u00a0Tomo II Folio 181 Asiento 1 N\u00ba 181-SCT<\/li>\n<li>Y dispone de la siguiente direcci\u00f3n de correo electr\u00f3nico de contacto <a href=\"mailto:algalia@algalia.com\">algalia@algalia.com<\/a><\/li>\n<\/ul>\n<p>&nbsp;<br \/>\n<strong>PROTECCI\u00d3N DE DATOS PERSONALES <\/strong><\/p>\n<p>Los datos personales vinculados a esta web respetan las exigencias del Reglamento (UE) 2016\/679 del Parlamento Europeo y del Consejo de 27 de abril de 2016 relativo a la protecci\u00f3n de las personas f\u00edsicas en lo que respecta al tratamiento de datos personales y a la libre circulaci\u00f3n de estos datos y dem\u00e1s legislaci\u00f3n y normativa vigente en materia de protecci\u00f3n de datos.<br \/>\n&nbsp;<br \/>\n<strong>\u00bfQui\u00e9n es el Responsable del tratamiento de los datos que nos facilites?<\/strong><\/p>\n<p>ALGALIA\u00a0 SOCIEDADE COOPERATIVA GALEGA<\/p>\n<p>CIF: F36859395<\/p>\n<p>Direcci\u00f3n: Calle Fais\u00e1n 7-Entlo A, 36205 Vigo (Pontevedra)<\/p>\n<p>Correo electr\u00f3nico: <a href=\"mailto:algalia@algalia.com\">algalia@algalia.com<\/a><br \/>\n&nbsp;<br \/>\n<strong>\u00bfCon que finalidad y legitimaci\u00f3n tratamos tus datos personales?<\/strong><\/p>\n<p>1.- Datos de las personas que contactan a trav\u00e9s del apartado de contacto. Trataremos tus datos con la finalidad de gestionar y atender tus solicitudes de informaci\u00f3n, dudas, consultas, sugerencias o quejas. Podemos tratar tus datos con esta finalidad porque tenemos un inter\u00e9s leg\u00edtimo en atender a las comunicaciones necesarias para poder llevar a cabo nuestra actividad.<\/p>\n<p>2.- Datos de las personas que se suscriben al Bolet\u00edn de Noticias. Trataremos tus datos con la finalidad de gestionar tu suscripci\u00f3n y posterior env\u00edo de los boletines informativos. Podemos tratar tus datos con esta finalidad porque nos ha dado tu consentimiento expl\u00edcito.<\/p>\n<p>3.- Datos de las personas que se inscriben en un curso. Trataremos tus datos con las siguientes finalidades:<\/p>\n<p>3.1.- Gestionar tu inscripci\u00f3n y participaci\u00f3n en el curso. Podemos tatar tus datos con esta finalidad porque existe una relaci\u00f3n de prestaci\u00f3n de servicios.<\/p>\n<p>3.2.- Gesti\u00f3n contable. Podemos tratar tus datos con esta finalidad porque existe una obligaci\u00f3n legal establecida en el Real Decreto de 22 de agosto de 1885 por el que se publica el C\u00f3digo de Comercio.<\/p>\n<p>3.3- Gesti\u00f3n fiscal. Podemos tratar tus datos con esta finalidad porque existe una obligaci\u00f3n legal establecida en la Ley General Tributaria 58\/2003 y dem\u00e1s legislaci\u00f3n aplicable.<\/p>\n<p>3.4.- Actividades de promoci\u00f3n (env\u00edo de comunicaciones comerciales). Podemos tratar tus datos con esta finalidad porque nos has otorgado tu consentimiento explicito.<br \/>\n&nbsp;<br \/>\n<strong>\u00bfDurante cu\u00e1nto tiempo conservaremos sus datos personales?<\/strong><\/p>\n<p>Sus datos ser\u00e1n conservados el tiempo necesario\u00a0 para cumplir con las finalidades indicadas y, debidamente bloqueados, durante el plazo de prescripci\u00f3n m\u00e1s amplio de conformidad con la legislaci\u00f3n aplicable.<br \/>\n&nbsp;<br \/>\n<strong>\u00bf A qui\u00e9nes se comunicar\u00e1n sus datos?<\/strong><\/p>\n<p>a) Los datos facilitados a trav\u00e9s del apartado de contacto y los de las personas que se suscriben al bolet\u00edn de noticias no se ceder\u00e1n a terceros. Se comunicar\u00e1n a nuestros encargados de tratamiento los datos que sean necesarios para la correcta prestaci\u00f3n de los servicios contratados a los mismos.<\/p>\n<p>b) Los datos de las personas que se inscriben en un curso se comunicar\u00e1n:<\/p>\n<ul>\n<li>A la administraci\u00f3n Tributaria los datos que sean necesarios para el cumplimiento de las obligaciones legales con esta Administraci\u00f3n.<\/li>\n<li>A las pasarelas de pago y entidades bancarias los datos necesarios para gesti\u00f3n del cobro de los productos adquiridos.<\/li>\n<li>A compa\u00f1\u00edas aseguradoras, abogados, procuradores, juzgados y tribunales, los datos necesarios para la formulaci\u00f3n, atenci\u00f3n o defensa de reclamaciones.<\/li>\n<li>A nuestros encargados de tratamiento los datos que sean necesarios para la correcta prestaci\u00f3n de los servicios contratados en los mismos.<\/li>\n<\/ul>\n<p>&nbsp;<br \/>\n<strong>\u00bfSe realizar\u00e1n Transferencias Internacionales de tus datos?<\/strong><\/p>\n<p>Con ocasi\u00f3n de la utilizaci\u00f3n de la plataforma Mailchimp para el el env\u00edo de comunicaciones podr\u00eda producirse una transferencia internacional de sus datos a EE.UU. o a cualquier otro pa\u00eds en el que sus subprocesadores mantengan operaciones. conforme el Anexo de Procedimiento de Datos de Mailchimp, las transmisiones de datos fuera del Espacio Econ\u00f3mico Europeo se llevar\u00e1n a cabo cumpliendo con la legislaci\u00f3n vigente en materia de protecci\u00f3n de datos, mediante cl\u00e1usulas contractuales tipo o soluciones de transferencia alternativa. Puede obtener m\u00e1s informaci\u00f3n en: <a href=\"https:\/\/mailchimp.com\/legal\/data-processing-addendum\/#6._International_Transfers\" target=\"_blank\" rel=\"noopener\">https:\/\/mailchimp.com\/legal\/data-processing-addendum\/#6._International_Transfers<\/a>.<br \/>\n&nbsp;<br \/>\n<strong>\u00bfCu\u00e1les son tus derechos cuando nos facilitas sus datos personales? <\/strong><\/p>\n<ul>\n<li>Acceso: derecho a obtener confirmaci\u00f3n sobre si estamos tratando datos personales suyos o no, a saber, cu\u00e1les son, para que se usan, cu\u00e1nto tiempo se van a guardar, el origen de los mismos y si se han comunicado o se van a comunicar a un tercero.<\/li>\n<li>Rectificaci\u00f3n: derecho a solicitar la rectificaci\u00f3n de los datos inexactos y a que se completen los datos personales incompletos.<\/li>\n<li>Supresi\u00f3n: derecho a solicitar la supresi\u00f3n de los datos de car\u00e1cter personal cuando sean inadecuados, excesivos o ya no sean necesarios para los fines para los que fueron recogidos, incluido el derecho al olvido.<\/li>\n<li>Oposici\u00f3n: derecho a oponerse, en determinadas circunstancias, a que se realice el tratamiento de sus datos personales o a solicitar que se cese en el tratamiento.<\/li>\n<li>Limitaci\u00f3n del Tratamiento: derecho a solicitar, en las circunstancias establecidas legalmente, que no se traten sus datos m\u00e1s all\u00e1 de la mera conservaci\u00f3n de los mismos.<\/li>\n<li>Portabilidad: derecho a recibir los datos de car\u00e1cter personal en un formato estructurado, de uso com\u00fan y lectura mec\u00e1nica, y poder transmitirlos a otro responsable, siempre que sea t\u00e9cnicamente posible.<\/li>\n<li>Derecho a retirar el consentimiento: podr\u00e1s retirar tu consentimiento en cualquier momento dirigi\u00e9ndote por escrito a la direcci\u00f3n indicada al inicio de esta pol\u00edtica. Los tratamientos de datos que se hayan realizado con anterioridad a esa fecha continuar\u00e1n siendo v\u00e1lidos.<\/li>\n<\/ul>\n<p>&nbsp;<br \/>\n<strong>\u00bfD\u00f3nde podr\u00e1s ejercitar tus derechos?<\/strong><\/p>\n<p>El ejercicio de derechos deber\u00e1s efectuarlo, dirigi\u00e9ndote a la direcci\u00f3n o al correo electr\u00f3nico indicados al inicio de esta Pol\u00edtica. Ponemos a tu disposici\u00f3n modelos de formularios para su ejercicio que podr\u00e1s obtener en la direcci\u00f3n o a trav\u00e9s del correo electr\u00f3nico indicados anteriormente. Para m\u00e1s informaci\u00f3n:\u00a0 <a href=\"http:\/\/www.agpd.es\" target=\"_blank\" rel=\"noopener\">www.agpd.es<\/a>.<br \/>\n&nbsp;<br \/>\n<strong>\u00bfTienes derecho a presentar una reclamaci\u00f3n ante la Autoridad de control?\u00a0<\/strong><\/p>\n<p>En el caso de que no se hayan respetado tus derechos puedes presentar una reclamaci\u00f3n dirigi\u00e9ndose por escrito a la Agencia Espa\u00f1ola de Protecci\u00f3n de Datos sita en la calle Jorge Juan, 6-28001-Madrid o utilizando la sede electr\u00f3nica: <a href=\"https:\/\/sedeagpd.gob.es\" target=\"_blank\" rel=\"noopener\">https:\/\/sedeagpd.gob.es<\/a>. En ambos casos, deber\u00e1 acompa\u00f1ar la documentaci\u00f3n pertinente.<\/p>","protected":false},"excerpt":{"rendered":"<p>ALGALIA SOCIEDADE COOPERATIVA GALEGA, en cumplimiento de la Ley 34\/2002, de 11 de julio, de Servicios de la Sociedad de la Informaci\u00f3n y de Comercio Electr\u00f3nico, le informa: Su denominaci\u00f3n social es ALGALIA SOCIEDADE COOPERATIVA GALEGA Su NIF es F36859395 Su domicilio se ubica en Calle Fais\u00e1n 7-Entlo A, 36205 Vigo (Pontevedra) Su tel\u00e9fono de [&hellip;]<\/p>\n","protected":false},"author":1,"featured_media":0,"parent":0,"menu_order":0,"comment_status":"open","ping_status":"open","template":"","meta":[],"_links":{"self":[{"href":"https:\/\/algalia.com\/es\/wp-json\/wp\/v2\/pages\/136"}],"collection":[{"href":"https:\/\/algalia.com\/es\/wp-json\/wp\/v2\/pages"}],"about":[{"href":"https:\/\/algalia.com\/es\/wp-json\/wp\/v2\/types\/page"}],"author":[{"embeddable":true,"href":"https:\/\/algalia.com\/es\/wp-json\/wp\/v2\/users\/1"}],"replies":[{"embeddable":true,"href":"https:\/\/algalia.com\/es\/wp-json\/wp\/v2\/comments?post=136"}],"version-history":[{"count":35,"href":"https:\/\/algalia.com\/es\/wp-json\/wp\/v2\/pages\/136\/revisions"}],"predecessor-version":[{"id":13719,"href":"https:\/\/algalia.com\/es\/wp-json\/wp\/v2\/pages\/136\/revisions\/13719"}],"wp:attachment":[{"href":"https:\/\/algalia.com\/es\/wp-json\/wp\/v2\/media?parent=136"}],"curies":[{"name":"wp","href":"https:\/\/api.w.org\/{rel}","templated":true}]}}