{"id":1249,"date":"2016-05-18T13:21:46","date_gmt":"2016-05-18T11:21:46","guid":{"rendered":"https:\/\/algalia.com\/?page_id=1249"},"modified":"2016-06-17T11:55:11","modified_gmt":"2016-06-17T09:55:11","slug":"valores","status":"publish","type":"page","link":"https:\/\/algalia.com\/es\/somos-e-aspiramos\/valores\/","title":{"rendered":"Valores"},"content":{"rendered":"<p><\/p>\n<p class=\"ALGALIANORMAL\"><strong>HONRADEZ<\/strong>, que se manifiesta en el compromiso con los valores \u00e9ticos, en la transparencia de la informaci\u00f3n y en la confianza depositada en las personas.<\/p>\n<p class=\"ALGALIANORMAL\"><strong>PROFESIONALIDAD<\/strong>: que se manifiesta en la actualizaci\u00f3n y adquisici\u00f3n de conocimientos, el rigor y confidencialidad en los servicios que se realizan y en la empat\u00eda \u00a0con el cliente y la orientaci\u00f3n cara a este.<\/p>\n<p class=\"ALGALIANORMAL\"><strong>TRABAJO EN EQUIPO<\/strong>, que se manifiesta en la asertividad, la transmisi\u00f3n del conocimiento y la orientaci\u00f3n cara a los resultados.<\/p>\n<p class=\"ALGALIANORMAL\"><strong>ADAPTABILIDAD AL CAMBIO<\/strong>, que se manifiesta en la innovaci\u00f3n,\u00a0 en el avance continuo, en la escucha activa de los clientes y compa\u00f1eros y en\u00a0 la observaci\u00f3n\u00a0 del entorno y la competencia.<\/p>\n<p class=\"ALGALIANORMAL\"><strong>COMPROMISO CON El SECTOR DE LA ECONOM\u00cdA SOCIAL<\/strong>, que se manifiesta en el respeto, sensibilidad, conocimiento e implicaci\u00f3n\u00a0con los idearios, causas e iniciativas de los clientes.<\/p>\n<p><\/p>","protected":false},"excerpt":{"rendered":"<p>HONRADEZ, que se manifiesta en el compromiso con los valores \u00e9ticos, en la transparencia de la informaci\u00f3n y en la confianza depositada en las personas. PROFESIONALIDAD: que se manifiesta en la actualizaci\u00f3n y adquisici\u00f3n de conocimientos, el rigor y confidencialidad en los servicios que se realizan y en la empat\u00eda \u00a0con el cliente y la [&hellip;]<\/p>\n","protected":false},"author":1,"featured_media":0,"parent":4,"menu_order":0,"comment_status":"closed","ping_status":"closed","template":"template-interior.php","meta":[],"_links":{"self":[{"href":"https:\/\/algalia.com\/es\/wp-json\/wp\/v2\/pages\/1249"}],"collection":[{"href":"https:\/\/algalia.com\/es\/wp-json\/wp\/v2\/pages"}],"about":[{"href":"https:\/\/algalia.com\/es\/wp-json\/wp\/v2\/types\/page"}],"author":[{"embeddable":true,"href":"https:\/\/algalia.com\/es\/wp-json\/wp\/v2\/users\/1"}],"replies":[{"embeddable":true,"href":"https:\/\/algalia.com\/es\/wp-json\/wp\/v2\/comments?post=1249"}],"version-history":[{"count":7,"href":"https:\/\/algalia.com\/es\/wp-json\/wp\/v2\/pages\/1249\/revisions"}],"predecessor-version":[{"id":1728,"href":"https:\/\/algalia.com\/es\/wp-json\/wp\/v2\/pages\/1249\/revisions\/1728"}],"up":[{"embeddable":true,"href":"https:\/\/algalia.com\/es\/wp-json\/wp\/v2\/pages\/4"}],"wp:attachment":[{"href":"https:\/\/algalia.com\/es\/wp-json\/wp\/v2\/media?parent=1249"}],"curies":[{"name":"wp","href":"https:\/\/api.w.org\/{rel}","templated":true}]}}