{"id":12441,"date":"2022-11-16T14:34:27","date_gmt":"2022-11-16T12:34:27","guid":{"rendered":"https:\/\/algalia.com\/gl\/?page_id=12441"},"modified":"2022-11-16T17:40:15","modified_gmt":"2022-11-16T15:40:15","slug":"carmen-lopez","status":"publish","type":"page","link":"https:\/\/algalia.com\/es\/carmen-lopez\/","title":{"rendered":"Carmen L\u00f3pez, de FEGEREC: \u201cVIRADA Liderazgo me ha permitido llegar a VIRADA Equipos con otra mirada\u201d  \u00a0"},"content":{"rendered":"<p><strong><img decoding=\"async\" loading=\"lazy\" class=\"wp-image-12436 alignleft\" src=\"https:\/\/algalia.com\/wp-content\/uploads\/2022\/11\/FEGEREC-Foto-nova-1-300x184.jpg\" alt=\"\" width=\"456\" height=\"280\" srcset=\"https:\/\/algalia.com\/wp-content\/uploads\/2022\/11\/FEGEREC-Foto-nova-1-300x184.jpg 300w, https:\/\/algalia.com\/wp-content\/uploads\/2022\/11\/FEGEREC-Foto-nova-1-768x472.jpg 768w, https:\/\/algalia.com\/wp-content\/uploads\/2022\/11\/FEGEREC-Foto-nova-1-1024x629.jpg 1024w, https:\/\/algalia.com\/wp-content\/uploads\/2022\/11\/FEGEREC-Foto-nova-1-610x375.jpg 610w, https:\/\/algalia.com\/wp-content\/uploads\/2022\/11\/FEGEREC-Foto-nova-1.jpg 1420w\" sizes=\"(max-width: 456px) 100vw, 456px\" \/><\/strong>FEGEREC, una entidad social que contribuye al conocimiento de las enfermedades raras, su prevenci\u00f3n, tratamiento y el cuidado de las personas que las padecen en Galicia, particip\u00f3 en la quinta edici\u00f3n de VIRADA Equipos, con 5 personas en los talleres y 4 m\u00e1s en las sesiones de coaching.<\/p>\n<p>Carmen L\u00f3pez, la directora de FEGEREC, ya hab\u00eda participado en ediciones anteriores de VIRADA Liderazgo e invit\u00f3, en esta ocasi\u00f3n, a su equipo t\u00e9cnico, a desarrollar sus competencias en VIRADA Equipos.<\/p>\n<p>&nbsp;<\/p>\n<p><strong>1- Carmen, has participado en VIRADA Liderado y tambi\u00e9n, con tu equipo profesional de FEGEREC, en VIRADA Equipos. \u00bfQu\u00e9 diferencias han tenido esos dos itinerarios de aprendizaje?<\/strong><\/p>\n<p>Bajo mi punto de vista, ambos itinerarios son complementarios. VIRADA Liderazgo me ha permitido llegar a VIRADA Equipos con otra mirada, result\u00e1ndome dif\u00edcil en este momento pensar en ambos de manera independiente.<\/p>\n<p>Creo que ser\u00eda una oportunidad de mejora que todos los miembros del equipo pasaran por ambos itinerarios, sobre todo por el de Liderazgo, pues todas conformamos la tripulaci\u00f3n de FEGEREC. Compartimos y abrimos nuevas rutas, buscamos el viento m\u00e1s favorable y, en alg\u00fan momento, lideramos o colideramos este velero.<\/p>\n<p><strong>VIRADA Liderazgo<\/strong> supone casi un desnudarse, una mirada y escucha hacia dentro, bajo la mirada y la escucha de otras personas que inicialmente desconoces pero que, conforme avanza el programa, acabas compartiendo con ellos esa mirada, esa escucha y muchas m\u00e1s cosas, con respeto y con calidez.<\/p>\n<p>Uno se siente en una posici\u00f3n m\u00e1s libre a la hora de participar y compartir, bien desde la 1\u00aa l\u00ednea, la 2\u00aa, la 3\u00aa\u2026 o pasar totalmente desapercibida.<\/p>\n<p>Es un avanzar desde uno mismo, desde dentro hacia fuera, tomado conciencia de c\u00f3mo nuestra manera de sentir, pensar, actuar, comunicar y escuchar la proyectamos en el desarrollo de nuestro propio trabajo y en el del equipo, impactando a su vez en la organizaci\u00f3n, para lo bueno y para lo no tan bueno.<\/p>\n<p>Es un ba\u00f1o de contenidos, personas, emociones, conocimiento, experiencias, donde poco a poco vas perdiendo el miedo o la inseguridad que conlleva la exposici\u00f3n, respet\u00e1ndonos, acept\u00e1ndonos y d\u00e1ndonos oportunidades de cara a una posible mejora, o simplemente, aceptando m\u00e1s saludablemente lo que hay.<\/p>\n<p>Es un programa mucho m\u00e1s emocional y, por momentos, su intensidad resulta dif\u00edcil de manejar. Deja una mayor huella de cara a tu desarrollo profesional y personal.<\/p>\n<p>En t\u00e9rminos n\u00e1uticos, ser\u00eda participar en una traves\u00eda determinada con un velero prestado, pero que lo tengo que sentir como propio, donde el rival es uno mismo, donde debo revisar la embarcaci\u00f3n, prepararla adecuadamente, y disponer de una buena caja de herramientas, buscar el viento m\u00e1s favorable y saber cu\u00e1ndo debo aflojar o tensar las velas, y buscando si es posible el disfrute de la traves\u00eda.<\/p>\n<p><strong>VIRADA Equipos <\/strong>resulta menos intenso a nivel emocional, pero no por ello menos productivo. Aqu\u00ed ir\u00edamos de lo grupal a lo individual y viceversa. Sufr\u00ed mucho menos, y s\u00ed m\u00e1s protegida por el equipo. Es como jugar en casa. Lo disfrut\u00e9 mucho y me re\u00ed mucho m\u00e1s. A la hora de intervenir tienes m\u00e1s presente a tus compa\u00f1eros de equipo.<\/p>\n<p>Me ha dado un chute de energ\u00eda, de confianza de cara al futuro en el equipo, de disfrute. Ha sido una oportunidad para conocerlos mejor y que me conozcan, sus roles, y ver claramente como el trabajo de cada persona se complementa y favorece de forma bidireccional al de los dem\u00e1s.<\/p>\n<p>En t\u00e9rminos n\u00e1uticos, ser\u00eda participar en varias regatas, entren\u00e1ndonos para contar con una tripulaci\u00f3n bien preparada, bien distribuida, donde todos debemos conocernos y confiar en la embarcaci\u00f3n que compartimos, buscando el viento favorable juntas, sabiendo d\u00f3nde debemos estar en cada momento y las rutas m\u00e1s adecuadas para alcanzar las metas propuestas, a pesar de las tormentas que surjan en la traves\u00eda.<\/p>\n<p>&nbsp;<\/p>\n<p><strong>2- \u00bfQu\u00e9 te ha aportado a ti, a tu equipo y a tu organizaci\u00f3n, la participaci\u00f3n en estos dos programas?<\/strong><\/p>\n<p>Ha supuesto una oportunidad de conocernos mejor y adquirir competencias personales, interpersonales, como equipo y como organizaci\u00f3n, para crecer como personas, como profesionales y como organizaci\u00f3n.<\/p>\n<p>Soy m\u00e1s consciente de las aportaciones de VIRADA una vez que finaliza esta experiencia formativa, en el d\u00eda a d\u00eda y tras el paso del tiempo. Ha sido una oportunidad personal, profesional, de equipo y de organizaci\u00f3n. Me ha ayudado a conocer y conocerme, a identificar competencias, debilidades, conflictos, liderazgos y utilizarlos a favor del viento.<\/p>\n<p><strong>Como Equipo, nos ha permitido:<\/strong><\/p>\n<ul>\n<li>Identificar debilidades, fortalezas del equipo y de cada uno de sus miembros, as\u00ed como conocer mejor sus competencias, sus preferencias y, con todo ello, crear oportunidades de mejora a nivel profesional, de equipo y como entidad.<\/li>\n<li>La relevancia de cuidar y cuidarse en el \u00e1mbito laboral.<\/li>\n<li>Mejorar la capacidad de tomar decisiones y responsabilidades individuales y compartidas. Tener una fotograf\u00eda m\u00e1s real del perfil del equipo, de c\u00f3mo desarrollamos nuestra actividad profesional, c\u00f3mo nos relacionamos, c\u00f3mo nos comunicamos, c\u00f3mo sufrimos y c\u00f3mo disfrutamos.<\/li>\n<li>Darnos cuenta de que llevamos a\u00f1os esprintando, centrados en la tarea y los resultados, pasando de puntillas el disfrute de las etapas alcanzadas y de los resultados. Ser conscientes del riesgo que esto supone a nivel personal, de equipo y para la organizaci\u00f3n.<\/li>\n<li>Lo importante que es pararnos a compartir, comentar, expresar sobre nuestro equipo, de conocer las diferentes visiones de sus integrantes, creando un espacio que d\u00e9 lugar al fortalecimiento y refuerzo del mismo.<\/li>\n<\/ul>\n<p>Te haces m\u00e1s consciente del esfuerzo e implicaci\u00f3n de las personas del equipo con la entidad, cada una en su \u00e1mbito.<\/p>\n<p><strong>Como FEGEREC hemos sido conscientes <\/strong>de la necesidad de detenernos de cara a replantearnos d\u00f3nde estamos, a d\u00f3nde debemos llegar, las nuevas metas a alcanzar, el qu\u00e9, el c\u00f3mo, el para qu\u00e9, el para qui\u00e9n, el por qu\u00e9 y con qui\u00e9n. De poner un techo de cara a nuestra actividad asistencial.<\/p>\n<p>Hemos sentido la necesidad de reflexionar sobre la adquisici\u00f3n de una nueva embarcaci\u00f3n, decidir su tama\u00f1o, reajustar su tripulaci\u00f3n, disponer de buenas velas y de motor, y contar con una buena caja de herramientas y al alcance de toda la tripulaci\u00f3n.<\/p>\n<p>Adquirimos competencias a trav\u00e9s de las personas que conforman el equipo, de cara a que Fegerec contin\u00fae siendo m\u00e1s que la suma de sus partes, un equipo de esfuerzo, un equipo de equipos, formado por personas comprometidas, ilusionadas, y en busca constante de mejoras.<\/p>\n<p><strong>En el \u00e1mbito individual ha supuesto <\/strong>identificar capacidades y aceptar limitaciones, adquirir nuevas competencias personales y profesionales y a disfrutar m\u00e1s de las diferentes etapas del camino.<\/p>\n<p>Me he dado cuenta del qu\u00e9 y el c\u00f3mo act\u00fao o no act\u00fao, digo o no digo, siento o no siento, miro o no miro\u2026 como todo ello puede favorecer o limitar a otros miembros del equipo, y su impacto en este y la entidad. Ha habido una aceptaci\u00f3n m\u00e1s saludable y constructiva de la cr\u00edtica, de los posibles errores o dificultades, y me ha aportado m\u00e1s seguridad en m\u00ed misma.<\/p>\n<p>Con el programa entend\u00ed la importancia del equipo en el liderazgo, los beneficios y la necesidad del coliderazgo. La mejora de la confianza en el equipo y la ampliaci\u00f3n de la red de relaciones, adem\u00e1s de aceptar la delegaci\u00f3n de tareas y responsabilidades para sentirme m\u00e1s ligera de equipaje.<\/p>\n<p>&nbsp;<\/p>\n<p><strong>3- \u00bfQu\u00e9 reticencias, temores o dificultades crees que han de superar, tanto personas como equipos, para abrirse a este tipo de propuestas de desarrollo?<\/strong><\/p>\n<p>La exposici\u00f3n ante terceros puede llegar a ser molesta sino se gestiona adecuadamente dentro del grupo formativo. En VIRADA Equipos, a veces resulta dif\u00edcil asumir y escuchar la cr\u00edtica en las sesiones grupales por parte de miembros del mismo equipo, pero hay que verla como una oportunidad de mejora. Inicialmente puede generar cierta angustia el repensar, rebuscar y poner todo patas arriba, para finalmente conseguir reordenarte, encontrarte y encontrarnos.<\/p>\n<p>En nuestra experiencia en VIRADA Equipos echamos de menos el guiarnos para dar un valor m\u00e1s operativo y pr\u00e1ctico a los informes Belbin dentro de la organizaci\u00f3n y el equipo.<\/p>\n<p>Quiz\u00e1s las sesiones de coaching de equipo deber\u00edan ser menos lineales\u2026 No conseguimos la implicaci\u00f3n de todo equipo en las propuestas planteadas.<\/p>\n<p>&nbsp;<\/p>\n<p><strong>4- \u00bfQu\u00e9 se tiene que dar para que sea el momento oportuno para participar en estas dos propuestas?<\/strong><\/p>\n<p>Es el momento oportuno si lo que queremos no es s\u00f3lo mantener nuestra embarcaci\u00f3n a flote, sino descubrir nuevas rutas, preparar adecuadamente a la tripulaci\u00f3n, cuidarla y disfrutar de la traves\u00eda, sin perder el rumbo.<\/p>\n<p>A veces el momento surge cuando debemos navegar con poco viento o con viento fuerte, o con viento en contra o porque debemos encontrar el rumbo, o porque nuestra embarcaci\u00f3n necesita reparaciones y la tripulaci\u00f3n necesita apoyo, o simplemente porque debemos aflojar las velas, o tensarlas en su justa medida, o resguardarnos de la tormenta.<\/p>\n<p>Creo que el momento puede ser cualquiera. Las entidades, al igual que los veleros, necesitan estar constantemente a punto en su gobierno, en su direcci\u00f3n, en su funcionamiento. Todos debemos contribuir a mantener la embarcaci\u00f3n, cocreando y compartiendo un mismo rumbo, buscando el viento y la corriente m\u00e1s favorable desde cada posici\u00f3n.<\/p>\n<p>&nbsp;<\/p>\n<p><strong>5- \u00bfHay algo que quieras compartir para animar a emprender este camino a otras personas, a otros equipos, a otras organizaciones?<\/strong><\/p>\n<p>El Programa VIRADA nos ayuda a obtener una fotograf\u00eda m\u00e1s real, m\u00e1s reconocible de uno mismo, del equipo del que una forma parte y de la entidad, aprendiendo a identificar y aceptar competencias, fortaleza, debilidades, limitaciones, necesidades, oportunidades. Con todo ello, cocrear un espacio de entrenamiento id\u00f3neo para aceptar y afrontar retoques de cara a crecer y avanzar en el camino. Disfrutando todo lo que sea posible del mismo.<\/p>\n<p>Te ayuda a prepararte y preparar una tripulaci\u00f3n m\u00e1s competente, m\u00e1s eficaz, m\u00e1s segura, m\u00e1s ilusionada y comprometida con la causa, identificando d\u00f3nde debemos estar en cada momento en nuestra embarcaci\u00f3n, aportando y compartiendo claves para navegar ante condiciones adversas.<\/p>\n<p>Es un buen entrenamiento para regatistas, cuando la embarcaci\u00f3n y su tripulaci\u00f3n llega al punto que necesita prepararse para navegar por debajo de los 8 y por encima de los 20 nudos de viento, pues esto nos facilitar\u00eda avanzar de cara a nuestras metas. En las organizaciones pocas veces navegamos en una zona confort.<\/p>\n<p>Te ayuda a identificarte e identificar a la tripulaci\u00f3n, a reconocer y optimizar los recursos personales, identificar sus fortalezas, sus debilidades y tenerlas en cuenta a la hora de asentar sobre ellas una organizaci\u00f3n m\u00e1s competente y segura.<\/p>\n<p>Nos ayuda a controlar el arte de la navegaci\u00f3n en nuestras entidades, avanzando hacia nuestro destino, aunque no tengamos viento, aunque no tengamos motor, a veces en l\u00ednea recta, con el viento a favor, y otras zigzagueando.<\/p>\n<p>Nos ayuda a valorar que tan importante como el camino son las etapas por recorrer, y que en equipo es m\u00e1s f\u00e1cil y sostenible coger un rumbo facilitador y no ir a la deriva.<\/p>","protected":false},"excerpt":{"rendered":"<p>FEGEREC, una entidad social que contribuye al conocimiento de las enfermedades raras, su prevenci\u00f3n, tratamiento y el cuidado de las personas que las padecen en Galicia, particip\u00f3 en la quinta edici\u00f3n de VIRADA Equipos, con 5 personas en los talleres y 4 m\u00e1s en las sesiones de coaching. Carmen L\u00f3pez, la directora de FEGEREC, ya [&hellip;]<\/p>\n","protected":false},"author":3,"featured_media":0,"parent":0,"menu_order":0,"comment_status":"closed","ping_status":"closed","template":"","meta":[],"_links":{"self":[{"href":"https:\/\/algalia.com\/es\/wp-json\/wp\/v2\/pages\/12441"}],"collection":[{"href":"https:\/\/algalia.com\/es\/wp-json\/wp\/v2\/pages"}],"about":[{"href":"https:\/\/algalia.com\/es\/wp-json\/wp\/v2\/types\/page"}],"author":[{"embeddable":true,"href":"https:\/\/algalia.com\/es\/wp-json\/wp\/v2\/users\/3"}],"replies":[{"embeddable":true,"href":"https:\/\/algalia.com\/es\/wp-json\/wp\/v2\/comments?post=12441"}],"version-history":[{"count":14,"href":"https:\/\/algalia.com\/es\/wp-json\/wp\/v2\/pages\/12441\/revisions"}],"predecessor-version":[{"id":12467,"href":"https:\/\/algalia.com\/es\/wp-json\/wp\/v2\/pages\/12441\/revisions\/12467"}],"wp:attachment":[{"href":"https:\/\/algalia.com\/es\/wp-json\/wp\/v2\/media?parent=12441"}],"curies":[{"name":"wp","href":"https:\/\/api.w.org\/{rel}","templated":true}]}}