{"id":1236,"date":"2016-05-18T11:54:11","date_gmt":"2016-05-18T09:54:11","guid":{"rendered":"https:\/\/algalia.com\/?page_id=1236"},"modified":"2018-03-01T10:50:23","modified_gmt":"2018-03-01T08:50:23","slug":"principios","status":"publish","type":"page","link":"https:\/\/algalia.com\/es\/somos-e-aspiramos\/principios\/","title":{"rendered":"Principios"},"content":{"rendered":"<p><\/p>\n<h3><strong>LIBRE ADHESI\u00d3N<\/strong><\/h3>\n<p>ALGALIA S.\u00a0 COOP. GALLEGA se declara abierta a todas las personas que de forma voluntaria acepten estos Principios Cooperativos; compartan y se identifiquen con sus valores; acrediten idoneidad profesional para los puestos de trabajo que pudieran existir y acepten y se comprometan con las responsabilidad de ser socias.<\/p>\n<p>Para la adscripci\u00f3n a la cooperativa no existir\u00e1 discriminaci\u00f3n alguna por motivos religiosos, pol\u00edticos, \u00e9tnicos, o de sexo. Solamente ser\u00e1 exigible el respeto a los postulados de su constituci\u00f3n interna.<\/p>\n<h3><strong>ORGANIZACI\u00d3N DEMOCR\u00c1TICA<\/strong><\/h3>\n<p>ALGALIA S.\u00a0 COOP. GALLEGA proclama la igualdad b\u00e1sica de las socias trabajadoras en el que respecta a sus derechos a ser, poseer y conocer, lo que implica la aceptaci\u00f3n de una organizaci\u00f3n democr\u00e1tica de la empresa, concretada en:<\/p>\n<ol>\n<li>La soberan\u00eda de la Asamblea General, compuesta por la totalidad de la socias, que se ejercita seg\u00fan la pr\u00e1ctica de \u201cuna persona, un voto\u201d.<\/li>\n<li>La elecci\u00f3n democr\u00e1tica de los \u00f3rganos de gobierno, y en concreto del Consello Rector, responsable de su gesti\u00f3n ante la Asamblea General. El Consello Rector representa a la Cooperativa y su actuaci\u00f3n, orientada por el proyecto compartido aprobado por la Asamblea, estar\u00e1 dirigida a compaginar el inter\u00e9s general de la Cooperativa con el particular de sus socias.<\/li>\n<li>La colaboraci\u00f3n con los \u00f3rganos directivos designados para gestionar la sociedad por delegaci\u00f3n de toda la comunidad, que disfrutar\u00e1n de las atribuciones suficientes para desarrollar eficazmente su funci\u00f3n en beneficio com\u00fan.<\/li>\n<\/ol>\n<p>ALGALIA S.\u00a0 COOP. GALLEGA\u00a0 es una organizaci\u00f3n democr\u00e1tica controlada por sus miembros, quienes participan activamente en la definici\u00f3n de sus pol\u00edticas y en la toma de decisiones.<\/p>\n<p>Las personas elegidas para representar a la Cooperativa responden antes los miembros.<\/p>\n<p>S\u00ed entra en acuerdo con otras organizaciones (incluyendo gobiernos) o tiene capital de fuentes externas, lo realiza en t\u00e9rminos que aseguren el control democr\u00e1tico por parte de sus miembros y mantenga la autonom\u00eda de la Cooperativa.<\/p>\n<h3><strong>PARTICIPACI\u00d3N ECON\u00d3MICA DE LOS SOCIOS<\/strong><\/h3>\n<p>Los miembros contribuyen de manera equitativa y controlan de manera democr\u00e1tica el capital de la cooperativa. Por lo menos una parte de ese capital es propiedad com\u00fan de la cooperativa.<\/p>\n<p>Usualmente reciben una compensaci\u00f3n limitada, si es que la hay, sobre el capital suscrito como condici\u00f3n de asociaci\u00f3n. Los miembros asignan excedentes para cualquiera de los siguientes prop\u00f3sitos: el desarrollo de la cooperativa mediante la posible creaci\u00f3n de reservas, de la cual al menos una parte debe ser indivisible; los beneficios para los miembros en proporci\u00f3n con sus transacciones con la cooperativa; y el apoyo a otras actividades seg\u00fan lo apruebe la asamblea.<\/p>\n<h3><strong>SOBERAN\u00cdA EN EL TRABAJO<\/strong><\/h3>\n<p>ALGALIA S. COOP. GALEGA considera que el Trabajo\u00a0 es el principal factor transformador de la naturaleza, de la sociedad y del propio ser humano y, por consiguiente:<\/p>\n<ol>\n<li>Renuncia a la contrataci\u00f3n sistem\u00e1tica de los trabajadores asalariados.<\/li>\n<li>Adjudica al Trabajo plena soberan\u00eda en la organizaci\u00f3n de la empresa cooperativa.<\/li>\n<li>Considera al Trabajo acreedor esencial en la distribuci\u00f3n de la riqueza producida.<\/li>\n<\/ol>\n<p>Manifiesta su voluntad de ampliar las opciones de trabajo a todos los miembros de la sociedad.<\/p>\n<h3><strong>CAR\u00c1CTER INSTRUMENTAL Y SUBORDINADO DEL CAPITAL<\/strong><\/h3>\n<p>ALGALIA S. COOP. GALLEGA considera al factor Capital como un instrumento, subordinado al Trabajo, necesario para el desarrollo empresarial y acreedor por tanto:<\/p>\n<ul>\n<li>A una remuneraci\u00f3n:\n<ol>\n<li>Justa, en relaci\u00f3n con los esfuerzos que implica su ahorro.<\/li>\n<li>Adecuada, para propiciar la adscripci\u00f3n de los recursos necesarios.<\/li>\n<li>Limitada en su cuant\u00eda, mediante la correspondiente regulaci\u00f3n.<\/li>\n<li>No directamente vinculada a los Resultados obtenidos.<\/li>\n<\/ol>\n<\/li>\n<li>A una disponibilidad subordinada a la continuidad y desarrollo de la Cooperativa, que no impida una real aplicaci\u00f3n del principio de libre adhesi\u00f3n.<\/li>\n<\/ul>\n<h3><strong>PARTICIPACI\u00d3N EN LA GESTI\u00d3N<\/strong><\/h3>\n<p>ALGALIA S. COOP. GALLEGA estima que el car\u00e1cter democr\u00e1tico de la Cooperativa no se agota en su vertiente societaria, sino que implica un desarrollo progresivo de la autogesti\u00f3n y consecuentemente de la participaci\u00f3n de las socias en el \u00e1mbito de la gesti\u00f3n empresarial, y que, a su vez, requiere:<\/p>\n<ol>\n<li>El desarrollo de los mecanismos y canales de participaci\u00f3n adecuados.<\/li>\n<li>La transparencia informativa en relaci\u00f3n con la evoluci\u00f3n de las variables b\u00e1sicas de la gesti\u00f3n de la Cooperativa.<\/li>\n<li>La pr\u00e1ctica de m\u00e9todos de consulta y negociaci\u00f3n con las socias trabajadoras en las\u00a0 decisiones econ\u00f3micas, organizativas y laborales que les conciernan o afecten.<\/li>\n<li>La aplicaci\u00f3n sistem\u00e1tica de planes de formaci\u00f3n social y profesional de la socias.<\/li>\n<li>El establecimiento de la promoci\u00f3n interna como v\u00eda b\u00e1sica para la cobertura de los puestos con mayor responsabilidad profesional.<\/li>\n<\/ol>\n<h3><strong>SOLIDARIDAD RETRIBUTIVA<\/strong><\/h3>\n<p>ALGALIA S. COOP. GALLEGA proclama la retribuci\u00f3n suficiente y solidaria como un principio b\u00e1sico de su gesti\u00f3n, expresada en los t\u00e9rminos de:<\/p>\n<ol>\n<li>Suficiente, acorde con las posibilidades reales de la Cooperativa.<\/li>\n<li>Solidaria, en los siguientes \u00e1mbitos concretos:\n<ul>\n<li>Interno. Materializado, entre otros aspectos, en la existencia de un intervalo solidario de retribuciones al trabajo.<\/li>\n<li>Externo. Materializado en el criterio de que la remuneraci\u00f3n media interna sea equivalente a la de las trabajadoras asalariadas de su sector profesional, salvo manifiesta insuficiencia de la pol\u00edtica salarial en el mismo.<\/li>\n<\/ul>\n<\/li>\n<\/ol>\n<h3><b>INTERCOOPERACI\u00d3N<\/b><\/h3>\n<p>ALGALIA S. COOP. GALLEGA considera que, como aplicaci\u00f3n concreta de solidaridad y requisito de eficacia empresarial, el principio de Intercooperaci\u00f3n debe manifestarse:<\/p>\n<ol>\n<li>En la contribuci\u00f3n a la colaboraci\u00f3n entre cooperativas que buscan sinergias para desarrollar sus proyectos y fortalecer sus<\/li>\n<li>En la contribuci\u00f3n al desarrollo del cooperativismo gallego, con el fin de potenciar la Econom\u00eda Social en Galicia.<\/li>\n<li>En la contribuci\u00f3n con otros movimientos cooperativos del Estado, Europeos y del resto del mundo, realizando acuerdos y estableciendo \u00f3rganos conjuntos dirigidos a propiciar el desarrollo com\u00fan.<\/li>\n<\/ol>\n<h3><b>TRANSFORMACI\u00d3N SOCIAL<\/b><\/h3>\n<p>ALGALIA S. COOP. GALLEGA manifiesta su voluntad de transformaci\u00f3n social solidaria con la de otros pueblos, a trav\u00e9s de \u00a0su actuaci\u00f3n en Galicia \u00a0en un proceso de expansi\u00f3n que colabore a su construcci\u00f3n econ\u00f3mica y social y a la edificaci\u00f3n de una sociedad galega m\u00e1s libre, justa y solidaria, mediante:<\/p>\n<ol>\n<li>Una pol\u00edtica de Protecci\u00f3n Social de sus socias y trabajadoras coherente con el sistema cooperativo, bas\u00e1ndose en la solidaridad y responsabilidad.<\/li>\n<li>El apoyo a iniciativas de desarrollo comunitario, mediante la aplicaci\u00f3n del Fondo de Formaci\u00f3n y Promoci\u00f3n.<\/li>\n<li>La cooperaci\u00f3n con otras instituciones gallegas de car\u00e1cter econ\u00f3mico y social, especialmente las promovidas por agentes de la econom\u00eda social.<\/li>\n<li>La colaboraci\u00f3n en la revitalizaci\u00f3n del gallego y, en general, de los elementos caracter\u00edsticos de la cultura Gallega.<\/li>\n<li>La\u00a0 reinversi\u00f3n para la creaci\u00f3n de puestos de trabajo cooperativos.<\/li>\n<\/ol>\n<h3><b>CAR\u00c1CTER UNIVERSAL<\/b><\/h3>\n<p>ALGALIA S.\u00a0 COOP. GALLEGA, como expresi\u00f3n de su vocaci\u00f3n universal, proclama su solidaridad con todas las que trabajan por la democracia econ\u00f3mica en el \u00e1mbito de la \u201cEconom\u00eda Social\u201d, haciendo sus los objetivos de Paz, Justicia y Desarrollo, propios del\u00a0 Cooperativismo Internacional.<\/p>\n<h3><strong>EDUCACI\u00d3N Y FORMACI\u00d3N<\/strong><\/h3>\n<p>ALGALIA S. COOP. GALLEGA manifiesta que para promover la implantaci\u00f3n de los anteriores Principios es fundamental la dedicaci\u00f3n de suficientes recursos personales y econ\u00f3micos a la Educaci\u00f3n, en sus diversas vertientes:<\/p>\n<ol>\n<li>Cooperativa, del conjunto de las socias y en especial de las elegidas para los \u00f3rganos sociales.<\/li>\n<li>Profesional, en especial de las socias designadas por los \u00f3rganos directivos.<\/li>\n<li>En general, de la juventud, propiciando el surgimiento de personas cooperadoras, capaces de consolidar y desarrollar experiencias cooperativas en el futuro.<\/li>\n<\/ol>\n<p>&nbsp;<\/p>","protected":false},"excerpt":{"rendered":"<p>LIBRE ADHESI\u00d3N ALGALIA S.\u00a0 COOP. GALLEGA se declara abierta a todas las personas que de forma voluntaria acepten estos Principios Cooperativos; compartan y se identifiquen con sus valores; acrediten idoneidad profesional para los puestos de trabajo que pudieran existir y acepten y se comprometan con las responsabilidad de ser socias. Para la adscripci\u00f3n a la [&hellip;]<\/p>\n","protected":false},"author":1,"featured_media":0,"parent":4,"menu_order":0,"comment_status":"closed","ping_status":"closed","template":"template-interior.php","meta":[],"_links":{"self":[{"href":"https:\/\/algalia.com\/es\/wp-json\/wp\/v2\/pages\/1236"}],"collection":[{"href":"https:\/\/algalia.com\/es\/wp-json\/wp\/v2\/pages"}],"about":[{"href":"https:\/\/algalia.com\/es\/wp-json\/wp\/v2\/types\/page"}],"author":[{"embeddable":true,"href":"https:\/\/algalia.com\/es\/wp-json\/wp\/v2\/users\/1"}],"replies":[{"embeddable":true,"href":"https:\/\/algalia.com\/es\/wp-json\/wp\/v2\/comments?post=1236"}],"version-history":[{"count":30,"href":"https:\/\/algalia.com\/es\/wp-json\/wp\/v2\/pages\/1236\/revisions"}],"predecessor-version":[{"id":5825,"href":"https:\/\/algalia.com\/es\/wp-json\/wp\/v2\/pages\/1236\/revisions\/5825"}],"up":[{"embeddable":true,"href":"https:\/\/algalia.com\/es\/wp-json\/wp\/v2\/pages\/4"}],"wp:attachment":[{"href":"https:\/\/algalia.com\/es\/wp-json\/wp\/v2\/media?parent=1236"}],"curies":[{"name":"wp","href":"https:\/\/api.w.org\/{rel}","templated":true}]}}