{"id":1232,"date":"2016-05-18T11:52:59","date_gmt":"2016-05-18T09:52:59","guid":{"rendered":"https:\/\/algalia.com\/?page_id=1232"},"modified":"2021-11-26T12:12:33","modified_gmt":"2021-11-26T10:12:33","slug":"grupo-algalia","status":"publish","type":"page","link":"https:\/\/algalia.com\/es\/somos-e-aspiramos\/grupo-algalia\/","title":{"rendered":"Estructura jur\u00eddica"},"content":{"rendered":"<p>Despu\u00e9s de veinte a\u00f1os de vida, asumimos la Cooperativa como una asociaci\u00f3n de personas que tienen necesidades o intereses socioecon\u00f3micos comunes, cuyo prop\u00f3sito es mejorar la situaci\u00f3n econ\u00f3mica y social de \u00a0sus componentes y de su entorno comunitario, mediante una empresa de propiedad conjunta y de gesti\u00f3n democr\u00e1tica en la cual el servicio mutuo y la aportaci\u00f3n econ\u00f3mica de todas las personas miembros permitan cumplir una funci\u00f3n que tiende a mejorar las relaciones humanas y a anteponer los intereses colectivos a cualquier idea de beneficio particular.<\/p>\n<p>Algalia S Coop. Galega es una cooperativa que desarrolla servicios profesionales directamente y a trav\u00e9s de otra sociedad de la que tiene participaciones mayoritarias:<\/p>\n<ul>\n<li>XEGALIA GALEGA DE XESTI\u00d3N SL. Que presta servicios de asesoramiento econ\u00f3mico y laboral.<\/li>\n<\/ul>\n<p><\/p>","protected":false},"excerpt":{"rendered":"<p>Despu\u00e9s de veinte a\u00f1os de vida, asumimos la Cooperativa como una asociaci\u00f3n de personas que tienen necesidades o intereses socioecon\u00f3micos comunes, cuyo prop\u00f3sito es mejorar la situaci\u00f3n econ\u00f3mica y social de \u00a0sus componentes y de su entorno comunitario, mediante una empresa de propiedad conjunta y de gesti\u00f3n democr\u00e1tica en la cual el servicio mutuo y [&hellip;]<\/p>\n","protected":false},"author":1,"featured_media":0,"parent":4,"menu_order":0,"comment_status":"closed","ping_status":"closed","template":"template-interior.php","meta":[],"_links":{"self":[{"href":"https:\/\/algalia.com\/es\/wp-json\/wp\/v2\/pages\/1232"}],"collection":[{"href":"https:\/\/algalia.com\/es\/wp-json\/wp\/v2\/pages"}],"about":[{"href":"https:\/\/algalia.com\/es\/wp-json\/wp\/v2\/types\/page"}],"author":[{"embeddable":true,"href":"https:\/\/algalia.com\/es\/wp-json\/wp\/v2\/users\/1"}],"replies":[{"embeddable":true,"href":"https:\/\/algalia.com\/es\/wp-json\/wp\/v2\/comments?post=1232"}],"version-history":[{"count":10,"href":"https:\/\/algalia.com\/es\/wp-json\/wp\/v2\/pages\/1232\/revisions"}],"predecessor-version":[{"id":10995,"href":"https:\/\/algalia.com\/es\/wp-json\/wp\/v2\/pages\/1232\/revisions\/10995"}],"up":[{"embeddable":true,"href":"https:\/\/algalia.com\/es\/wp-json\/wp\/v2\/pages\/4"}],"wp:attachment":[{"href":"https:\/\/algalia.com\/es\/wp-json\/wp\/v2\/media?parent=1232"}],"curies":[{"name":"wp","href":"https:\/\/api.w.org\/{rel}","templated":true}]}}