{"id":1228,"date":"2016-05-18T11:52:20","date_gmt":"2016-05-18T09:52:20","guid":{"rendered":"https:\/\/algalia.com\/?page_id=1228"},"modified":"2016-06-17T11:51:04","modified_gmt":"2016-06-17T09:51:04","slug":"historia","status":"publish","type":"page","link":"https:\/\/algalia.com\/es\/somos-e-aspiramos\/historia\/","title":{"rendered":"Historia"},"content":{"rendered":"<p><img decoding=\"async\" loading=\"lazy\" class=\"aligncenter size-full wp-image-1699\" src=\"https:\/\/algalia.com\/wp-content\/uploads\/2016\/05\/historia-1.jpg\" alt=\"historia\" width=\"1101\" height=\"652\" srcset=\"https:\/\/algalia.com\/wp-content\/uploads\/2016\/05\/historia-1.jpg 1101w, https:\/\/algalia.com\/wp-content\/uploads\/2016\/05\/historia-1-300x178.jpg 300w, https:\/\/algalia.com\/wp-content\/uploads\/2016\/05\/historia-1-768x455.jpg 768w, https:\/\/algalia.com\/wp-content\/uploads\/2016\/05\/historia-1-1024x606.jpg 1024w\" sizes=\"(max-width: 1101px) 100vw, 1101px\" \/><br \/>\nAlgalia nace en 1994\u00a0como una iniciativa de autoempleo de varios amigos que hab\u00edan compartido estudios secundarios en el Colegio Salesiano Mar\u00eda Auxiliadora de Vigo y posteriormente en la Facultad de Econ\u00f3micas de la Universidad de Vigo.<\/p>\n<p>Todos ellos, j\u00f3venes participantes en distintas iniciativas sociales relacionadas con el asociacionismo juvenil, el tiempo libre, la inclusi\u00f3n social, las drogodependencias, la cooperaci\u00f3n internacional, el ecologismo\u2026, consideran que pueden encontrar un modo de vida digno aportando su formaci\u00f3n, conocimientos y experiencia de gesti\u00f3n al mundo asociativo, lo que en\u00a0los a\u00f1os noventa se ir\u00eda configurando como el Tercer Sector.<\/p>\n<p>El 31 de enero de 1995, cristaliza el proyecto con la creaci\u00f3n de <em>Algalia Asesor\u00eda C.B<\/em>, sociedad civil que integraba \u00a0tres socios trabajadores y \u00a0cuatro colaboradores puntuales en la prestaci\u00f3n de servicios\u00a0que tambi\u00e9n\u00a0apoyaban financieramente a la empresa.<\/p>\n<p>Los inicios fueron precarios, y <em>Algalia Asesor\u00eda<\/em> fue dot\u00e1ndose a los pocos de los recursos necesarios para el ejercicio de su actividad poco a poco. En ese momento,\u00a0 los principios que reg\u00edan la pol\u00edtica de inversiones eran la austeridad, la autofinanciaci\u00f3n y la creatividad.<\/p>\n<p>La actividad se inicia realizando servicios de asesoramiento econ\u00f3mico y laboral,\u00a0 orientados a las entidades sin \u00e1nimo de lucro, y el Colectivo Galego do Menor fue el primer cliente de este tipo, ya que para garantizar la viabilidad del proyecto se prestaban servicios\u00a0 a familiares, amigos y conocidos. Aqu\u00ed est\u00e1 el origen de la l\u00ednea de negocio para entidades lucrativas.<\/p>\n<p>Tambi\u00e9n se realizan servicios de formaci\u00f3n en gesti\u00f3n de organizaciones, a trav\u00e9s de las distintas administraciones p\u00fablicas competentes en esta materia, y se tienen las primeras experiencias en servicios de consultor\u00eda estrat\u00e9gica.<\/p>\n<p>El esfuerzo, la dedicaci\u00f3n y el trabajo bien hecho, durante el periodo 1995-1999, trajo como recompensa comenzar a ser reconocidos en el sector como una asesor\u00eda especializada y aumentar nuestra cartera de clientes, permiti\u00e9ndonos ampliar la plantilla hasta siete personas.<\/p>\n<p>En 1999, con la aprobaci\u00f3n del Primer plan estrat\u00e9gico de Algalia 1999-2002, se decide la constituci\u00f3n de una cooperativa: <em>Algalia S. Coop. Galega<\/em>. Esta decisi\u00f3n responde a que la cooperativa es la forma jur\u00eddica que mejor encaja en nuestra forma de organizarnos, y a la decisi\u00f3n de incorporar los valores cooperativistas como elementos directores de nuestras pol\u00edticas.<\/p>\n<p>No solo fue un salto jur\u00eddico, sino que fue el paso de <em>Algalia Asesor\u00eda<\/em> a una organizaci\u00f3n mayor estructurada en un <em>Departamento de asesor\u00eda<\/em> y en un nuevo departamento denominado <em>Proyectos<\/em>, que englobaba servicios de formaci\u00f3n, consultor\u00eda, publicaciones y organizaci\u00f3n de eventos, actividades que fuimos sumando a nuestra oferta para responder a las demandas de nuestros clientes.<\/p>\n<p>Este salto supuso adquirir una posici\u00f3n de liderazgo en\u00a0 el sector y una presencia en todo el territorio gallego. En el a\u00f1o 2004 se abre una nueva oficina en Vigo y la plantilla asciende a 18 personas.<\/p>\n<p>En 2005 se aprueba el Plan estrat\u00e9gico 2005-2008. Los elementos fundamentales de este Plan fueron la apuesta por ofrecer servicios de consultor\u00eda estrat\u00e9gica, organizativa y sistemas de gesti\u00f3n de la calidad, como respuesta a las necesidades que percib\u00edamos en el sector.<\/p>\n<p>Esta decisi\u00f3n supuso la transformaci\u00f3n del <em>Departamento de Proyectos<\/em> en el <em>Departamento de Consultor\u00eda<\/em>, y la contrataci\u00f3n de personal especializado para su enriquecimiento. En este periodo se crea la oficina en Santiago de Compostela con el prop\u00f3sito de profundizar en la dimensi\u00f3n territorial auton\u00f3mica.<\/p>\n<p>Asistimos en ese periodo a un crecimiento importante en los dos departamentos en cifra de negocio, que se concret\u00f3 en prestar servicios a organizaciones grandes y servicios m\u00e1s importantes y de alto valor a\u00f1adido. La plantilla lleg\u00f3 a estar formada por 30 personas.<\/p>\n<p>Este crecimiento hizo chirriar la estructura organizativa y el funcionamiento interno y, se tomaron medidas \u00a0a adecuar el organigrama y los procedimientos al nuevo tama\u00f1o de organizaci\u00f3n. Hacia el final del periodo se produce el abandono de la l\u00ednea de servicios de organizaci\u00f3n de eventos, consolid\u00e1ndose el enfoque de consultor\u00eda del Departamento.<\/p>\n<p>En el a\u00f1o 2009 se produce un cambio en la estructura organizativa: se crea la figura de Gerente, se ordenan seis \u00e1reas de negocio, que suprimen los departamentos, y\u00a0las funciones \u00a0de recursos humanos y gesti\u00f3n econ\u00f3mica se centraliza en el Departamento de Administraci\u00f3n.<\/p>\n<p>A finales del a\u00f1o 2009 se\u00a0 aprueba el Plan estrat\u00e9gico 2010-2012, y que supone\u00a0una apuesta por ampliar presencia en otros sectores, el\u00a0 deportivo y cultural, y en otros territorios, abordando la dimensi\u00f3n estatal para algunos servicios.\u00a0 Se apuesta decididamente por orientar la prestaci\u00f3n de servicios a la mejora de la eficiencia en la organizaci\u00f3n y gesti\u00f3n de nuestros clientes.<\/p>\n<p>Durante el a\u00f1o 2013 se aborda el nuevo plan estrat\u00e9gico, facilitado por LKS, y a trav\u00e9s del cual se da un salto de mentalidad,\u00a0para la construcci\u00f3n de una Algalia m\u00e1s sostenible a largo plazo en la cual apuesta por dirigirnos a un tama\u00f1o de cliente m\u00e1s desarrollado, una apuesta por nuestra presencia en Madrid y un desarrollo de la formula cooperativa. Para ello la pol\u00edtica de alianzas, la apuesta por incrementar las capacidades de nuestros profesionales y la intensidad de marketing y comercializaci\u00f3n son los pilares que sustentan la consecuci\u00f3n de nuestros objetivos.<\/p>\n<p>Organizativamente, \u00a0se fusionan las \u00e1reas de servicios econ\u00f3micos y laborales, que pasan a concebirse\u00a0como un \u00fanico negocio a trav\u00e9s del \u00e1rea de asesor\u00eda con un responsable \u00fanico y articulado por l\u00edneas de servicios. Se potencia el \u00e1rea de consultor\u00eda, realizando una apuesta muy importante en la adquisici\u00f3n de conocimiento para la creaci\u00f3n de nuevos servicios, sobre todo centrados en recursos humanos y se incorporan nuevas metodolog\u00edas en los servicios de estrategia. En este refuerzo de servicios de consultor\u00eda es sustancial el aprendizaje surgido en las alianzas con la Fundaci\u00f3n EDE y LKS S. Coop, ambas organizaciones del Pa\u00eds Vasco.<\/p>\n<p>En la actualidad, con 20 a\u00f1os de historia, y en plena juventud, acompa\u00f1amos a 250 Clientes y el equipo humano de Algalia est\u00e1 compuesto por 22 personas implicadas en el proyecto.<\/p>","protected":false},"excerpt":{"rendered":"<p>Algalia nace en 1994\u00a0como una iniciativa de autoempleo de varios amigos que hab\u00edan compartido estudios secundarios en el Colegio Salesiano Mar\u00eda Auxiliadora de Vigo y posteriormente en la Facultad de Econ\u00f3micas de la Universidad de Vigo. Todos ellos, j\u00f3venes participantes en distintas iniciativas sociales relacionadas con el asociacionismo juvenil, el tiempo libre, la inclusi\u00f3n social, [&hellip;]<\/p>\n","protected":false},"author":1,"featured_media":0,"parent":4,"menu_order":0,"comment_status":"closed","ping_status":"closed","template":"template-interior.php","meta":[],"_links":{"self":[{"href":"https:\/\/algalia.com\/es\/wp-json\/wp\/v2\/pages\/1228"}],"collection":[{"href":"https:\/\/algalia.com\/es\/wp-json\/wp\/v2\/pages"}],"about":[{"href":"https:\/\/algalia.com\/es\/wp-json\/wp\/v2\/types\/page"}],"author":[{"embeddable":true,"href":"https:\/\/algalia.com\/es\/wp-json\/wp\/v2\/users\/1"}],"replies":[{"embeddable":true,"href":"https:\/\/algalia.com\/es\/wp-json\/wp\/v2\/comments?post=1228"}],"version-history":[{"count":17,"href":"https:\/\/algalia.com\/es\/wp-json\/wp\/v2\/pages\/1228\/revisions"}],"predecessor-version":[{"id":1727,"href":"https:\/\/algalia.com\/es\/wp-json\/wp\/v2\/pages\/1228\/revisions\/1727"}],"up":[{"embeddable":true,"href":"https:\/\/algalia.com\/es\/wp-json\/wp\/v2\/pages\/4"}],"wp:attachment":[{"href":"https:\/\/algalia.com\/es\/wp-json\/wp\/v2\/media?parent=1228"}],"curies":[{"name":"wp","href":"https:\/\/api.w.org\/{rel}","templated":true}]}}