{"id":12035,"date":"2022-09-26T08:11:36","date_gmt":"2022-09-26T06:11:36","guid":{"rendered":"https:\/\/algalia.com\/gl\/?page_id=12035"},"modified":"2025-05-07T08:57:44","modified_gmt":"2025-05-07T06:57:44","slug":"virada-profundizacion","status":"publish","type":"page","link":"https:\/\/algalia.com\/es\/programa-virada\/virada-profundizacion\/","title":{"rendered":"Virada Profundizaci\u00f3n"},"content":{"rendered":"<p><img decoding=\"async\" loading=\"lazy\" class=\"alignleft wp-image-12240\" src=\"https:\/\/algalia.com\/wp-content\/uploads\/2022\/10\/lighthouse-4208843_1920-002-300x184.jpg\" alt=\"\" width=\"350\" height=\"215\" srcset=\"https:\/\/algalia.com\/wp-content\/uploads\/2022\/10\/lighthouse-4208843_1920-002-300x184.jpg 300w, https:\/\/algalia.com\/wp-content\/uploads\/2022\/10\/lighthouse-4208843_1920-002-610x375.jpg 610w, https:\/\/algalia.com\/wp-content\/uploads\/2022\/10\/lighthouse-4208843_1920-002.jpg 700w\" sizes=\"(max-width: 350px) 100vw, 350px\" \/>El prop\u00f3sito del\u00a0<strong>Curso de nivelaci\u00f3n para acceder al M\u00e1ster en Coaching de Mondragon\u00a0\u00a0<\/strong><strong>Unibertsitatea\u00a0<\/strong>(VIRADA Profundizaci\u00f3n) es ahondar en las competencias trabajadas en VIRADA Liderazgo, cerrando, de esta manera, un\u00a0 ciclo de formaci\u00f3n orientado al desarrollo del ejercicio del liderazgo en las organizaciones.<\/p>\n<p>VIRADA Profundizaci\u00f3n se puede cursar sin que necesariamente se contin\u00fae el itinerario formativo en el M\u00e1ster de coaching de la MU. Completa la experiencia de VIRADA Liderazgo consolidando aprendizajes y ahondando en distinciones b\u00e1sicas.<\/p>\n<p>&nbsp;<\/p>\n<p>&nbsp;<\/p>\n<p>&nbsp;<\/p>\n<div class=\"bloques-flex clr\">\n<div class=\"card\">\n<h2><a href=\"https:\/\/algalia.com\/wp-content\/uploads\/2020\/12\/21-VIRADA-LIDERAZGO-Informaci\u00f3n-GAL.pdf\" target=\"_blank\" rel=\"noopener\">M\u00e1s informaci\u00f3n<\/a><\/h2>\n<ul class=\"contido\">\n<li>Consulta toda la informaci\u00f3n sobre el \u00faltimo programa: <a href=\"https:\/\/algalia.com\/wp-content\/uploads\/2022\/09\/22NUEVO-VIRADA-PROFUNDIZA-23-CAST.pdf\">Dossier del Programa VIRADA\u00a0 Profundizaci\u00f3n 2023<\/a><\/li>\n<\/ul>\n<\/div>\n<div class=\"card\">\n<h2><a href=\"https:\/\/algalia.com\/gl\/curso\/programa-virada-liderado-iv-edicion\/#inscripcion\">Inscripci\u00f3n<\/a><\/h2>\n<ul class=\"contido\">\n<li>En este momento no hay abierto per\u00edodo de inscripci\u00f3n.<\/li>\n<\/ul>\n<\/div>\n<\/div>\n<p><\/p>","protected":false},"excerpt":{"rendered":"<p>El prop\u00f3sito del\u00a0Curso de nivelaci\u00f3n para acceder al M\u00e1ster en Coaching de Mondragon\u00a0\u00a0Unibertsitatea\u00a0(VIRADA Profundizaci\u00f3n) es ahondar en las competencias trabajadas en VIRADA Liderazgo, cerrando, de esta manera, un\u00a0 ciclo de formaci\u00f3n orientado al desarrollo del ejercicio del liderazgo en las organizaciones. VIRADA Profundizaci\u00f3n se puede cursar sin que necesariamente se contin\u00fae el itinerario formativo en [&hellip;]<\/p>\n","protected":false},"author":3,"featured_media":0,"parent":9264,"menu_order":0,"comment_status":"closed","ping_status":"closed","template":"template-virada-hija.php","meta":[],"_links":{"self":[{"href":"https:\/\/algalia.com\/es\/wp-json\/wp\/v2\/pages\/12035"}],"collection":[{"href":"https:\/\/algalia.com\/es\/wp-json\/wp\/v2\/pages"}],"about":[{"href":"https:\/\/algalia.com\/es\/wp-json\/wp\/v2\/types\/page"}],"author":[{"embeddable":true,"href":"https:\/\/algalia.com\/es\/wp-json\/wp\/v2\/users\/3"}],"replies":[{"embeddable":true,"href":"https:\/\/algalia.com\/es\/wp-json\/wp\/v2\/comments?post=12035"}],"version-history":[{"count":43,"href":"https:\/\/algalia.com\/es\/wp-json\/wp\/v2\/pages\/12035\/revisions"}],"predecessor-version":[{"id":15566,"href":"https:\/\/algalia.com\/es\/wp-json\/wp\/v2\/pages\/12035\/revisions\/15566"}],"up":[{"embeddable":true,"href":"https:\/\/algalia.com\/es\/wp-json\/wp\/v2\/pages\/9264"}],"wp:attachment":[{"href":"https:\/\/algalia.com\/es\/wp-json\/wp\/v2\/media?parent=12035"}],"curies":[{"name":"wp","href":"https:\/\/api.w.org\/{rel}","templated":true}]}}