{"id":10546,"date":"2021-07-05T18:18:17","date_gmt":"2021-07-05T16:18:17","guid":{"rendered":"https:\/\/algalia.com\/gl\/?page_id=10546"},"modified":"2021-08-04T13:45:10","modified_gmt":"2021-08-04T11:45:10","slug":"politica-de-cookies","status":"publish","type":"page","link":"https:\/\/algalia.com\/es\/politica-de-cookies\/","title":{"rendered":"Pol\u00edtica de cookies"},"content":{"rendered":"<p><\/p>\n<h2>\u00bfQui\u00e9n es el Responsable del tratamiento?<\/h2>\n<p class=\"western\">ALGALIA, SOCIEDADE COOPERATIVA GALEGA<br \/>\nNIF: F36859395<br \/>\nDirecci\u00f3n: Calle Fais\u00e1n 7 Entlo A, 36205 Vigo Pontevedra.<br \/>\nTel\u00e9fono: 986379587<br \/>\nCorreo electr\u00f3nico: algalia@algalia.com<\/p>\n<p>&nbsp;<\/p>\n<h2>\u00bfQu\u00e9 son las Cookies?<\/h2>\n<p class=\"western\">Una cookie es un fichero que se descarga en tu ordenador al acceder a determinadas p\u00e1ginas web. Las cookies permiten a una p\u00e1gina web, entre otras cosas, almacenar y recuperar informaci\u00f3n sobre los h\u00e1bitos de navegaci\u00f3n de un usuario o de su equipo, gestionar el acceso de usuarios a zonas restringidas de la web \u2026etc.<\/p>\n<p>&nbsp;<\/p>\n<h2>\u00bfQu\u00e9 cookies se utilizan en la web de ALGALIA, SOCIEDADE COOPERATIVA GALEGA?<\/h2>\n<p><b>1.- Necesarias<\/b>. Las cookies necesarias ayudan a hacer una p\u00e1gina web utilizable activando funciones b\u00e1sicas como la navegaci\u00f3n en la p\u00e1gina y el acceso a \u00e1reas seguras de la p\u00e1gina web. La p\u00e1gina web no puede funcionar adecuadamente sin estas cookies.<\/p>\n<table style=\"height: 1026px;\" width=\"732\" cellspacing=\"0\" cellpadding=\"7\">\n<colgroup>\n<col width=\"20%\" \/>\n<col width=\"40%\" \/>\n<col width=\"10%\" \/>\n<col width=\"15%\" \/>\n<col width=\"15%\" \/> <\/colgroup>\n<tbody>\n<tr>\n<td bgcolor=\"#bfbfbf\" width=\"108\">\n<h6 align=\"center\"><strong>COOKIE<\/strong><\/h6>\n<\/td>\n<td bgcolor=\"#bfbfbf\" width=\"118\">\n<h6 align=\"center\"><strong>FINALIDAD<\/strong><\/h6>\n<\/td>\n<td bgcolor=\"#bfbfbf\" width=\"62\">\n<h6 align=\"center\"><strong>TIPO<\/strong><\/h6>\n<\/td>\n<td bgcolor=\"#bfbfbf\" width=\"99\">\n<h6 align=\"center\"><strong>PROVEEDOR\/ SERVIDOR DESDE EL QUE SE ENV\u00cdA<\/strong><\/h6>\n<\/td>\n<td bgcolor=\"#bfbfbf\" width=\"98\">\n<h6 align=\"center\"><strong>TIEMPO DE ALMACENAMIENTO<\/strong><\/h6>\n<\/td>\n<\/tr>\n<tr>\n<td width=\"108\">\n<h6 align=\"center\">__cfduid<\/h6>\n<\/td>\n<td width=\"118\">\n<h6>Utilizada por la red de contenido, Cloudflare, para identificar tr\u00e1fico web de confianza.<\/h6>\n<\/td>\n<td width=\"62\">\n<h6 align=\"center\">T\u00e9cnica<\/h6>\n<\/td>\n<td width=\"99\">\n<h6 align=\"center\">bootstrapcdn.com<\/h6>\n<\/td>\n<td width=\"98\">\n<h6 align=\"center\">1 mes<\/h6>\n<\/td>\n<\/tr>\n<tr>\n<td width=\"108\">\n<h6 align=\"center\">_grecaptcha<\/h6>\n<\/td>\n<td width=\"118\">\n<h6>Esta cookie se utiliza para distinguir entre humanos y bots. Esto es beneficioso para la web con el objeto de elaborar informes v\u00e1lidos sobre el uso de su web.<\/h6>\n<\/td>\n<td width=\"62\">\n<h6 align=\"center\">T\u00e9cnica<\/h6>\n<\/td>\n<td width=\"99\">\n<h6 align=\"center\">algalia.com<\/h6>\n<\/td>\n<td width=\"98\">\n<h6 align=\"center\">Persistente<\/h6>\n<\/td>\n<\/tr>\n<tr>\n<td width=\"108\">\n<h6 align=\"center\">_GRECAPTCHA<\/h6>\n<\/td>\n<td width=\"118\">\n<h6>Esta cookie se utiliza para distinguir entre humanos y bots. Esto es beneficioso para la web con el objeto de elaborar informes v\u00e1lidos sobre el uso de su web.<\/h6>\n<\/td>\n<td width=\"62\">\n<h6 align=\"center\">T\u00e9cnica<\/h6>\n<\/td>\n<td width=\"99\">\n<h6 align=\"center\">google.com<\/h6>\n<\/td>\n<td width=\"98\">\n<h6 align=\"center\">179 d\u00edas<\/h6>\n<\/td>\n<\/tr>\n<tr>\n<td width=\"108\">\n<h6 align=\"center\">CONSENT<\/h6>\n<\/td>\n<td width=\"118\">\n<h6>Utilizada para detectar si el visitante ha aceptado la categor\u00eda de marketing en el banner de cookies. Esta cookie es necesaria para que la web cumpla con el RGPD<\/h6>\n<\/td>\n<td width=\"62\">\n<h6 align=\"center\">T\u00e9cnica<\/h6>\n<\/td>\n<td width=\"99\">\n<h6 align=\"center\">youtube.com<\/h6>\n<\/td>\n<td width=\"98\">\n<h6 align=\"center\">6094 d\u00edas<\/h6>\n<\/td>\n<\/tr>\n<tr>\n<td width=\"108\">\n<h6 align=\"center\">CookieConsent<\/h6>\n<\/td>\n<td width=\"118\">\n<h6>Almacena el estado de consentimiento de cookies del usuario para el dominio actual.<\/h6>\n<\/td>\n<td width=\"62\">\n<h6 align=\"center\">T\u00e9cnica<\/h6>\n<\/td>\n<td width=\"99\">\n<h6 align=\"center\">algalia.com<\/h6>\n<\/td>\n<td width=\"98\">\n<h6 align=\"center\">1 a\u00f1o<\/h6>\n<\/td>\n<\/tr>\n<tr>\n<td width=\"108\">\n<h6 align=\"center\">rc::a<\/h6>\n<\/td>\n<td width=\"118\">\n<h6>Esta cookie se utiliza para distinguir entre humanos y bots. Esto es beneficioso para la web con el objeto de elaborar informes v\u00e1lidos sobre el uso de su web.<\/h6>\n<\/td>\n<td width=\"62\">\n<h6 align=\"center\">T\u00e9cnica<\/h6>\n<\/td>\n<td width=\"99\">\n<h6 align=\"center\">google.com<\/h6>\n<\/td>\n<td width=\"98\">\n<h6 align=\"center\">Persistente<\/h6>\n<\/td>\n<\/tr>\n<tr>\n<td width=\"108\">\n<h6 align=\"center\">rc::b<\/h6>\n<\/td>\n<td width=\"118\">\n<h6>Esta cookie se utiliza para distinguir entre humanos y bots.<\/h6>\n<\/td>\n<td width=\"62\">\n<h6 align=\"center\">T\u00e9cnica<\/h6>\n<\/td>\n<td width=\"99\">\n<h6 align=\"center\">google.com<\/h6>\n<\/td>\n<td width=\"98\">\n<h6 align=\"center\">Session<\/h6>\n<\/td>\n<\/tr>\n<tr>\n<td width=\"108\">\n<h6 align=\"center\">rc::c<\/h6>\n<\/td>\n<td width=\"118\">\n<h6>Esta cookie se utiliza para distinguir entre humanos y bots.<\/h6>\n<\/td>\n<td width=\"62\">\n<h6 align=\"center\">T\u00e9cnica<\/h6>\n<\/td>\n<td width=\"99\">\n<h6 align=\"center\">google.com<\/h6>\n<\/td>\n<td width=\"98\">\n<h6 align=\"center\">Session<\/h6>\n<\/td>\n<\/tr>\n<\/tbody>\n<\/table>\n<p>&nbsp;<\/p>\n<p><b>2.- Preferencias<\/b>. Las cookies de preferencias permiten a la p\u00e1gina web recordar informaci\u00f3n que cambia la forma en que la p\u00e1gina se comporta o el aspecto que tiene, como su idioma preferido o la regi\u00f3n en la que usted se encuentra.<\/p>\n<table style=\"height: 333px;\" width=\"732\" cellspacing=\"0\" cellpadding=\"7\">\n<colgroup>\n<col width=\"20%\" \/>\n<col width=\"40%\" \/>\n<col width=\"10%\" \/>\n<col width=\"15%\" \/>\n<col width=\"15%\" \/> <\/colgroup>\n<tbody>\n<tr>\n<td bgcolor=\"#bfbfbf\" width=\"107\">\n<h6 align=\"center\"><strong>COOKIE<\/strong><\/h6>\n<\/td>\n<td bgcolor=\"#bfbfbf\" width=\"118\">\n<h6 align=\"center\"><strong>FINALIDAD<\/strong><\/h6>\n<\/td>\n<td bgcolor=\"#bfbfbf\" width=\"71\">\n<h6 align=\"center\"><strong>TIPO<\/strong><\/h6>\n<\/td>\n<td bgcolor=\"#bfbfbf\" width=\"99\">\n<h6 align=\"center\"><strong>PROVEEDOR\/ SERVIDOR DESDE EL QUE SE ENV\u00cdA<\/strong><\/h6>\n<\/td>\n<td bgcolor=\"#bfbfbf\" width=\"98\">\n<h6 align=\"center\"><strong>TIEMPO DE ALMACENAMIENTO<\/strong><\/h6>\n<\/td>\n<\/tr>\n<tr>\n<td width=\"107\">\n<h6 align=\"center\">qtrans_front_language<\/h6>\n<\/td>\n<td width=\"118\">\n<h6>Determina el idioma preferido por el visitante. Permite a la web establecer el idioma preferido en el reingreso del visitante.<\/h6>\n<\/td>\n<td width=\"71\">\n<h6 align=\"center\">Preferencia<\/h6>\n<\/td>\n<td width=\"99\">\n<h6 align=\"center\">algalia.com<\/h6>\n<\/td>\n<td width=\"98\">\n<h6 align=\"center\">1 a\u00f1o<\/h6>\n<\/td>\n<\/tr>\n<tr>\n<td width=\"107\">\n<h6 align=\"center\">yt-player-bandaid-host<\/h6>\n<\/td>\n<td width=\"118\">\n<h6>Utilizada para determinar la calidad \u00f3ptima del video basada en el dispositivo del visitante y en los ajustes de la red.<\/h6>\n<\/td>\n<td width=\"71\">\n<h6 align=\"center\">Preferencia<\/h6>\n<\/td>\n<td width=\"99\">\n<h6 align=\"center\">youtube.com<\/h6>\n<\/td>\n<td width=\"98\">\n<h6 align=\"center\">Persistente<\/h6>\n<\/td>\n<\/tr>\n<\/tbody>\n<\/table>\n<h6><\/h6>\n<p><b>3.- Estad\u00edsticas<\/b>. Las cookies estad\u00edsticas ayudan a los propietarios de p\u00e1ginas web a comprender c\u00f3mo interact\u00faan los visitantes con las p\u00e1ginas web reuniendo y proporcionando informaci\u00f3n de forma an\u00f3nima.<\/p>\n<table style=\"height: 465px;\" width=\"738\" cellspacing=\"0\" cellpadding=\"7\">\n<colgroup>\n<col width=\"20%\" \/>\n<col width=\"40%\" \/>\n<col width=\"10%\" \/>\n<col width=\"15%\" \/>\n<col width=\"15%\" \/> <\/colgroup>\n<tbody>\n<tr>\n<td bgcolor=\"#bfbfbf\" width=\"107\">\n<h6 align=\"center\"><strong>COOKIE<\/strong><\/h6>\n<\/td>\n<td bgcolor=\"#bfbfbf\" width=\"118\">\n<h6 align=\"center\"><strong>FINALIDAD<\/strong><\/h6>\n<\/td>\n<td bgcolor=\"#bfbfbf\" width=\"71\">\n<h6 align=\"center\"><strong>TIPO<\/strong><\/h6>\n<\/td>\n<td bgcolor=\"#bfbfbf\" width=\"99\">\n<h6 align=\"center\"><strong>PROVEEDOR\/ SERVIDOR DESDE EL QUE SE ENV\u00cdA<\/strong><\/h6>\n<\/td>\n<td bgcolor=\"#bfbfbf\" width=\"98\">\n<h6 align=\"center\"><strong>TIEMPO DE ALMACENAMIENTO<\/strong><\/h6>\n<\/td>\n<\/tr>\n<tr>\n<td width=\"107\">\n<h6 align=\"center\">_ga<\/h6>\n<\/td>\n<td width=\"118\">\n<h6>Registra una identificaci\u00f3n \u00fanica que se utiliza para generar datos estad\u00edsticos acerca de c\u00f3mo utiliza el visitante el sitio web.<\/h6>\n<\/td>\n<td width=\"71\">\n<h6 align=\"center\">Estad\u00edsticas<\/h6>\n<\/td>\n<td width=\"99\">\n<h6 align=\"center\">algalia.com<\/h6>\n<\/td>\n<td width=\"98\">\n<h6 align=\"center\">2 a\u00f1os<\/h6>\n<\/td>\n<\/tr>\n<tr>\n<td width=\"107\">\n<h6 align=\"center\">_gat<\/h6>\n<\/td>\n<td width=\"118\">\n<h6>Utilizado por Google Analytics para controlar la tasa de peticiones<\/h6>\n<\/td>\n<td width=\"71\">\n<h6 align=\"center\">Estad\u00edsticas<\/h6>\n<\/td>\n<td width=\"99\">\n<h6 align=\"center\">algalia.com<\/h6>\n<\/td>\n<td width=\"98\">\n<h6 align=\"center\">1 d\u00eda<\/h6>\n<\/td>\n<\/tr>\n<tr>\n<td width=\"107\">\n<h6 align=\"center\">_gid<\/h6>\n<\/td>\n<td width=\"118\">\n<h6>Registra una identificaci\u00f3n \u00fanica que se utiliza para generar datos estad\u00edsticos acerca de c\u00f3mo utiliza el visitante el sitio web.<\/h6>\n<\/td>\n<td width=\"71\">\n<h6 align=\"center\">Estad\u00edsticas<\/h6>\n<\/td>\n<td width=\"99\">\n<h6 align=\"center\">algalia.com<\/h6>\n<\/td>\n<td width=\"98\">\n<h6 align=\"center\">1 d\u00eda<\/h6>\n<\/td>\n<\/tr>\n<tr>\n<td width=\"107\">\n<h6 align=\"center\">yt-player-headers-readable<\/h6>\n<\/td>\n<td width=\"118\">\n<h6>Utilizada para determinar la calidad \u00f3ptima del video basada en el dispositivo del visitante y en los ajustes de la red.<\/h6>\n<\/td>\n<td width=\"71\">\n<h6 align=\"center\">Estad\u00edsticas<\/h6>\n<\/td>\n<td width=\"99\">\n<h6 align=\"center\">youtube.com<\/h6>\n<\/td>\n<td width=\"98\">\n<h6 align=\"center\">Persistente<\/h6>\n<\/td>\n<\/tr>\n<\/tbody>\n<\/table>\n<p>&nbsp;<\/p>\n<p><b>4.- Marketing<\/b>. Las cookies de marketing se utilizan para rastrear a los visitantes en las p\u00e1ginas web. La intenci\u00f3n es mostrar anuncios relevantes y atractivos para el usuario individual, y por lo tanto, m\u00e1s valiosos para los editores y terceros anunciantes.<\/p>\n<table style=\"height: 1567px;\" width=\"743\" cellspacing=\"0\" cellpadding=\"7\">\n<colgroup>\n<col width=\"20%\" \/>\n<col width=\"40%\" \/>\n<col width=\"10%\" \/>\n<col width=\"15%\" \/>\n<col width=\"15%\" \/> <\/colgroup>\n<tbody>\n<tr>\n<td style=\"background: #bfbfbf;\" bgcolor=\"#bfbfbf\" width=\"107\">\n<p align=\"center\"><span style=\"font-family: Calibri, serif;\"><span style=\"font-size: small;\"><b>COOKIE<\/b><\/span><\/span><\/p>\n<\/td>\n<td style=\"background: #bfbfbf;\" bgcolor=\"#bfbfbf\" width=\"118\">\n<p align=\"center\"><span style=\"font-family: Calibri, serif;\"><span style=\"font-size: small;\"><b>FINALIDAD<\/b><\/span><\/span><\/p>\n<\/td>\n<td style=\"background: #bfbfbf;\" bgcolor=\"#bfbfbf\" width=\"71\">\n<p align=\"center\"><span style=\"font-family: Calibri, serif;\"><span style=\"font-size: small;\"><b>TIPO<\/b><\/span><\/span><\/p>\n<\/td>\n<td style=\"background: #bfbfbf;\" bgcolor=\"#bfbfbf\" width=\"99\">\n<p align=\"center\"><span style=\"font-family: Calibri, serif;\"><span style=\"font-size: small;\"><b>PROVEEDOR\/ SERVIDOR DESDE EL QUE SE ENV\u00cdA<\/b><\/span><\/span><\/p>\n<\/td>\n<td style=\"background: #bfbfbf;\" bgcolor=\"#bfbfbf\" width=\"98\">\n<p align=\"center\"><span style=\"font-family: Calibri, serif;\"><span style=\"font-size: small;\"><b>TIEMPO DE ALMACENAMIENTO<\/b><\/span><\/span><\/p>\n<\/td>\n<\/tr>\n<tr>\n<td width=\"107\">\n<h6 align=\"center\">IDE<\/h6>\n<\/td>\n<td width=\"118\">\n<h6>Utilizada por Google DoubleClick para registrar e informar sobre las acciones del usuario en el sitio web tras visualizar o hacer clic en uno de los anuncios del anunciante con el prop\u00f3sito de medir la eficacia de un anuncio y presentar anuncios espec\u00edficos para el usuario.<\/h6>\n<\/td>\n<td width=\"71\">\n<h6 align=\"center\">Publicitaria<\/h6>\n<\/td>\n<td width=\"99\">\n<h6 align=\"center\">doubleclick.net<\/h6>\n<\/td>\n<td width=\"98\">\n<h6>1 a\u00f1o<\/h6>\n<\/td>\n<\/tr>\n<tr>\n<td width=\"107\">\n<h6 align=\"center\">st_samesite<\/h6>\n<\/td>\n<td width=\"118\">\n<h6>Utilizada por ShareThis para rastrear la navegaci\u00f3n en la web del visitante y sus preferencias \u2013 Se usa para estad\u00edsticas internas y marketing.<\/h6>\n<\/td>\n<td width=\"71\">\n<h6 align=\"center\">Publicitaria<\/h6>\n<\/td>\n<td width=\"99\">\n<h6 align=\"center\">consensu.org<\/h6>\n<\/td>\n<td width=\"98\">\n<h6 align=\"center\">Session<\/h6>\n<\/td>\n<\/tr>\n<tr>\n<td width=\"107\">\n<h6 align=\"center\">test_cookie<\/h6>\n<\/td>\n<td width=\"118\">\n<h6>Utilizada para comprobar si el navegador del usuario admite cookies.<\/h6>\n<\/td>\n<td width=\"71\">\n<h6 align=\"center\">Publicitaria<\/h6>\n<\/td>\n<td width=\"99\">\n<h6 align=\"center\">doubleclick.net<\/h6>\n<\/td>\n<td>\n<h6>1 d\u00eda<\/h6>\n<\/td>\n<\/tr>\n<tr>\n<td>\n<h6 align=\"center\">VISITOR_INFO1_LIVE<\/h6>\n<\/td>\n<td>\n<h6>Intenta calcular el ancho de banda del usuario en p\u00e1ginas con v\u00eddeos de YouTube integrados.<\/h6>\n<\/td>\n<td>\n<h6 align=\"center\">Publicitaria<\/h6>\n<\/td>\n<td>\n<h6 align=\"center\">youtube.com<\/h6>\n<\/td>\n<td>\n<h6>179 d\u00edas<\/h6>\n<\/td>\n<\/tr>\n<tr>\n<td>\n<h6 align=\"center\">YSC<\/h6>\n<\/td>\n<td>\n<h6>Registra una identificaci\u00f3n \u00fanica para mantener estad\u00edsticas de qu\u00e9 v\u00eddeos de YouTube ha visto el usuario.<\/h6>\n<\/td>\n<td>\n<h6 align=\"center\">Publicitaria<\/h6>\n<\/td>\n<td>\n<h6 align=\"center\">youtube.com<\/h6>\n<\/td>\n<td>\n<h6 align=\"center\">Session<\/h6>\n<\/td>\n<\/tr>\n<tr>\n<td>\n<h6 align=\"center\">yt.innertube::nextId<\/h6>\n<\/td>\n<td>\n<h6>Registra una identificaci\u00f3n \u00fanica para mantener estad\u00edsticas de qu\u00e9 v\u00eddeos de YouTube ha visto el usuario.<\/h6>\n<\/td>\n<td>\n<h6 align=\"center\">Publicitaria<\/h6>\n<\/td>\n<td>\n<h6 align=\"center\">youtube.com<\/h6>\n<\/td>\n<td>\n<h6 align=\"center\">Persistente<\/h6>\n<\/td>\n<\/tr>\n<tr>\n<td>\n<h6 align=\"center\">yt.innertube::requests<\/h6>\n<\/td>\n<td>\n<h6>Registra una identificaci\u00f3n \u00fanica para mantener estad\u00edsticas de qu\u00e9 v\u00eddeos de YouTube ha visto el usuario.<\/h6>\n<\/td>\n<td>\n<h6 align=\"center\">Publicitaria<\/h6>\n<\/td>\n<td width=\"99\">\n<h6 align=\"center\">youtube.com<\/h6>\n<\/td>\n<td width=\"98\">\n<h6 align=\"center\">Persistente<\/h6>\n<\/td>\n<\/tr>\n<tr>\n<td width=\"107\">\n<h6 align=\"center\">yt-remote-cast-installed<\/h6>\n<\/td>\n<td width=\"118\">\n<h6>Registra las preferencias del reproductor de v\u00eddeo del usuario al ver v\u00eddeos incrustados de YouTube.<\/h6>\n<\/td>\n<td width=\"71\">\n<h6 align=\"center\">Publicitaria<\/h6>\n<\/td>\n<td width=\"99\">\n<h6 align=\"center\">youtube.com<\/h6>\n<\/td>\n<td width=\"98\">\n<h6>Session<\/h6>\n<\/td>\n<\/tr>\n<tr>\n<td width=\"107\">\n<h6 align=\"center\">yt-remote-connected-devices<\/h6>\n<\/td>\n<td width=\"118\">\n<h6>Registra las preferencias del reproductor de v\u00eddeo del usuario al ver v\u00eddeos incrustados de YouTube<\/h6>\n<\/td>\n<td width=\"71\">\n<h6 align=\"center\">Publicitaria<\/h6>\n<\/td>\n<td width=\"99\">\n<h6 align=\"center\">youtube.com<\/h6>\n<\/td>\n<td width=\"98\">\n<h6 align=\"center\">Persistente<\/h6>\n<\/td>\n<\/tr>\n<tr>\n<td width=\"107\">\n<h6 align=\"center\">yt-remote-device-id<\/h6>\n<\/td>\n<td width=\"118\">\n<h6>\u00a0Registra las preferencias del reproductor de v\u00eddeo del usuario al ver v\u00eddeos incrustados de YouTube<\/h6>\n<\/td>\n<td width=\"71\">\n<h6 align=\"center\">Publicitaria<\/h6>\n<\/td>\n<td width=\"99\">\n<h6 align=\"center\">youtube.com<\/h6>\n<\/td>\n<td width=\"98\">\n<h6 align=\"center\">Persistente<\/h6>\n<\/td>\n<\/tr>\n<tr>\n<td width=\"107\">\n<h6 align=\"center\">yt-remote-fast-check-period<\/h6>\n<\/td>\n<td width=\"118\">\n<h6>\u00a0Registra las preferencias del reproductor de v\u00eddeo del usuario al ver v\u00eddeos incrustados de YouTube<\/h6>\n<\/td>\n<td width=\"71\">\n<h6 align=\"center\">Publicitaria<\/h6>\n<\/td>\n<td width=\"99\">\n<h6 align=\"center\">youtube.com<\/h6>\n<\/td>\n<td width=\"98\">\n<h6 align=\"center\">Session<\/h6>\n<\/td>\n<\/tr>\n<tr>\n<td width=\"107\">\n<h6 align=\"center\">yt-remote-session-app<\/h6>\n<\/td>\n<td width=\"118\">\n<h6>\u00a0Registra las preferencias del reproductor de v\u00eddeo del usuario al ver v\u00eddeos incrustados de YouTube<\/h6>\n<\/td>\n<td width=\"71\">\n<h6 align=\"center\">Publicitaria<\/h6>\n<\/td>\n<td width=\"99\">\n<h6 align=\"center\">youtube.com<\/h6>\n<\/td>\n<td width=\"98\">\n<h6 align=\"center\">Session<\/h6>\n<\/td>\n<\/tr>\n<tr>\n<td width=\"107\">\n<h6 align=\"center\">yt-remote-session-name<\/h6>\n<\/td>\n<td width=\"118\">\n<h6>\u00a0Registra las preferencias del reproductor de v\u00eddeo del usuario al ver v\u00eddeos incrustados de YouTube<\/h6>\n<\/td>\n<td width=\"71\">\n<h6 align=\"center\">Publicitaria<\/h6>\n<\/td>\n<td width=\"99\">\n<h6 align=\"center\">youtube.com<\/h6>\n<\/td>\n<td width=\"98\">\n<h6 align=\"center\">Session<\/h6>\n<\/td>\n<\/tr>\n<\/tbody>\n<\/table>\n<p>&nbsp;<\/p>\n<h2 class=\"western\">\u00bfTendr\u00e1 la posibilidad de retirar el consentimiento?<\/h2>\n<p class=\"western\">Tendr\u00e1 la posibilidad y el derecho de retirar su consentimiento para las distintas finalidades, otorgado en su momento, sin que ello afecte a los tratamientos que se hayan realizado previamente a su retirada.<\/p>\n<p>&nbsp;<\/p>\n<h2 class=\"western\">\u00bfExiste transferencia internacional de datos?<\/h2>\n<p class=\"western\">Las cookies de terceros pueden estar almacenadas en servidores situados fuera del Espacio Econ\u00f3mico Europeo, por lo que n eses casos se pueden realizar transferencia internacional de datos a terceros pa\u00edses.<\/p>\n<p>&nbsp;<\/p>\n<h2 class=\"western\">\u00bfC\u00f3mo puedo desactivar o eliminar las Cookies?<\/h2>\n<p class=\"western\">Puede permitir, bloquear o eliminar las cookies instaladas en su equipo mediante la configuraci\u00f3n de las opciones del navegador instalado en su ordenador. En los siguientes enlaces encontrar\u00e1 informaci\u00f3n adicional sobre las opciones de configuraci\u00f3n de las cookies en los distintos navegadores.<\/p>\n<p class=\"western\">Internet Explorer:\u00a0<a href=\"http:\/\/windows.microsoft.com\/es-es\/windows7\/how-to-manage-cookies-in-internet-explorer-9\" target=\"_blank\" rel=\"noopener\">http:\/\/windows.microsoft.com\/es-es\/windows7\/how-to-manage-cookies-in-internet-explorer-9<\/a><\/p>\n<p class=\"western\">Google Chrome:\u00a0<a href=\"http:\/\/support.google.com\/chrome\/bin\/answer.py?hl=es&amp;answer=95647\" target=\"_blank\" rel=\"noopener\">http:\/\/support.google.com\/chrome\/bin\/answer.py?hl=es&amp;answer=95647<\/a><\/p>\n<p class=\"western\">Firefox:\u00a0<a href=\"http:\/\/support.mozilla.org\/es\/kb\/habilitar-y-deshabilitar-cookies-que-los-sitios-we\" target=\"_blank\" rel=\"noopener\">http:\/\/support.mozilla.org\/es\/kb\/habilitar-y-deshabilitar-cookies-que-los-sitios-we<\/a><\/p>\n<p class=\"western\">Safari:\u00a0<a href=\"http:\/\/support.apple.com\/kb\/ph5042\" target=\"_blank\" rel=\"noopener\">http:\/\/support.apple.com\/kb\/ph5042<\/a><\/p>\n<p>&nbsp;<\/p>\n<h2 class=\"western\">\u00bfD\u00f3nde puedo ejercitar mis derechos?<\/h2>\n<p class=\"western\">El ejercicio de derechos deber\u00e1 efectuarse por escrito dirigi\u00e9ndose a la direcci\u00f3n o a trav\u00e9s del correo electr\u00f3nico indicado al inicio de esta pol\u00edtica. As\u00ed mismo, ponemos a su disposici\u00f3n modelos para su ejercicio, que pueden solicitarse en nuestras instalaciones o a la direcci\u00f3n de correo electr\u00f3nico indicada al inicio de esta pol\u00edtica. Para m\u00e1s informaci\u00f3n: <a href=\"http:\/\/www.agpd.es\/\" target=\"_blank\" rel=\"noopener\">www.agpd.es<\/a>.<\/p>\n<p>&nbsp;<\/p>\n<h2 class=\"western\">\u00bfC\u00f3mo puedo realizar una reclamaci\u00f3n ante la Autoridad de Control?<\/h2>\n<p class=\"western\">En el caso de que no se hayan respetado sus derechos puede presentar una reclamaci\u00f3n dirigi\u00e9ndose por escrito a la Agencia Espa\u00f1ola de Protecci\u00f3n de Datos sita en la calle Jorge Juan, 6-28001-Madrid o utilizar la sede electr\u00f3nica: <a href=\"https:\/\/sedeagpd.gob\/\" target=\"_blank\" rel=\"noopener\">https:\/\/sedeagpd.gob<\/a>. En ambos casos, deber\u00e1 acompa\u00f1ar la documentaci\u00f3n pertinente.<\/p>\n<p><\/p>","protected":false},"excerpt":{"rendered":"<p>\u00bfQui\u00e9n es el Responsable del tratamiento? ALGALIA, SOCIEDADE COOPERATIVA GALEGA NIF: F36859395 Direcci\u00f3n: Calle Fais\u00e1n 7 Entlo A, 36205 Vigo Pontevedra. Tel\u00e9fono: 986379587 Correo electr\u00f3nico: algalia@algalia.com &nbsp; \u00bfQu\u00e9 son las Cookies? Una cookie es un fichero que se descarga en tu ordenador al acceder a determinadas p\u00e1ginas web. Las cookies permiten a una p\u00e1gina web, [&hellip;]<\/p>\n","protected":false},"author":1,"featured_media":0,"parent":0,"menu_order":0,"comment_status":"closed","ping_status":"closed","template":"","meta":[],"_links":{"self":[{"href":"https:\/\/algalia.com\/es\/wp-json\/wp\/v2\/pages\/10546"}],"collection":[{"href":"https:\/\/algalia.com\/es\/wp-json\/wp\/v2\/pages"}],"about":[{"href":"https:\/\/algalia.com\/es\/wp-json\/wp\/v2\/types\/page"}],"author":[{"embeddable":true,"href":"https:\/\/algalia.com\/es\/wp-json\/wp\/v2\/users\/1"}],"replies":[{"embeddable":true,"href":"https:\/\/algalia.com\/es\/wp-json\/wp\/v2\/comments?post=10546"}],"version-history":[{"count":32,"href":"https:\/\/algalia.com\/es\/wp-json\/wp\/v2\/pages\/10546\/revisions"}],"predecessor-version":[{"id":10687,"href":"https:\/\/algalia.com\/es\/wp-json\/wp\/v2\/pages\/10546\/revisions\/10687"}],"wp:attachment":[{"href":"https:\/\/algalia.com\/es\/wp-json\/wp\/v2\/media?parent=10546"}],"curies":[{"name":"wp","href":"https:\/\/api.w.org\/{rel}","templated":true}]}}